{"id":8498,"date":"2025-05-26T11:56:31","date_gmt":"2025-05-26T09:56:31","guid":{"rendered":"https:\/\/domaineduchatelard.com\/?page_id=8498"},"modified":"2025-05-26T11:56:32","modified_gmt":"2025-05-26T09:56:32","slug":"holidays","status":"publish","type":"page","link":"https:\/\/domaineduchatelard.com\/en\/holidays\/","title":{"rendered":"Holidays"},"content":{"rendered":"  <div class=\"slideshow row\">\n    <div id=\"slideshow-block_6b18bbc4285be220ac943dd36ddb394d\" class=\"carousel slide \" data-ride=\"carousel\">\n      <div class=\"carousel-inner\">\n                                          <div class=\"carousel-item active\" >\n              <img decoding=\"async\" src=\"https:\/\/domaineduchatelard.com\/wp-content\/uploads\/2023\/05\/20230502_090615-scaled.jpg\"\n              sizes=\"100vw\"\n              srcset=\"https:\/\/domaineduchatelard.com\/wp-content\/uploads\/2023\/05\/20230502_090615-scaled.jpg 2560w,\n              https:\/\/domaineduchatelard.com\/wp-content\/uploads\/2023\/05\/20230502_090615-1024x768.jpg 1024w,\n              https:\/\/domaineduchatelard.com\/wp-content\/uploads\/2023\/05\/20230502_090615-768x576.jpg 768w\"\n              alt=\"\">\n                              <div class=\"carousel-caption d-none d-md-block\">\n                  <h2 class=\"title\">Holidays<\/h2>\n                  <p><\/p>\n                <\/div>\n                          <\/div>\n                                    <div class=\"carousel-item \" >\n              <img decoding=\"async\" src=\"https:\/\/domaineduchatelard.com\/wp-content\/uploads\/2023\/04\/chambre-12-2-scaled.jpg\"\n              sizes=\"100vw\"\n              srcset=\"https:\/\/domaineduchatelard.com\/wp-content\/uploads\/2023\/04\/chambre-12-2-scaled.jpg 2560w,\n              https:\/\/domaineduchatelard.com\/wp-content\/uploads\/2023\/04\/chambre-12-2-1024x462.jpg 1024w,\n              https:\/\/domaineduchatelard.com\/wp-content\/uploads\/2023\/04\/chambre-12-2-768x346.jpg 768w\"\n              alt=\"\">\n                          <\/div>\n                              <\/div>\n        <div class=\"carousel-ctrl\">\n<a class=\"carousel-control-prev\" aria-label=\"Show previous slide\" href=\"#slideshow-block_6b18bbc4285be220ac943dd36ddb394d\" role=\"button\" data-slide=\"prev\"><span class=\"arrowl\"><\/span><\/a>\n<a class=\"carousel-control-next\" aria-label=\"Show next slide\" href=\"#slideshow-block_6b18bbc4285be220ac943dd36ddb394d\" role=\"button\" data-slide=\"next\"><span class=\"arrowr\"><\/span><\/a>\n<\/div>\n                  <ol class=\"carousel-indicators\">\n                                      <li data-target=\"#slideshow-block_6b18bbc4285be220ac943dd36ddb394d\" data-slide-to=\"0\" class=\"active\"><\/li>\n                          <li data-target=\"#slideshow-block_6b18bbc4285be220ac943dd36ddb394d\" data-slide-to=\"1\" class=\"\"><\/li>\n                      <\/ol>\n              <\/div>\n      <!-- <?php\/\/ if($nb_slide > 1):?>\n      <ol class=\"carousel-indicators\"><\/ol>\n       -->\n  <\/div>\n\n\n\n<div style=\"height:55px\" aria-hidden=\"true\" class=\"wp-block-spacer\"><\/div>\n\n\n\n<h3 class=\"wp-block-heading\">Staying at the Domaine<\/h3>\n\n\n\n<p>Treat yourself to an interlude of calm and beauty in the heart of nature. Domaine du Chatelard is now available to rent for unforgettable private stays.<\/p>\n\n\n\n<p>Enjoy a character house with<strong> 6 or more bedrooms (up to 12 people)<\/strong>, unspoilt surroundings and top-of-the-range comfort, ideal for vacations with family or friends.<\/p>\n\n\n\n<p><strong>From \u20ac2,000 \/ night<br>Minimum 3-night stay in high season<br>Deposit: \u20ac1,000<\/strong><\/p>\n\n\n\n<p>An exceptional place, just for you.<\/p>\n","protected":false},"excerpt":{"rendered":"<p>Staying at the Domaine Treat yourself to an interlude of calm and beauty in the heart of nature. Domaine du Chatelard is now available to rent for unforgettable private stays. Enjoy a character house with 6 or more bedrooms (up to 12 people), unspoilt surroundings and top-of-the-range comfort, ideal for vacations with family or friends. [&hellip;]<\/p>\n","protected":false},"author":1,"featured_media":0,"parent":0,"menu_order":0,"comment_status":"closed","ping_status":"closed","template":"","meta":{"_acf_changed":false,"footnotes":""},"class_list":["post-8498","page","type-page","status-publish","hentry"],"acf":[],"yoast_head":"<!-- This site is optimized with the Yoast SEO plugin v23.7 - https:\/\/yoast.com\/wordpress\/plugins\/seo\/ -->\n<title>Holidays - Domaine du Ch\u00e2telard - Hotel restaurant Angoul\u00eame<\/title>\n<meta name=\"description\" content=\"Staying at the Domaine Treat yourself to an interlude of calm and beauty in the heart of nature. Domaine du Chatelard is now available to rent for\" \/>\n<meta name=\"robots\" content=\"index, follow, max-snippet:-1, max-image-preview:large, max-video-preview:-1\" \/>\n<link rel=\"canonical\" href=\"https:\/\/domaineduchatelard.com\/en\/holidays\/\" \/>\n<meta property=\"og:locale\" content=\"en_US\" \/>\n<meta property=\"og:type\" content=\"article\" \/>\n<meta property=\"og:title\" content=\"Holidays - Domaine du Ch\u00e2telard - Hotel restaurant Angoul\u00eame\" \/>\n<meta property=\"og:description\" content=\"Staying at the Domaine Treat yourself to an interlude of calm and beauty in the heart of nature. Domaine du Chatelard is now available to rent for\" \/>\n<meta property=\"og:url\" content=\"https:\/\/domaineduchatelard.com\/en\/holidays\/\" \/>\n<meta property=\"og:site_name\" content=\"Domaine du Ch\u00e2telard\" \/>\n<meta property=\"article:publisher\" content=\"https:\/\/www.facebook.com\/domaineduchatelard\/\" \/>\n<meta property=\"article:modified_time\" content=\"2025-05-26T09:56:32+00:00\" \/>\n<meta name=\"twitter:card\" content=\"summary_large_image\" \/>\n<meta name=\"twitter:label1\" content=\"Est. reading time\" \/>\n\t<meta name=\"twitter:data1\" content=\"1 minute\" \/>\n<script type=\"application\/ld+json\" class=\"yoast-schema-graph\">{\"@context\":\"https:\/\/schema.org\",\"@graph\":[{\"@type\":\"WebPage\",\"@id\":\"https:\/\/domaineduchatelard.com\/en\/holidays\/\",\"url\":\"https:\/\/domaineduchatelard.com\/en\/holidays\/\",\"name\":\"Holidays - Domaine du Ch\u00e2telard - Hotel restaurant Angoul\u00eame\",\"isPartOf\":{\"@id\":\"https:\/\/domaineduchatelard.com\/#website\"},\"datePublished\":\"2025-05-26T09:56:31+00:00\",\"dateModified\":\"2025-05-26T09:56:32+00:00\",\"description\":\"Staying at the Domaine Treat yourself to an interlude of calm and beauty in the heart of nature. Domaine du Chatelard is now available to rent for\",\"breadcrumb\":{\"@id\":\"https:\/\/domaineduchatelard.com\/en\/holidays\/#breadcrumb\"},\"inLanguage\":\"en-US\",\"potentialAction\":[{\"@type\":\"ReadAction\",\"target\":[\"https:\/\/domaineduchatelard.com\/en\/holidays\/\"]}]},{\"@type\":\"BreadcrumbList\",\"@id\":\"https:\/\/domaineduchatelard.com\/en\/holidays\/#breadcrumb\",\"itemListElement\":[{\"@type\":\"ListItem\",\"position\":1,\"name\":\"Accueil\",\"item\":\"https:\/\/domaineduchatelard.com\/en\/\"},{\"@type\":\"ListItem\",\"position\":2,\"name\":\"Holidays\"}]},{\"@type\":\"WebSite\",\"@id\":\"https:\/\/domaineduchatelard.com\/#website\",\"url\":\"https:\/\/domaineduchatelard.com\/\",\"name\":\"Domaine du Ch\u00e2telard - H\u00f4tel restaurant Angoul\u00eame\",\"description\":\"Hotel restaurant Angoul\u00eame\",\"alternateName\":\"DDCH\",\"potentialAction\":[{\"@type\":\"SearchAction\",\"target\":{\"@type\":\"EntryPoint\",\"urlTemplate\":\"https:\/\/domaineduchatelard.com\/?s={search_term_string}\"},\"query-input\":{\"@type\":\"PropertyValueSpecification\",\"valueRequired\":true,\"valueName\":\"search_term_string\"}}],\"inLanguage\":\"en-US\"}]}<\/script>\n<!-- \/ Yoast SEO plugin. -->","yoast_head_json":{"title":"Holidays - Domaine du Ch\u00e2telard - Hotel restaurant Angoul\u00eame","description":"Staying at the Domaine Treat yourself to an interlude of calm and beauty in the heart of nature. Domaine du Chatelard is now available to rent for","robots":{"index":"index","follow":"follow","max-snippet":"max-snippet:-1","max-image-preview":"max-image-preview:large","max-video-preview":"max-video-preview:-1"},"canonical":"https:\/\/domaineduchatelard.com\/en\/holidays\/","og_locale":"en_US","og_type":"article","og_title":"Holidays - Domaine du Ch\u00e2telard - Hotel restaurant Angoul\u00eame","og_description":"Staying at the Domaine Treat yourself to an interlude of calm and beauty in the heart of nature. Domaine du Chatelard is now available to rent for","og_url":"https:\/\/domaineduchatelard.com\/en\/holidays\/","og_site_name":"Domaine du Ch\u00e2telard","article_publisher":"https:\/\/www.facebook.com\/domaineduchatelard\/","article_modified_time":"2025-05-26T09:56:32+00:00","twitter_card":"summary_large_image","twitter_misc":{"Est. reading time":"1 minute"},"schema":{"@context":"https:\/\/schema.org","@graph":[{"@type":"WebPage","@id":"https:\/\/domaineduchatelard.com\/en\/holidays\/","url":"https:\/\/domaineduchatelard.com\/en\/holidays\/","name":"Holidays - Domaine du Ch\u00e2telard - Hotel restaurant Angoul\u00eame","isPartOf":{"@id":"https:\/\/domaineduchatelard.com\/#website"},"datePublished":"2025-05-26T09:56:31+00:00","dateModified":"2025-05-26T09:56:32+00:00","description":"Staying at the Domaine Treat yourself to an interlude of calm and beauty in the heart of nature. Domaine du Chatelard is now available to rent for","breadcrumb":{"@id":"https:\/\/domaineduchatelard.com\/en\/holidays\/#breadcrumb"},"inLanguage":"en-US","potentialAction":[{"@type":"ReadAction","target":["https:\/\/domaineduchatelard.com\/en\/holidays\/"]}]},{"@type":"BreadcrumbList","@id":"https:\/\/domaineduchatelard.com\/en\/holidays\/#breadcrumb","itemListElement":[{"@type":"ListItem","position":1,"name":"Accueil","item":"https:\/\/domaineduchatelard.com\/en\/"},{"@type":"ListItem","position":2,"name":"Holidays"}]},{"@type":"WebSite","@id":"https:\/\/domaineduchatelard.com\/#website","url":"https:\/\/domaineduchatelard.com\/","name":"Domaine du Ch\u00e2telard - H\u00f4tel restaurant Angoul\u00eame","description":"Hotel restaurant Angoul\u00eame","alternateName":"DDCH","potentialAction":[{"@type":"SearchAction","target":{"@type":"EntryPoint","urlTemplate":"https:\/\/domaineduchatelard.com\/?s={search_term_string}"},"query-input":{"@type":"PropertyValueSpecification","valueRequired":true,"valueName":"search_term_string"}}],"inLanguage":"en-US"}]}},"_links":{"self":[{"href":"https:\/\/domaineduchatelard.com\/en\/wp-json\/wp\/v2\/pages\/8498"}],"collection":[{"href":"https:\/\/domaineduchatelard.com\/en\/wp-json\/wp\/v2\/pages"}],"about":[{"href":"https:\/\/domaineduchatelard.com\/en\/wp-json\/wp\/v2\/types\/page"}],"author":[{"embeddable":true,"href":"https:\/\/domaineduchatelard.com\/en\/wp-json\/wp\/v2\/users\/1"}],"replies":[{"embeddable":true,"href":"https:\/\/domaineduchatelard.com\/en\/wp-json\/wp\/v2\/comments?post=8498"}],"version-history":[{"count":1,"href":"https:\/\/domaineduchatelard.com\/en\/wp-json\/wp\/v2\/pages\/8498\/revisions"}],"predecessor-version":[{"id":8499,"href":"https:\/\/domaineduchatelard.com\/en\/wp-json\/wp\/v2\/pages\/8498\/revisions\/8499"}],"wp:attachment":[{"href":"https:\/\/domaineduchatelard.com\/en\/wp-json\/wp\/v2\/media?parent=8498"}],"curies":[{"name":"wp","href":"https:\/\/api.w.org\/{rel}","templated":true}]}}