{"id":8493,"date":"2025-05-26T11:53:41","date_gmt":"2025-05-26T09:53:41","guid":{"rendered":"https:\/\/domaineduchatelard.com\/?page_id=8493"},"modified":"2025-05-26T11:53:41","modified_gmt":"2025-05-26T09:53:41","slug":"the-mansion","status":"publish","type":"page","link":"https:\/\/domaineduchatelard.com\/en\/the-mansion\/","title":{"rendered":"The Mansion"},"content":{"rendered":"\n<p>Nestled in 80 hectares of woods and meadows, Domaine du Ch\u00e2telard in Dirac is an 18th-century manor house overlooking a private lake, where you are welcomed as if at home, in all simplicity and authenticity.<\/p>\n\n\n\n<div style=\"height:50px\" aria-hidden=\"true\" class=\"wp-block-spacer\"><\/div>\n\n\n\n<style>\n\n\/* The Modal (background) *\/\n.modal-lightbox {\n  display: none;\n  position: fixed;\n  z-index: 9999;\n  padding: 6% 0;\n  left: 0;\n  top: 0;\n  width: 100%;\n  height: 100%;\n  overflow: hidden;\n  background-color: rgba(0,0,0,0.9);\n}\n\n\/* lightbox Content *\/\n.modal-lightbox-content {\n  position: relative;\n  display: flex;\n  align-items: center;\n  justify-content: center;\n  margin: auto;\n  padding: 0;\n  width: 90%;\n  height: 66.6vh;\n  max-width: 1200px;\n}\n\n.gallery-thumbs{\n  display: flex;\n  padding-left: 0;\n  list-style: none;\n  flex-wrap: wrap;\n  flex-direction: row;\n  margin: auto;\n  margin-top: 2px;\n  justify-content: center;\n  width: 90%;\n  max-width: 1200px;\n}\n.gallery-thumbs li{\n  display: flex;\n  flex: 1;\n  flex-direction: column;\n  text-align: center;\n  margin: 4px;\n}\n.gallery-thumbs li img{\n  width: 100%;\n  object-fit: cover;\n  max-width: 100px;\n  max-height: 100px;\n  height: 100%;\n}\n\n\n\n\/* The Close Button *\/\n.close {\n  color: var(--white)!important;\n  position: absolute;\n  top: 10px;\n  right: 25px;\n  font-size: 50px;\n  opacity: .7;\n  font-weight: 100;\n}\n\n.close:hover,.close:focus {\n  cursor: pointer;\n  opacity: .4;\n}\n\n.mySlides {\n  display: none;\n}\n\n.mySlides img{\n  width: auto;\n  object-fit: cover;\n  max-width: 100%;\n  max-height: 100%;\n}\n\n.cursor {\n  cursor: pointer;\n}\n\n\/* Next & previous buttons *\/\n.modal-lightbox .carousel-ctrl {\n    position: absolute;\n    top: 50%;\n    left: 0;\n    width: 100%;\n    display: flex;\n    flex-direction: row;\n    transform: translate(0,-50%);\n    z-index: 10;\n}\n\n.modal-lightbox .carousel-ctrl span:last-child{\n  margin-right: 0;\n}\n.modal-lightbox .carousel-ctrl > span {\n    display: flex;\n    position: relative;\n    width: 30px;\n    height: 30px;\n    margin-right: auto;\n    background: 0 0;\n    opacity: .8;\n}\n.modal-lightbox .carousel-ctrl span span{\n  position: absolute;\n      top: 50%;\n      left: 50%;\n      width: 25px;\n      height: 25px;\n      z-index: 5;\n      border-top: 4px solid var(--white);\n      border-right: 4px solid var(--white);\n      cursor: pointer;\n}\n.modal-lightbox .carousel-ctrl .arrowl {\n    transform: translate(-35%,-50%) rotate(225deg);\n}\n.modal-lightbox .carousel-ctrl .arrowr {\n    transform: translate(-75%,-50%) rotate(45deg);\n}\n\n\/* Number text (1\/3 etc) *\/\n.numbertext {\n  color: #f2f2f2;\n  font-size: 12px;\n  padding: 8px 12px;\n  position: absolute;\n  top: 0;\n}\n\n.gimage {\n  margin-bottom: -4px;\n  width: 100%;\n  height: 100%;\n  max-height: 250px;\n  object-fit: cover;\n  object-position: center;\n}\n\n.demo {\n  opacity: 0.6!important;\n}\n\n.active,\n.demo:hover {\n  opacity: 1!important;\n}\n\nimg.hover-shadow {\n  transition: 0.3s;\n}\n\n.hover-shadow:hover {\n  box-shadow: 0 4px 8px 0 rgba(0, 0, 0, 0.2), 0 6px 20px 0 rgba(0, 0, 0, 0.19);\n}\n<\/style>\n\n<div class=\"container\">\n  <div class=\"row\">\n          <div class=\"col-md-4 col-lg-3 p-1\">\n        <img decoding=\"async\" class=\"gimage\" src=\"https:\/\/domaineduchatelard.com\/wp-content\/uploads\/2023\/09\/groupe-lunch-1024x768.jpg\" onclick=\"openModal();currentSlide(1)\" class=\"hover-shadow cursor\">\n      <\/div>\n          <div class=\"col-md-4 col-lg-3 p-1\">\n        <img decoding=\"async\" class=\"gimage\" src=\"https:\/\/domaineduchatelard.com\/wp-content\/uploads\/2023\/09\/accueil-cafe-1024x768.jpg\" onclick=\"openModal();currentSlide(2)\" class=\"hover-shadow cursor\">\n      <\/div>\n          <div class=\"col-md-4 col-lg-3 p-1\">\n        <img decoding=\"async\" class=\"gimage\" src=\"https:\/\/domaineduchatelard.com\/wp-content\/uploads\/2023\/09\/20230624_141553-1024x768.jpg\" onclick=\"openModal();currentSlide(3)\" class=\"hover-shadow cursor\">\n      <\/div>\n          <div class=\"col-md-4 col-lg-3 p-1\">\n        <img decoding=\"async\" class=\"gimage\" src=\"https:\/\/domaineduchatelard.com\/wp-content\/uploads\/2023\/09\/20230624_202210-1024x768.jpg\" onclick=\"openModal();currentSlide(4)\" class=\"hover-shadow cursor\">\n      <\/div>\n          <div class=\"col-md-4 col-lg-3 p-1\">\n        <img decoding=\"async\" class=\"gimage\" src=\"https:\/\/domaineduchatelard.com\/wp-content\/uploads\/2023\/12\/salle-seminaire-762x1024.jpg\" onclick=\"openModal();currentSlide(5)\" class=\"hover-shadow cursor\">\n      <\/div>\n          <div class=\"col-md-4 col-lg-3 p-1\">\n        <img decoding=\"async\" class=\"gimage\" src=\"https:\/\/domaineduchatelard.com\/wp-content\/uploads\/2024\/02\/20201004_115458-3-768x1024.jpg\" onclick=\"openModal();currentSlide(6)\" class=\"hover-shadow cursor\">\n      <\/div>\n          <div class=\"col-md-4 col-lg-3 p-1\">\n        <img decoding=\"async\" class=\"gimage\" src=\"https:\/\/domaineduchatelard.com\/wp-content\/uploads\/2024\/06\/Ponton-1024x768.jpg\" onclick=\"openModal();currentSlide(7)\" class=\"hover-shadow cursor\">\n      <\/div>\n          <div class=\"col-md-4 col-lg-3 p-1\">\n        <img decoding=\"async\" class=\"gimage\" src=\"https:\/\/domaineduchatelard.com\/wp-content\/uploads\/2024\/06\/Cour-soleil-2-1024x768.jpg\" onclick=\"openModal();currentSlide(8)\" class=\"hover-shadow cursor\">\n      <\/div>\n          <div class=\"col-md-4 col-lg-3 p-1\">\n        <img decoding=\"async\" class=\"gimage\" src=\"https:\/\/domaineduchatelard.com\/wp-content\/uploads\/2024\/06\/piscine-soir-2-768x1024.jpg\" onclick=\"openModal();currentSlide(9)\" class=\"hover-shadow cursor\">\n      <\/div>\n          <div class=\"col-md-4 col-lg-3 p-1\">\n        <img decoding=\"async\" class=\"gimage\" src=\"https:\/\/domaineduchatelard.com\/wp-content\/uploads\/2024\/06\/Tennis-piscine-768x1024.jpg\" onclick=\"openModal();currentSlide(10)\" class=\"hover-shadow cursor\">\n      <\/div>\n      <\/div>\n<\/div>\n\n\n<div id=\"myModal\" class=\"modal-lightbox \">\n  <span class=\"close cursor\" onclick=\"closeModal()\">&times;<\/span>\n  <div class=\"modal-lightbox-content\">\n        \n      <div class=\"mySlides\">\n        <div class=\"numbertext\">1 \/ 10<\/div>\n        <img decoding=\"async\" src=\"https:\/\/domaineduchatelard.com\/wp-content\/uploads\/2023\/09\/groupe-lunch-1024x768.jpg\" style=\"max-height:66.6vh;\">\n      <\/div>\n      \n      <div class=\"mySlides\">\n        <div class=\"numbertext\">2 \/ 10<\/div>\n        <img decoding=\"async\" src=\"https:\/\/domaineduchatelard.com\/wp-content\/uploads\/2023\/09\/accueil-cafe-1024x768.jpg\" style=\"max-height:66.6vh;\">\n      <\/div>\n      \n      <div class=\"mySlides\">\n        <div class=\"numbertext\">3 \/ 10<\/div>\n        <img decoding=\"async\" src=\"https:\/\/domaineduchatelard.com\/wp-content\/uploads\/2023\/09\/20230624_141553-1024x768.jpg\" style=\"max-height:66.6vh;\">\n      <\/div>\n      \n      <div class=\"mySlides\">\n        <div class=\"numbertext\">4 \/ 10<\/div>\n        <img decoding=\"async\" src=\"https:\/\/domaineduchatelard.com\/wp-content\/uploads\/2023\/09\/20230624_202210-1024x768.jpg\" style=\"max-height:66.6vh;\">\n      <\/div>\n      \n      <div class=\"mySlides\">\n        <div class=\"numbertext\">5 \/ 10<\/div>\n        <img decoding=\"async\" src=\"https:\/\/domaineduchatelard.com\/wp-content\/uploads\/2023\/12\/salle-seminaire-762x1024.jpg\" style=\"max-height:66.6vh;\">\n      <\/div>\n      \n      <div class=\"mySlides\">\n        <div class=\"numbertext\">6 \/ 10<\/div>\n        <img decoding=\"async\" src=\"https:\/\/domaineduchatelard.com\/wp-content\/uploads\/2024\/02\/20201004_115458-3-768x1024.jpg\" style=\"max-height:66.6vh;\">\n      <\/div>\n      \n      <div class=\"mySlides\">\n        <div class=\"numbertext\">7 \/ 10<\/div>\n        <img decoding=\"async\" src=\"https:\/\/domaineduchatelard.com\/wp-content\/uploads\/2024\/06\/Ponton-1024x768.jpg\" style=\"max-height:66.6vh;\">\n      <\/div>\n      \n      <div class=\"mySlides\">\n        <div class=\"numbertext\">8 \/ 10<\/div>\n        <img decoding=\"async\" src=\"https:\/\/domaineduchatelard.com\/wp-content\/uploads\/2024\/06\/Cour-soleil-2-1024x768.jpg\" style=\"max-height:66.6vh;\">\n      <\/div>\n      \n      <div class=\"mySlides\">\n        <div class=\"numbertext\">9 \/ 10<\/div>\n        <img decoding=\"async\" src=\"https:\/\/domaineduchatelard.com\/wp-content\/uploads\/2024\/06\/piscine-soir-2-768x1024.jpg\" style=\"max-height:66.6vh;\">\n      <\/div>\n      \n      <div class=\"mySlides\">\n        <div class=\"numbertext\">10 \/ 10<\/div>\n        <img decoding=\"async\" src=\"https:\/\/domaineduchatelard.com\/wp-content\/uploads\/2024\/06\/Tennis-piscine-768x1024.jpg\" style=\"max-height:66.6vh;\">\n      <\/div>\n      \n\n      <div class=\"carousel-ctrl\">\n        <span class=\"carousel-control-prev\" onclick=\"plusSlides(-1)\"><span class=\"arrowl\"><\/span><\/span>\n        <span class=\"carousel-control-next\" onclick=\"plusSlides(1)\"><span class=\"arrowr\"><\/span><\/span>\n      <\/div>\n\n\n    <\/div>\n\n    <ol class=\"gallery-thumbs\">\n                    <li>\n          <img decoding=\"async\" class=\"demo cursor\" src=\"https:\/\/domaineduchatelard.com\/wp-content\/uploads\/2023\/09\/groupe-lunch-300x225.jpg\" onclick=\"currentSlide(1)\" alt=\"Nature and sunrise\">\n        <\/li>\n                <li>\n          <img decoding=\"async\" class=\"demo cursor\" src=\"https:\/\/domaineduchatelard.com\/wp-content\/uploads\/2023\/09\/accueil-cafe-300x225.jpg\" onclick=\"currentSlide(2)\" alt=\"Nature and sunrise\">\n        <\/li>\n                <li>\n          <img decoding=\"async\" class=\"demo cursor\" src=\"https:\/\/domaineduchatelard.com\/wp-content\/uploads\/2023\/09\/20230624_141553-300x225.jpg\" onclick=\"currentSlide(3)\" alt=\"Nature and sunrise\">\n        <\/li>\n                <li>\n          <img decoding=\"async\" class=\"demo cursor\" src=\"https:\/\/domaineduchatelard.com\/wp-content\/uploads\/2023\/09\/20230624_202210-300x225.jpg\" onclick=\"currentSlide(4)\" alt=\"Nature and sunrise\">\n        <\/li>\n                <li>\n          <img decoding=\"async\" class=\"demo cursor\" src=\"https:\/\/domaineduchatelard.com\/wp-content\/uploads\/2023\/12\/salle-seminaire-223x300.jpg\" onclick=\"currentSlide(5)\" alt=\"Nature and sunrise\">\n        <\/li>\n                <li>\n          <img decoding=\"async\" class=\"demo cursor\" src=\"https:\/\/domaineduchatelard.com\/wp-content\/uploads\/2024\/02\/20201004_115458-3-225x300.jpg\" onclick=\"currentSlide(6)\" alt=\"Nature and sunrise\">\n        <\/li>\n                <li>\n          <img decoding=\"async\" class=\"demo cursor\" src=\"https:\/\/domaineduchatelard.com\/wp-content\/uploads\/2024\/06\/Ponton-300x225.jpg\" onclick=\"currentSlide(7)\" alt=\"Nature and sunrise\">\n        <\/li>\n                <li>\n          <img decoding=\"async\" class=\"demo cursor\" src=\"https:\/\/domaineduchatelard.com\/wp-content\/uploads\/2024\/06\/Cour-soleil-2-300x225.jpg\" onclick=\"currentSlide(8)\" alt=\"Nature and sunrise\">\n        <\/li>\n                <li>\n          <img decoding=\"async\" class=\"demo cursor\" src=\"https:\/\/domaineduchatelard.com\/wp-content\/uploads\/2024\/06\/piscine-soir-2-225x300.jpg\" onclick=\"currentSlide(9)\" alt=\"Nature and sunrise\">\n        <\/li>\n                <li>\n          <img decoding=\"async\" class=\"demo cursor\" src=\"https:\/\/domaineduchatelard.com\/wp-content\/uploads\/2024\/06\/Tennis-piscine-225x300.jpg\" onclick=\"currentSlide(10)\" alt=\"Nature and sunrise\">\n        <\/li>\n              <\/ol>\n\n    <\/div>\n\n    <script>\n    function openModal() {\n      document.getElementById(\"myModal\").style.display = \"block\";\n    }\n\n    function closeModal() {\n      document.getElementById(\"myModal\").style.display = \"none\";\n    }\n\n    var slideIndex = 1;\n    showSlides(slideIndex);\n\n    function plusSlides(n) {\n      showSlides(slideIndex += n);\n    }\n\n    function currentSlide(n) {\n      showSlides(slideIndex = n);\n    }\n\n    function showSlides(n) {\n      var i;\n      var slides = document.getElementsByClassName(\"mySlides\");\n      var dots = document.getElementsByClassName(\"demo\");\n      if (n > slides.length) {slideIndex = 1}\n      if (n < 1) {slideIndex = slides.length}\n      for (i = 0; i < slides.length; i++) {\n        slides[i].style.display = \"none\";\n      }\n      for (i = 0; i < dots.length; i++) {\n        dots[i].className = dots[i].className.replace(\" active\", \"\");\n      }\n      slides[slideIndex-1].style.display = \"block\";\n      dots[slideIndex-1].className += \" active\";\n    }\n  <\/script>\n","protected":false},"excerpt":{"rendered":"<p>Nestled in 80 hectares of woods and meadows, Domaine du Ch\u00e2telard in Dirac is an 18th-century manor house overlooking a private lake, where you are welcomed as if at home, in all simplicity and authenticity.<\/p>\n","protected":false},"author":1,"featured_media":0,"parent":0,"menu_order":0,"comment_status":"closed","ping_status":"closed","template":"","meta":{"_acf_changed":false,"footnotes":""},"class_list":["post-8493","page","type-page","status-publish","hentry"],"acf":[],"yoast_head":"<!-- This site is optimized with the Yoast SEO plugin v23.7 - https:\/\/yoast.com\/wordpress\/plugins\/seo\/ -->\n<title>The Mansion - Domaine du Ch\u00e2telard - Hotel restaurant Angoul\u00eame<\/title>\n<meta name=\"description\" content=\"Nestled in 80 hectares of woods and meadows, Domaine du Ch\u00e2telard in Dirac is an 18th-century manor house overlooking a private lake, where you are\" \/>\n<meta name=\"robots\" content=\"index, follow, max-snippet:-1, max-image-preview:large, max-video-preview:-1\" \/>\n<link rel=\"canonical\" href=\"https:\/\/domaineduchatelard.com\/en\/the-mansion\/\" \/>\n<meta property=\"og:locale\" content=\"en_US\" \/>\n<meta property=\"og:type\" content=\"article\" \/>\n<meta property=\"og:title\" content=\"The Mansion - Domaine du Ch\u00e2telard - Hotel restaurant Angoul\u00eame\" \/>\n<meta property=\"og:description\" content=\"Nestled in 80 hectares of woods and meadows, Domaine du Ch\u00e2telard in Dirac is an 18th-century manor house overlooking a private lake, where you are\" \/>\n<meta property=\"og:url\" content=\"https:\/\/domaineduchatelard.com\/en\/the-mansion\/\" \/>\n<meta property=\"og:site_name\" content=\"Domaine du Ch\u00e2telard\" \/>\n<meta property=\"article:publisher\" content=\"https:\/\/www.facebook.com\/domaineduchatelard\/\" \/>\n<meta name=\"twitter:card\" content=\"summary_large_image\" \/>\n<meta name=\"twitter:label1\" content=\"Est. reading time\" \/>\n\t<meta name=\"twitter:data1\" content=\"1 minute\" \/>\n<script type=\"application\/ld+json\" class=\"yoast-schema-graph\">{\"@context\":\"https:\/\/schema.org\",\"@graph\":[{\"@type\":\"WebPage\",\"@id\":\"https:\/\/domaineduchatelard.com\/en\/the-mansion\/\",\"url\":\"https:\/\/domaineduchatelard.com\/en\/the-mansion\/\",\"name\":\"The Mansion - Domaine du Ch\u00e2telard - Hotel restaurant Angoul\u00eame\",\"isPartOf\":{\"@id\":\"https:\/\/domaineduchatelard.com\/#website\"},\"datePublished\":\"2025-05-26T09:53:41+00:00\",\"dateModified\":\"2025-05-26T09:53:41+00:00\",\"description\":\"Nestled in 80 hectares of woods and meadows, Domaine du Ch\u00e2telard in Dirac is an 18th-century manor house overlooking a private lake, where you are\",\"breadcrumb\":{\"@id\":\"https:\/\/domaineduchatelard.com\/en\/the-mansion\/#breadcrumb\"},\"inLanguage\":\"en-US\",\"potentialAction\":[{\"@type\":\"ReadAction\",\"target\":[\"https:\/\/domaineduchatelard.com\/en\/the-mansion\/\"]}]},{\"@type\":\"BreadcrumbList\",\"@id\":\"https:\/\/domaineduchatelard.com\/en\/the-mansion\/#breadcrumb\",\"itemListElement\":[{\"@type\":\"ListItem\",\"position\":1,\"name\":\"Accueil\",\"item\":\"https:\/\/domaineduchatelard.com\/en\/\"},{\"@type\":\"ListItem\",\"position\":2,\"name\":\"The Mansion\"}]},{\"@type\":\"WebSite\",\"@id\":\"https:\/\/domaineduchatelard.com\/#website\",\"url\":\"https:\/\/domaineduchatelard.com\/\",\"name\":\"Domaine du Ch\u00e2telard - H\u00f4tel restaurant Angoul\u00eame\",\"description\":\"Hotel restaurant Angoul\u00eame\",\"alternateName\":\"DDCH\",\"potentialAction\":[{\"@type\":\"SearchAction\",\"target\":{\"@type\":\"EntryPoint\",\"urlTemplate\":\"https:\/\/domaineduchatelard.com\/?s={search_term_string}\"},\"query-input\":{\"@type\":\"PropertyValueSpecification\",\"valueRequired\":true,\"valueName\":\"search_term_string\"}}],\"inLanguage\":\"en-US\"}]}<\/script>\n<!-- \/ Yoast SEO plugin. -->","yoast_head_json":{"title":"The Mansion - Domaine du Ch\u00e2telard - Hotel restaurant Angoul\u00eame","description":"Nestled in 80 hectares of woods and meadows, Domaine du Ch\u00e2telard in Dirac is an 18th-century manor house overlooking a private lake, where you are","robots":{"index":"index","follow":"follow","max-snippet":"max-snippet:-1","max-image-preview":"max-image-preview:large","max-video-preview":"max-video-preview:-1"},"canonical":"https:\/\/domaineduchatelard.com\/en\/the-mansion\/","og_locale":"en_US","og_type":"article","og_title":"The Mansion - Domaine du Ch\u00e2telard - Hotel restaurant Angoul\u00eame","og_description":"Nestled in 80 hectares of woods and meadows, Domaine du Ch\u00e2telard in Dirac is an 18th-century manor house overlooking a private lake, where you are","og_url":"https:\/\/domaineduchatelard.com\/en\/the-mansion\/","og_site_name":"Domaine du Ch\u00e2telard","article_publisher":"https:\/\/www.facebook.com\/domaineduchatelard\/","twitter_card":"summary_large_image","twitter_misc":{"Est. reading time":"1 minute"},"schema":{"@context":"https:\/\/schema.org","@graph":[{"@type":"WebPage","@id":"https:\/\/domaineduchatelard.com\/en\/the-mansion\/","url":"https:\/\/domaineduchatelard.com\/en\/the-mansion\/","name":"The Mansion - Domaine du Ch\u00e2telard - Hotel restaurant Angoul\u00eame","isPartOf":{"@id":"https:\/\/domaineduchatelard.com\/#website"},"datePublished":"2025-05-26T09:53:41+00:00","dateModified":"2025-05-26T09:53:41+00:00","description":"Nestled in 80 hectares of woods and meadows, Domaine du Ch\u00e2telard in Dirac is an 18th-century manor house overlooking a private lake, where you are","breadcrumb":{"@id":"https:\/\/domaineduchatelard.com\/en\/the-mansion\/#breadcrumb"},"inLanguage":"en-US","potentialAction":[{"@type":"ReadAction","target":["https:\/\/domaineduchatelard.com\/en\/the-mansion\/"]}]},{"@type":"BreadcrumbList","@id":"https:\/\/domaineduchatelard.com\/en\/the-mansion\/#breadcrumb","itemListElement":[{"@type":"ListItem","position":1,"name":"Accueil","item":"https:\/\/domaineduchatelard.com\/en\/"},{"@type":"ListItem","position":2,"name":"The Mansion"}]},{"@type":"WebSite","@id":"https:\/\/domaineduchatelard.com\/#website","url":"https:\/\/domaineduchatelard.com\/","name":"Domaine du Ch\u00e2telard - H\u00f4tel restaurant Angoul\u00eame","description":"Hotel restaurant Angoul\u00eame","alternateName":"DDCH","potentialAction":[{"@type":"SearchAction","target":{"@type":"EntryPoint","urlTemplate":"https:\/\/domaineduchatelard.com\/?s={search_term_string}"},"query-input":{"@type":"PropertyValueSpecification","valueRequired":true,"valueName":"search_term_string"}}],"inLanguage":"en-US"}]}},"_links":{"self":[{"href":"https:\/\/domaineduchatelard.com\/en\/wp-json\/wp\/v2\/pages\/8493"}],"collection":[{"href":"https:\/\/domaineduchatelard.com\/en\/wp-json\/wp\/v2\/pages"}],"about":[{"href":"https:\/\/domaineduchatelard.com\/en\/wp-json\/wp\/v2\/types\/page"}],"author":[{"embeddable":true,"href":"https:\/\/domaineduchatelard.com\/en\/wp-json\/wp\/v2\/users\/1"}],"replies":[{"embeddable":true,"href":"https:\/\/domaineduchatelard.com\/en\/wp-json\/wp\/v2\/comments?post=8493"}],"version-history":[{"count":1,"href":"https:\/\/domaineduchatelard.com\/en\/wp-json\/wp\/v2\/pages\/8493\/revisions"}],"predecessor-version":[{"id":8494,"href":"https:\/\/domaineduchatelard.com\/en\/wp-json\/wp\/v2\/pages\/8493\/revisions\/8494"}],"wp:attachment":[{"href":"https:\/\/domaineduchatelard.com\/en\/wp-json\/wp\/v2\/media?parent=8493"}],"curies":[{"name":"wp","href":"https:\/\/api.w.org\/{rel}","templated":true}]}}