{"id":3869,"date":"2020-06-30T16:42:27","date_gmt":"2020-06-30T14:42:27","guid":{"rendered":"https:\/\/domaineduchatelard.com\/?page_id=3869"},"modified":"2020-09-22T14:30:13","modified_gmt":"2020-09-22T12:30:13","slug":"cookies-policy","status":"publish","type":"page","link":"https:\/\/domaineduchatelard.com\/en\/cookies-policy\/","title":{"rendered":"Cookies Policy"},"content":{"rendered":"\n<h2 class=\"wp-block-heading\">1. What&#8217;s a &#8220;cookie&#8221; ?<\/h2>\n\n\n\n<pre id=\"tw-target-text\" class=\"wp-block-preformatted\">\n\n\nA cookie (or connection witness) is defined by the HTTP communication protocol as being a series of information sent by an HTTP server to an HTTP client, which the latter returns during each query of the same HTTP server under certain conditions.<\/pre>\n\n\n\n<p>Le cookie est l\u2019\u00e9quivalent d\u2019un fichier texte de petite taille, stock\u00e9 sur le terminal de l\u2019internaute.<\/p>\n\n\n\n<p>Il est envoy\u00e9 en tant qu\u2019en-t\u00eate HTTP par le serveur web au navigateur web qui le renvoie inchang\u00e9 \u00e0 chaque fois qu\u2019il acc\u00e8de au serveur.<\/p>\n\n\n\n<p>Un cookie peut \u00eatre utilis\u00e9 pour une authentification, une session (maintenance d\u2019\u00e9tat), et pour stocker une information sp\u00e9cifique sur l\u2019utilisateur, comme les pr\u00e9f\u00e9rences d\u2019un site ou le contenu d\u2019un panier d\u2019achat \u00e9lectronique.<\/p>\n\n\n\n<p>\u00c9tant g\u00e9n\u00e9ralement stock\u00e9s sous forme de simples fichier texte, les cookies ne sont pas ex\u00e9cutables. Ils ne sont ni des logiciels espions ni des virus.<\/p>\n\n\n\n<p>La plupart des navigateurs r\u00e9cents permettent aux utilisateurs de d\u00e9cider s\u2019ils acceptent ou rejettent les cookies. Les utilisateurs peuvent aussi choisir la dur\u00e9e de stockage des cookies. Toutefois, le rejet complet des cookies rend certains sites inutilisables. Par exemple, les paniers d\u2019achat de magasins ou les sites qui exigent une connexion \u00e0 un espace client par exemple. Source : <a href=\"http:\/\/www.wikipedia.org\" target=\"_blank\" rel=\"noreferrer noopener\" aria-label=\" (s\u2019ouvre dans un nouvel onglet)\">www.wikipedia.org<\/a> .<\/p>\n\n\n\n<h2 class=\"wp-block-heading\">2. Utilisation des \u00abcookies\u00bb sur notre site<\/h2>\n\n\n\n<p>A chaque connexion \u00e0 notre site, sous r\u00e9serve de vos choix, divers cookies sont susceptibles d\u2019\u00eatre install\u00e9s dans votre terminal afin de nous permettre de reconnaitre le navigateur internet utilis\u00e9 par exemple.<\/p>\n\n\n\n<p>Ce sont des cookies li\u00e9s au fonctionnement m\u00eame du site internet.<\/p>\n\n\n\n<p>Ces cookies permettent :<\/p>\n\n\n\n<p>\u2013 la g\u00e9n\u00e9ration de statistiques d\u2019utilisation des \u00e9l\u00e9ments pr\u00e9sents sur notre site (rubriques, sous-rubriques, produits, services etc\u2026) afin d\u2019am\u00e9liorer au quotidien l\u2019exp\u00e9rience de votre visite.<\/p>\n\n\n\n<p>\u2013 l\u2019adaptation de l\u2019ergonomie et de l\u2019UX design de notre site aux pr\u00e9f\u00e9rences d\u2019affichage de votre terminal (langue d\u2019utilisation, r\u00e9solution d\u2019affichage etc\u2026) lors de votre navigation.<\/p>\n\n\n\n<p>\u2013 l\u2019association de vos coordonn\u00e9es ou donn\u00e9es personnelles et des informations de navigation lors de votre inscription ou de l\u2019acc\u00e8s \u00e0 nos produits et services, afin de vous adresser, des courriels susceptibles de vous int\u00e9resser.<\/p>\n\n\n\n<p>\u2013 L\u2019enregistrement par votre navigateur internet d\u2019informations relatives \u00e0 un formulaire que vous avez rempli sur notre site (inscription ou acc\u00e8s \u00e0 un espace client par exemple) ou \u00e0 nos produits et services (service souscrit ou les d\u00e9tails d\u2019une r\u00e9servation par exemple).<\/p>\n\n\n\n<p>\u2013 L\u2019acc\u00e8s \u00e0 des espaces de navigation r\u00e9serv\u00e9s sur notre site internet tel qu\u2019un espace client par exemple, via des identifiants et donn\u00e9es que vous nous avez confi\u00e9s ult\u00e9rieurement.<\/p>\n\n\n\n<p>\u2013 La mise en \u0153uvre de mesures de s\u00e9curit\u00e9, par exemple lors d\u2019une invitation \u00e0 vous re connecter \u00e0 tout ou partie du site internet, ou \u00e0 un de nos produits et services pass\u00e9 un certain laps de temps.<\/p>\n\n\n\n<p>Attention, le refus d\u2019utilisation de ces cookies peut impacter la qualit\u00e9 de votre visite et l\u2019exp\u00e9rience utilisateur.<\/p>\n\n\n\n<p>Pour en savoir plus sur les cookies et leur fonctionnement, rendez-vous sur : <a href=\"http:\/\/www.allaboutcookies.org\" target=\"_blank\" rel=\"noreferrer noopener\" aria-label=\" (s\u2019ouvre dans un nouvel onglet)\">www.allaboutcookies.org<\/a><\/p>\n\n\n\n<h2 class=\"wp-block-heading\">3. Utilisation des \u00abcookies\u00bb tierce partie<\/h2>\n\n\n\n<p>Les images et autres objets contenus dans une page web peuvent r\u00e9sider dans des serveurs diff\u00e9rents de celui h\u00e9bergeant la page. Pour afficher la page, le navigateur t\u00e9l\u00e9charge tous ces objets. La plupart des sites web contiennent des informations provenant de diff\u00e9rentes sources.<\/p>\n\n\n\n<p>Par exemple, si vous saisissez www.exemple.com dans votre navigateur, il y aura souvent des objets ou des publicit\u00e9s sur une partie de la page qui proviendront de sources diff\u00e9rentes, c\u2019est-\u00e0-dire d\u2019un domaine diff\u00e9rent de www.exemple.com.<\/p>\n\n\n\n<p>Les cookies \u00ab premi\u00e8re \u00bb partie sont des cookies qui sont mis en place par le domaine inscrit dans la barre d\u2019adresse du navigateur. Les cookies tierce partie sont mis en place par l\u2019un des objets de la page qui proviennent d\u2019un domaine diff\u00e9rent.<\/p>\n\n\n\n<p>Par d\u00e9faut, les navigateurs comme Mozilla Firefox, Microsoft Internet Explorer et Opera acceptent les cookies tierce partie, mais les utilisateurs peuvent changer les param\u00e8tres dans les options du navigateur pour les bloquer.<\/p>\n\n\n\n<p>Il n\u2019y a pas de risque de s\u00e9curit\u00e9 inh\u00e9rent aux cookies tierce partie qui permettent des fonctionnalit\u00e9s pour le web.<\/p>\n\n\n\n<p>Ces cookies tierce partie peuvent par exemple nous permettre de r\u00e9aliser des statistiques (via Google Analytics ou Xiti par exemple), de proposer des contenus cibl\u00e9s sur base de vos centres d\u2019int\u00e9r\u00eats, de vos pr\u00e9f\u00e9rences, ou d\u2019identifier le site internet tiers d\u2019origine vous ayant redirig\u00e9 vers notre site internet par exemple.<\/p>\n\n\n\n<p>Ces cookies tierce partie peuvent \u00e9galement permettre de vous identifier et de partager tout ou partie d\u2019un contenu de notre site internet sur les r\u00e9seaux sociaux via les fonctionnalit\u00e9s \u00abpartager\u00bb ou \u00abj\u2019aime\u00bb par exemple.<\/p>\n\n\n\n<p>Pour en savoir plus sur l\u2019utilisation des cookies par diff\u00e9rents r\u00e9seaux sociaux (liste non exhaustive), rendez-vous sur :<\/p>\n\n\n\n<p>Facebook : <a href=\"https:\/\/www.facebook.com\/about\/ads\" target=\"_blank\" rel=\"noreferrer noopener\" aria-label=\" (s\u2019ouvre dans un nouvel onglet)\">https:\/\/www.facebook.com\/about\/ads<\/a><\/p>\n\n\n\n<p>Instagram : <a href=\"https:\/\/help.instagram.com\/1896641480634370?ref=ig\" target=\"_blank\" rel=\"noreferrer noopener\" aria-label=\" (s\u2019ouvre dans un nouvel onglet)\">https:\/\/help.instagram.com\/1896641480634370?ref=ig<\/a><\/p>\n\n\n\n<p>Twitter : <a href=\"https:\/\/support.twitter.com\/articles\/20170518\">https:\/\/support.twitter.com\/articles\/20170518<\/a><\/p>\n\n\n\n<p>Snapchat : <a href=\"https:\/\/www.snap.com\/fr-FR\/cookie-policy\/\" target=\"_blank\" rel=\"noreferrer noopener\" aria-label=\" (s\u2019ouvre dans un nouvel onglet)\">https:\/\/www.snap.com\/fr-FR\/cookie-policy\/<\/a><\/p>\n\n\n\n<p>Google+ : <a href=\"http:\/\/www.google.com\/policies\/technologies\/cookies\/\" target=\"_blank\" rel=\"noreferrer noopener\" aria-label=\" (s\u2019ouvre dans un nouvel onglet)\">http:\/\/www.google.com\/policies\/technologies\/cookies\/<\/a><\/p>\n\n\n\n<p>Pinterest : <a href=\"https:\/\/help.pinterest.com\/fr\/articles\/personalization-and-data\" target=\"_blank\" rel=\"noreferrer noopener\" aria-label=\" (s\u2019ouvre dans un nouvel onglet)\">https:\/\/help.pinterest.com\/fr\/articles\/personalization-and-data<\/a><\/p>\n\n\n\n<h2 class=\"wp-block-heading\">4. Configuration des \u00abcookies\u00bb sur un navigateur internet<\/h2>\n\n\n\n<p>Pour en savoir plus, sur le param\u00e9trage et la configuration des cookies dans votre navigateur, rendez-vous sur les liens suivants:<\/p>\n\n\n\n<p>pour Chrome\u2122: <a href=\"http:\/\/support.google.com\/chrome\/bin\/answer.py?hl=fr&amp;hlrm=en&amp;answer=95647\" target=\"_blank\" rel=\"noreferrer noopener\" aria-label=\"http:\/\/support.google.com\/chrome\/bin\/answer.py?hl=fr&amp;hlrm=en&amp;answer=95647 (s\u2019ouvre dans un nouvel onglet)\">http:\/\/support.google.com\/chrome\/bin\/answer.py?hl=fr&amp;hlrm=en&amp;answer=95647<\/a> ;<\/p>\n\n\n\n<p>pour Safari\u2122 : <a href=\"http:\/\/www.apple.com\/fr\/privacy\/use-of-cookies\" target=\"_blank\" rel=\"noreferrer noopener\" aria-label=\"http:\/\/www.apple.com\/fr\/privacy\/use-of-cookies (s\u2019ouvre dans un nouvel onglet)\">http:\/\/www.apple.com\/fr\/privacy\/use-of-cookies<\/a> ;<\/p>\n\n\n\n<p>pour Microsoft Edge\u2122 : <a href=\"https:\/\/privacy.microsoft.com\/fr-fr\/windows-10-microsoft-edge-and-privacy\">https:\/\/privacy.microsoft.com\/fr-fr\/windows-10-microsoft-edge-and-privacy<\/a> ;<\/p>\n\n\n\n<p>pour Firefox\u2122 : <a href=\"http:\/\/support.mozilla.org\/fr\/kb\/Activer%20et%20d%C3%A9sactiver%20les%20cookies\" target=\"_blank\" rel=\"noreferrer noopener\" aria-label=\"http:\/\/support.mozilla.org\/fr\/kb\/Activer%20et%20d%C3%A9sactiver%20les%20cookies (s\u2019ouvre dans un nouvel onglet)\">http:\/\/support.mozilla.org\/fr\/kb\/Activer%20et%20d%C3%A9sactiver%20les%20cookies<\/a> ;<\/p>\n\n\n\n<p>pour Opera\u2122 : <a href=\"http:\/\/help.opera.com\/Windows\/10.20\/fr\/cookies.html\" target=\"_blank\" rel=\"noreferrer noopener\" aria-label=\" (s\u2019ouvre dans un nouvel onglet)\">http:\/\/help.opera.com\/Windows\/10.20\/fr\/cookies.html<\/a>.<\/p>\n\n\n\n<p>Pour tout autre navigateur, nous vous invitons \u00e0 faire des recherches sur le moteur de recherche internet de votre choix, ou de vous rapprocher de votre responsable ou fournisseur de solutions informatiques.<\/p>\n","protected":false},"excerpt":{"rendered":"<p>1. What&#8217;s a &#8220;cookie&#8221; ? A cookie (or connection witness) is defined by the HTTP communication protocol as being a series of information sent by an HTTP server to an HTTP client, which the latter returns during each query of the same HTTP server under certain conditions. Le cookie est l\u2019\u00e9quivalent d\u2019un fichier texte de [&hellip;]<\/p>\n","protected":false},"author":1,"featured_media":0,"parent":0,"menu_order":0,"comment_status":"closed","ping_status":"closed","template":"","meta":{"_acf_changed":false,"footnotes":""},"class_list":["post-3869","page","type-page","status-publish","hentry"],"acf":[],"yoast_head":"<!-- This site is optimized with the Yoast SEO plugin v23.7 - https:\/\/yoast.com\/wordpress\/plugins\/seo\/ -->\n<title>Cookies Policy - Domaine du Ch\u00e2telard - Hotel restaurant Angoul\u00eame<\/title>\n<meta name=\"description\" content=\"1. What&#039;s a &quot;cookie&quot; ? A cookie (or connection witness) is defined by the HTTP communication protocol as being a series of information sent by an HTTP\" \/>\n<meta name=\"robots\" content=\"index, follow, max-snippet:-1, max-image-preview:large, max-video-preview:-1\" \/>\n<link rel=\"canonical\" href=\"https:\/\/domaineduchatelard.com\/en\/cookies-policy\/\" \/>\n<meta property=\"og:locale\" content=\"en_US\" \/>\n<meta property=\"og:type\" content=\"article\" \/>\n<meta property=\"og:title\" content=\"Cookies Policy - Domaine du Ch\u00e2telard - Hotel restaurant Angoul\u00eame\" \/>\n<meta property=\"og:description\" content=\"1. What&#039;s a &quot;cookie&quot; ? A cookie (or connection witness) is defined by the HTTP communication protocol as being a series of information sent by an HTTP\" \/>\n<meta property=\"og:url\" content=\"https:\/\/domaineduchatelard.com\/en\/cookies-policy\/\" \/>\n<meta property=\"og:site_name\" content=\"Domaine du Ch\u00e2telard\" \/>\n<meta property=\"article:publisher\" content=\"https:\/\/www.facebook.com\/domaineduchatelard\/\" \/>\n<meta property=\"article:modified_time\" content=\"2020-09-22T12:30:13+00:00\" \/>\n<meta name=\"twitter:card\" content=\"summary_large_image\" \/>\n<meta name=\"twitter:label1\" content=\"Est. reading time\" \/>\n\t<meta name=\"twitter:data1\" content=\"5 minutes\" \/>\n<script type=\"application\/ld+json\" class=\"yoast-schema-graph\">{\"@context\":\"https:\/\/schema.org\",\"@graph\":[{\"@type\":\"WebPage\",\"@id\":\"https:\/\/domaineduchatelard.com\/en\/cookies-policy\/\",\"url\":\"https:\/\/domaineduchatelard.com\/en\/cookies-policy\/\",\"name\":\"Cookies Policy - Domaine du Ch\u00e2telard - Hotel restaurant Angoul\u00eame\",\"isPartOf\":{\"@id\":\"https:\/\/domaineduchatelard.com\/#website\"},\"datePublished\":\"2020-06-30T14:42:27+00:00\",\"dateModified\":\"2020-09-22T12:30:13+00:00\",\"description\":\"1. What's a \\\"cookie\\\" ? A cookie (or connection witness) is defined by the HTTP communication protocol as being a series of information sent by an HTTP\",\"breadcrumb\":{\"@id\":\"https:\/\/domaineduchatelard.com\/en\/cookies-policy\/#breadcrumb\"},\"inLanguage\":\"en-US\",\"potentialAction\":[{\"@type\":\"ReadAction\",\"target\":[\"https:\/\/domaineduchatelard.com\/en\/cookies-policy\/\"]}]},{\"@type\":\"BreadcrumbList\",\"@id\":\"https:\/\/domaineduchatelard.com\/en\/cookies-policy\/#breadcrumb\",\"itemListElement\":[{\"@type\":\"ListItem\",\"position\":1,\"name\":\"Accueil\",\"item\":\"https:\/\/domaineduchatelard.com\/en\/\"},{\"@type\":\"ListItem\",\"position\":2,\"name\":\"Cookies Policy\"}]},{\"@type\":\"WebSite\",\"@id\":\"https:\/\/domaineduchatelard.com\/#website\",\"url\":\"https:\/\/domaineduchatelard.com\/\",\"name\":\"Domaine du Ch\u00e2telard - H\u00f4tel restaurant Angoul\u00eame\",\"description\":\"Hotel restaurant Angoul\u00eame\",\"alternateName\":\"DDCH\",\"potentialAction\":[{\"@type\":\"SearchAction\",\"target\":{\"@type\":\"EntryPoint\",\"urlTemplate\":\"https:\/\/domaineduchatelard.com\/?s={search_term_string}\"},\"query-input\":{\"@type\":\"PropertyValueSpecification\",\"valueRequired\":true,\"valueName\":\"search_term_string\"}}],\"inLanguage\":\"en-US\"}]}<\/script>\n<!-- \/ Yoast SEO plugin. -->","yoast_head_json":{"title":"Cookies Policy - Domaine du Ch\u00e2telard - Hotel restaurant Angoul\u00eame","description":"1. What's a \"cookie\" ? A cookie (or connection witness) is defined by the HTTP communication protocol as being a series of information sent by an HTTP","robots":{"index":"index","follow":"follow","max-snippet":"max-snippet:-1","max-image-preview":"max-image-preview:large","max-video-preview":"max-video-preview:-1"},"canonical":"https:\/\/domaineduchatelard.com\/en\/cookies-policy\/","og_locale":"en_US","og_type":"article","og_title":"Cookies Policy - Domaine du Ch\u00e2telard - Hotel restaurant Angoul\u00eame","og_description":"1. What's a \"cookie\" ? A cookie (or connection witness) is defined by the HTTP communication protocol as being a series of information sent by an HTTP","og_url":"https:\/\/domaineduchatelard.com\/en\/cookies-policy\/","og_site_name":"Domaine du Ch\u00e2telard","article_publisher":"https:\/\/www.facebook.com\/domaineduchatelard\/","article_modified_time":"2020-09-22T12:30:13+00:00","twitter_card":"summary_large_image","twitter_misc":{"Est. reading time":"5 minutes"},"schema":{"@context":"https:\/\/schema.org","@graph":[{"@type":"WebPage","@id":"https:\/\/domaineduchatelard.com\/en\/cookies-policy\/","url":"https:\/\/domaineduchatelard.com\/en\/cookies-policy\/","name":"Cookies Policy - Domaine du Ch\u00e2telard - Hotel restaurant Angoul\u00eame","isPartOf":{"@id":"https:\/\/domaineduchatelard.com\/#website"},"datePublished":"2020-06-30T14:42:27+00:00","dateModified":"2020-09-22T12:30:13+00:00","description":"1. What's a \"cookie\" ? A cookie (or connection witness) is defined by the HTTP communication protocol as being a series of information sent by an HTTP","breadcrumb":{"@id":"https:\/\/domaineduchatelard.com\/en\/cookies-policy\/#breadcrumb"},"inLanguage":"en-US","potentialAction":[{"@type":"ReadAction","target":["https:\/\/domaineduchatelard.com\/en\/cookies-policy\/"]}]},{"@type":"BreadcrumbList","@id":"https:\/\/domaineduchatelard.com\/en\/cookies-policy\/#breadcrumb","itemListElement":[{"@type":"ListItem","position":1,"name":"Accueil","item":"https:\/\/domaineduchatelard.com\/en\/"},{"@type":"ListItem","position":2,"name":"Cookies Policy"}]},{"@type":"WebSite","@id":"https:\/\/domaineduchatelard.com\/#website","url":"https:\/\/domaineduchatelard.com\/","name":"Domaine du Ch\u00e2telard - H\u00f4tel restaurant Angoul\u00eame","description":"Hotel restaurant Angoul\u00eame","alternateName":"DDCH","potentialAction":[{"@type":"SearchAction","target":{"@type":"EntryPoint","urlTemplate":"https:\/\/domaineduchatelard.com\/?s={search_term_string}"},"query-input":{"@type":"PropertyValueSpecification","valueRequired":true,"valueName":"search_term_string"}}],"inLanguage":"en-US"}]}},"_links":{"self":[{"href":"https:\/\/domaineduchatelard.com\/en\/wp-json\/wp\/v2\/pages\/3869"}],"collection":[{"href":"https:\/\/domaineduchatelard.com\/en\/wp-json\/wp\/v2\/pages"}],"about":[{"href":"https:\/\/domaineduchatelard.com\/en\/wp-json\/wp\/v2\/types\/page"}],"author":[{"embeddable":true,"href":"https:\/\/domaineduchatelard.com\/en\/wp-json\/wp\/v2\/users\/1"}],"replies":[{"embeddable":true,"href":"https:\/\/domaineduchatelard.com\/en\/wp-json\/wp\/v2\/comments?post=3869"}],"version-history":[{"count":3,"href":"https:\/\/domaineduchatelard.com\/en\/wp-json\/wp\/v2\/pages\/3869\/revisions"}],"predecessor-version":[{"id":4045,"href":"https:\/\/domaineduchatelard.com\/en\/wp-json\/wp\/v2\/pages\/3869\/revisions\/4045"}],"wp:attachment":[{"href":"https:\/\/domaineduchatelard.com\/en\/wp-json\/wp\/v2\/media?parent=3869"}],"curies":[{"name":"wp","href":"https:\/\/api.w.org\/{rel}","templated":true}]}}