{"id":3861,"date":"2020-06-29T15:50:17","date_gmt":"2020-06-29T13:50:17","guid":{"rendered":"https:\/\/domaineduchatelard.com\/?page_id=3861"},"modified":"2020-06-29T15:50:21","modified_gmt":"2020-06-29T13:50:21","slug":"your-hosts","status":"publish","type":"page","link":"https:\/\/domaineduchatelard.com\/en\/your-hosts\/","title":{"rendered":"Your hosts"},"content":{"rendered":"  <div class=\"slideshow row\">\n    <div id=\"slideshow-block_5d0117eef140a\" class=\"carousel slide one\" data-ride=\"carousel\">\n      <div class=\"carousel-inner\">\n                                          <div class=\"carousel-item active\" >\n              <img decoding=\"async\" src=\"https:\/\/domaineduchatelard.com\/wp-content\/uploads\/2019\/07\/domaine-du-chatelard-prcohe-angouleme-vos-hotes-e1583418533125.jpg\"\n              sizes=\"100vw\"\n              srcset=\"https:\/\/domaineduchatelard.com\/wp-content\/uploads\/2019\/07\/domaine-du-chatelard-prcohe-angouleme-vos-hotes-e1583418533125.jpg 2131w,\n              https:\/\/domaineduchatelard.com\/wp-content\/uploads\/2019\/07\/domaine-du-chatelard-prcohe-angouleme-vos-hotes-e1583418533125-1024x613.jpg 1024w,\n              https:\/\/domaineduchatelard.com\/wp-content\/uploads\/2019\/07\/domaine-du-chatelard-prcohe-angouleme-vos-hotes-e1583418533125-768x460.jpg 768w\"\n              alt=\"\">\n                              <div class=\"carousel-caption d-none d-md-block\">\n                  <h2 class=\"title\">Your hosts<\/h2>\n                  <p><\/p>\n                <\/div>\n                          <\/div>\n                              <\/div>\n                      <\/div>\n      <!-- <?php\/\/ if($nb_slide > 1):?>\n      <ol class=\"carousel-indicators\"><\/ol>\n       -->\n  <\/div>\n\n\n\n<div class=\"wp-block-columns has-2-columns is-layout-flex wp-container-core-columns-is-layout-1 wp-block-columns-is-layout-flex\">\n<div class=\"wp-block-column is-layout-flow wp-block-column-is-layout-flow\">\n<h2 class=\"mt-5 wp-block-heading\">Ivan Gotfredsen<\/h2>\n\n\n\n<p>Ivan, from Denmark, learned cuisine in French-speaking Switzerland, in Friborg in the Michelin-stared restaurant &#8220;La Fleur de Lys&#8221;.<\/p>\n\n\n\n<p>After having worked in different establishments in Switzerland &#8220;le Baur au lac&#8221; in Z\u00fcrich, &#8220;le Gstaad Palace&#8221; in Gstaad, in a 3 macarons restaurant in Montreux, he became Chef de cuisine at the &#8220;Kempinski Grand H\u00f4tel des Bains&#8221;, 5 star hotel in St Moritz with 6 restaurants.<\/p>\n\n\n\n<p>He participated in the opening of high-end hotels throughout Europe and finally returned to Switzerland at Arosa at the &#8220;Tschuggen Grand H\u00f4tel&#8221; as Chef.<\/p>\n\n\n\n<p>He then sought the ideal place to express his creativity and fell in love with the Domaine du Ch\u00e2telard, in Charente where he created with his partner a hotel &#8211; restaurant in a natural setting, open since 2009.<\/p>\n\n\n\n<p>Recognized chef, he has always been highly rated by various gastronomic institutions (the Michelin guide, Gault &amp; Millau, etc.).<\/p>\n\n\n\n<p>Since 2011, Ivan has been part of the Jeunes Restaurateurs network, of which he is an active member, which brings together 340 young chefs in 16 European countries. He put himself at the service of the association for 3 years as president for the French part (2016-2019). More information on JRE: <a href=\"http:\/\/www.jre.eu\/fr\">www.jre.eu\/fr<\/a><\/p>\n<\/div>\n\n\n\n<div class=\"wp-block-column is-layout-flow wp-block-column-is-layout-flow\">\n<figure class=\"wp-block-image\"><img loading=\"lazy\" decoding=\"async\" width=\"1024\" height=\"753\" src=\"http:\/\/domaineduchatelard.com\/wp-content\/uploads\/2019\/10\/domaine-du-chatelard-dirac-vos-hotes-ivan-photo-1024x753.jpeg\" alt=\"\" class=\"wp-image-1748\" srcset=\"https:\/\/domaineduchatelard.com\/wp-content\/uploads\/2019\/10\/domaine-du-chatelard-dirac-vos-hotes-ivan-photo-1024x753.jpeg 1024w, https:\/\/domaineduchatelard.com\/wp-content\/uploads\/2019\/10\/domaine-du-chatelard-dirac-vos-hotes-ivan-photo-300x221.jpeg 300w, https:\/\/domaineduchatelard.com\/wp-content\/uploads\/2019\/10\/domaine-du-chatelard-dirac-vos-hotes-ivan-photo-768x564.jpeg 768w, https:\/\/domaineduchatelard.com\/wp-content\/uploads\/2019\/10\/domaine-du-chatelard-dirac-vos-hotes-ivan-photo-600x441.jpeg 600w, https:\/\/domaineduchatelard.com\/wp-content\/uploads\/2019\/10\/domaine-du-chatelard-dirac-vos-hotes-ivan-photo.jpeg 2000w\" sizes=\"(max-width: 1024px) 100vw, 1024px\" \/><\/figure>\n<\/div>\n<\/div>\n\n\n\n<div class=\"wp-block-columns has-2-columns is-layout-flex wp-container-core-columns-is-layout-2 wp-block-columns-is-layout-flex\">\n<div class=\"wp-block-column is-layout-flow wp-block-column-is-layout-flow\">\n<figure class=\"wp-block-image\"><img loading=\"lazy\" decoding=\"async\" width=\"1024\" height=\"681\" src=\"http:\/\/domaineduchatelard.com\/wp-content\/uploads\/2019\/11\/Domaine-du-chatelard-dirac-hotel-restaurant-pascale-erni-1024x681.jpg\" alt=\"\" class=\"wp-image-2607\" srcset=\"https:\/\/domaineduchatelard.com\/wp-content\/uploads\/2019\/11\/Domaine-du-chatelard-dirac-hotel-restaurant-pascale-erni-1024x681.jpg 1024w, https:\/\/domaineduchatelard.com\/wp-content\/uploads\/2019\/11\/Domaine-du-chatelard-dirac-hotel-restaurant-pascale-erni-300x200.jpg 300w, https:\/\/domaineduchatelard.com\/wp-content\/uploads\/2019\/11\/Domaine-du-chatelard-dirac-hotel-restaurant-pascale-erni-768x511.jpg 768w, https:\/\/domaineduchatelard.com\/wp-content\/uploads\/2019\/11\/Domaine-du-chatelard-dirac-hotel-restaurant-pascale-erni-600x399.jpg 600w, https:\/\/domaineduchatelard.com\/wp-content\/uploads\/2019\/11\/Domaine-du-chatelard-dirac-hotel-restaurant-pascale-erni.jpg 2000w\" sizes=\"(max-width: 1024px) 100vw, 1024px\" \/><\/figure>\n<\/div>\n\n\n\n<div class=\"wp-block-column is-layout-flow wp-block-column-is-layout-flow\">\n<h2 class=\"wp-block-heading\"> Pascale Erni<\/h2>\n\n\n\n<p>Graduated of the Swiss School of Tourism, Pascale continued her studies at the higher hotel school in Italian Switzerland.<\/p>\n\n\n\n<p>She then made her debut in different countries such as Ireland and Mexico to finally work for 3 years in St Moritz in the 5-star hotel business at the &#8220;Kempinski Grand Hotel&#8221; and the &#8220;Badrutt&#8217;s Palace&#8221; as Event Manager.<\/p>\n\n\n\n<p>Pascale then worked as manager in 2 restaurants of good reputation in Lugano, her city of origin.<\/p>\n\n\n\n<p>Passionate about nature and in love with animals, especially horses, she trained at the German EPA Academy in Baden Baden and became an equestrian manager and horse instructor.<\/p>\n\n\n\n<p>Her philosophy: total respect for the animal and its well-being, allowing it the freedom to express itself with its personality, and cultivating the art of communicating with it.<\/p>\n<\/div>\n<\/div>\n","protected":false},"excerpt":{"rendered":"<p>Ivan Gotfredsen Ivan, from Denmark, learned cuisine in French-speaking Switzerland, in Friborg in the Michelin-stared restaurant &#8220;La Fleur de Lys&#8221;. After having worked in different establishments in Switzerland &#8220;le Baur au lac&#8221; in Z\u00fcrich, &#8220;le Gstaad Palace&#8221; in Gstaad, in a 3 macarons restaurant in Montreux, he became Chef de cuisine at the &#8220;Kempinski Grand [&hellip;]<\/p>\n","protected":false},"author":4,"featured_media":0,"parent":0,"menu_order":0,"comment_status":"closed","ping_status":"closed","template":"","meta":{"_acf_changed":false,"footnotes":""},"class_list":["post-3861","page","type-page","status-publish","hentry"],"acf":[],"yoast_head":"<!-- This site is optimized with the Yoast SEO plugin v23.7 - https:\/\/yoast.com\/wordpress\/plugins\/seo\/ -->\n<title>Your hosts - Domaine du Ch\u00e2telard - Hotel restaurant Angoul\u00eame<\/title>\n<meta name=\"description\" content=\"Ivan Gotfredsen Ivan, from Denmark, learned cuisine in French-speaking Switzerland, in Friborg in the Michelin-stared restaurant &quot;La Fleur de Lys&quot;. After\" \/>\n<meta name=\"robots\" content=\"index, follow, max-snippet:-1, max-image-preview:large, max-video-preview:-1\" \/>\n<link rel=\"canonical\" href=\"https:\/\/domaineduchatelard.com\/en\/your-hosts\/\" \/>\n<meta property=\"og:locale\" content=\"en_US\" \/>\n<meta property=\"og:type\" content=\"article\" \/>\n<meta property=\"og:title\" content=\"Your hosts - Domaine du Ch\u00e2telard - Hotel restaurant Angoul\u00eame\" \/>\n<meta property=\"og:description\" content=\"Ivan Gotfredsen Ivan, from Denmark, learned cuisine in French-speaking Switzerland, in Friborg in the Michelin-stared restaurant &quot;La Fleur de Lys&quot;. After\" \/>\n<meta property=\"og:url\" content=\"https:\/\/domaineduchatelard.com\/en\/your-hosts\/\" \/>\n<meta property=\"og:site_name\" content=\"Domaine du Ch\u00e2telard\" \/>\n<meta property=\"article:publisher\" content=\"https:\/\/www.facebook.com\/domaineduchatelard\/\" \/>\n<meta property=\"article:modified_time\" content=\"2020-06-29T13:50:21+00:00\" \/>\n<meta property=\"og:image\" content=\"http:\/\/domaineduchatelard.com\/wp-content\/uploads\/2019\/10\/domaine-du-chatelard-dirac-vos-hotes-ivan-photo-1024x753.jpeg\" \/>\n<meta name=\"twitter:card\" content=\"summary_large_image\" \/>\n<meta name=\"twitter:label1\" content=\"Est. reading time\" \/>\n\t<meta name=\"twitter:data1\" content=\"2 minutes\" \/>\n<script type=\"application\/ld+json\" class=\"yoast-schema-graph\">{\"@context\":\"https:\/\/schema.org\",\"@graph\":[{\"@type\":\"WebPage\",\"@id\":\"https:\/\/domaineduchatelard.com\/en\/your-hosts\/\",\"url\":\"https:\/\/domaineduchatelard.com\/en\/your-hosts\/\",\"name\":\"Your hosts - Domaine du Ch\u00e2telard - Hotel restaurant Angoul\u00eame\",\"isPartOf\":{\"@id\":\"https:\/\/domaineduchatelard.com\/#website\"},\"primaryImageOfPage\":{\"@id\":\"https:\/\/domaineduchatelard.com\/en\/your-hosts\/#primaryimage\"},\"image\":{\"@id\":\"https:\/\/domaineduchatelard.com\/en\/your-hosts\/#primaryimage\"},\"thumbnailUrl\":\"http:\/\/domaineduchatelard.com\/wp-content\/uploads\/2019\/10\/domaine-du-chatelard-dirac-vos-hotes-ivan-photo-1024x753.jpeg\",\"datePublished\":\"2020-06-29T13:50:17+00:00\",\"dateModified\":\"2020-06-29T13:50:21+00:00\",\"description\":\"Ivan Gotfredsen Ivan, from Denmark, learned cuisine in French-speaking Switzerland, in Friborg in the Michelin-stared restaurant \\\"La Fleur de Lys\\\". After\",\"breadcrumb\":{\"@id\":\"https:\/\/domaineduchatelard.com\/en\/your-hosts\/#breadcrumb\"},\"inLanguage\":\"en-US\",\"potentialAction\":[{\"@type\":\"ReadAction\",\"target\":[\"https:\/\/domaineduchatelard.com\/en\/your-hosts\/\"]}]},{\"@type\":\"ImageObject\",\"inLanguage\":\"en-US\",\"@id\":\"https:\/\/domaineduchatelard.com\/en\/your-hosts\/#primaryimage\",\"url\":\"http:\/\/domaineduchatelard.com\/wp-content\/uploads\/2019\/10\/domaine-du-chatelard-dirac-vos-hotes-ivan-photo-1024x753.jpeg\",\"contentUrl\":\"http:\/\/domaineduchatelard.com\/wp-content\/uploads\/2019\/10\/domaine-du-chatelard-dirac-vos-hotes-ivan-photo-1024x753.jpeg\"},{\"@type\":\"BreadcrumbList\",\"@id\":\"https:\/\/domaineduchatelard.com\/en\/your-hosts\/#breadcrumb\",\"itemListElement\":[{\"@type\":\"ListItem\",\"position\":1,\"name\":\"Accueil\",\"item\":\"https:\/\/domaineduchatelard.com\/en\/\"},{\"@type\":\"ListItem\",\"position\":2,\"name\":\"Your hosts\"}]},{\"@type\":\"WebSite\",\"@id\":\"https:\/\/domaineduchatelard.com\/#website\",\"url\":\"https:\/\/domaineduchatelard.com\/\",\"name\":\"Domaine du Ch\u00e2telard - H\u00f4tel restaurant Angoul\u00eame\",\"description\":\"Hotel restaurant Angoul\u00eame\",\"alternateName\":\"DDCH\",\"potentialAction\":[{\"@type\":\"SearchAction\",\"target\":{\"@type\":\"EntryPoint\",\"urlTemplate\":\"https:\/\/domaineduchatelard.com\/?s={search_term_string}\"},\"query-input\":{\"@type\":\"PropertyValueSpecification\",\"valueRequired\":true,\"valueName\":\"search_term_string\"}}],\"inLanguage\":\"en-US\"}]}<\/script>\n<!-- \/ Yoast SEO plugin. -->","yoast_head_json":{"title":"Your hosts - Domaine du Ch\u00e2telard - Hotel restaurant Angoul\u00eame","description":"Ivan Gotfredsen Ivan, from Denmark, learned cuisine in French-speaking Switzerland, in Friborg in the Michelin-stared restaurant \"La Fleur de Lys\". After","robots":{"index":"index","follow":"follow","max-snippet":"max-snippet:-1","max-image-preview":"max-image-preview:large","max-video-preview":"max-video-preview:-1"},"canonical":"https:\/\/domaineduchatelard.com\/en\/your-hosts\/","og_locale":"en_US","og_type":"article","og_title":"Your hosts - Domaine du Ch\u00e2telard - Hotel restaurant Angoul\u00eame","og_description":"Ivan Gotfredsen Ivan, from Denmark, learned cuisine in French-speaking Switzerland, in Friborg in the Michelin-stared restaurant \"La Fleur de Lys\". After","og_url":"https:\/\/domaineduchatelard.com\/en\/your-hosts\/","og_site_name":"Domaine du Ch\u00e2telard","article_publisher":"https:\/\/www.facebook.com\/domaineduchatelard\/","article_modified_time":"2020-06-29T13:50:21+00:00","og_image":[{"url":"http:\/\/domaineduchatelard.com\/wp-content\/uploads\/2019\/10\/domaine-du-chatelard-dirac-vos-hotes-ivan-photo-1024x753.jpeg"}],"twitter_card":"summary_large_image","twitter_misc":{"Est. reading time":"2 minutes"},"schema":{"@context":"https:\/\/schema.org","@graph":[{"@type":"WebPage","@id":"https:\/\/domaineduchatelard.com\/en\/your-hosts\/","url":"https:\/\/domaineduchatelard.com\/en\/your-hosts\/","name":"Your hosts - Domaine du Ch\u00e2telard - Hotel restaurant Angoul\u00eame","isPartOf":{"@id":"https:\/\/domaineduchatelard.com\/#website"},"primaryImageOfPage":{"@id":"https:\/\/domaineduchatelard.com\/en\/your-hosts\/#primaryimage"},"image":{"@id":"https:\/\/domaineduchatelard.com\/en\/your-hosts\/#primaryimage"},"thumbnailUrl":"http:\/\/domaineduchatelard.com\/wp-content\/uploads\/2019\/10\/domaine-du-chatelard-dirac-vos-hotes-ivan-photo-1024x753.jpeg","datePublished":"2020-06-29T13:50:17+00:00","dateModified":"2020-06-29T13:50:21+00:00","description":"Ivan Gotfredsen Ivan, from Denmark, learned cuisine in French-speaking Switzerland, in Friborg in the Michelin-stared restaurant \"La Fleur de Lys\". After","breadcrumb":{"@id":"https:\/\/domaineduchatelard.com\/en\/your-hosts\/#breadcrumb"},"inLanguage":"en-US","potentialAction":[{"@type":"ReadAction","target":["https:\/\/domaineduchatelard.com\/en\/your-hosts\/"]}]},{"@type":"ImageObject","inLanguage":"en-US","@id":"https:\/\/domaineduchatelard.com\/en\/your-hosts\/#primaryimage","url":"http:\/\/domaineduchatelard.com\/wp-content\/uploads\/2019\/10\/domaine-du-chatelard-dirac-vos-hotes-ivan-photo-1024x753.jpeg","contentUrl":"http:\/\/domaineduchatelard.com\/wp-content\/uploads\/2019\/10\/domaine-du-chatelard-dirac-vos-hotes-ivan-photo-1024x753.jpeg"},{"@type":"BreadcrumbList","@id":"https:\/\/domaineduchatelard.com\/en\/your-hosts\/#breadcrumb","itemListElement":[{"@type":"ListItem","position":1,"name":"Accueil","item":"https:\/\/domaineduchatelard.com\/en\/"},{"@type":"ListItem","position":2,"name":"Your hosts"}]},{"@type":"WebSite","@id":"https:\/\/domaineduchatelard.com\/#website","url":"https:\/\/domaineduchatelard.com\/","name":"Domaine du Ch\u00e2telard - H\u00f4tel restaurant Angoul\u00eame","description":"Hotel restaurant Angoul\u00eame","alternateName":"DDCH","potentialAction":[{"@type":"SearchAction","target":{"@type":"EntryPoint","urlTemplate":"https:\/\/domaineduchatelard.com\/?s={search_term_string}"},"query-input":{"@type":"PropertyValueSpecification","valueRequired":true,"valueName":"search_term_string"}}],"inLanguage":"en-US"}]}},"_links":{"self":[{"href":"https:\/\/domaineduchatelard.com\/en\/wp-json\/wp\/v2\/pages\/3861"}],"collection":[{"href":"https:\/\/domaineduchatelard.com\/en\/wp-json\/wp\/v2\/pages"}],"about":[{"href":"https:\/\/domaineduchatelard.com\/en\/wp-json\/wp\/v2\/types\/page"}],"author":[{"embeddable":true,"href":"https:\/\/domaineduchatelard.com\/en\/wp-json\/wp\/v2\/users\/4"}],"replies":[{"embeddable":true,"href":"https:\/\/domaineduchatelard.com\/en\/wp-json\/wp\/v2\/comments?post=3861"}],"version-history":[{"count":2,"href":"https:\/\/domaineduchatelard.com\/en\/wp-json\/wp\/v2\/pages\/3861\/revisions"}],"predecessor-version":[{"id":3863,"href":"https:\/\/domaineduchatelard.com\/en\/wp-json\/wp\/v2\/pages\/3861\/revisions\/3863"}],"wp:attachment":[{"href":"https:\/\/domaineduchatelard.com\/en\/wp-json\/wp\/v2\/media?parent=3861"}],"curies":[{"name":"wp","href":"https:\/\/api.w.org\/{rel}","templated":true}]}}