{"id":3849,"date":"2020-06-29T15:26:37","date_gmt":"2020-06-29T13:26:37","guid":{"rendered":"https:\/\/domaineduchatelard.com\/?page_id=3849"},"modified":"2020-06-29T15:26:39","modified_gmt":"2020-06-29T13:26:39","slug":"our-ecological-approach","status":"publish","type":"page","link":"https:\/\/domaineduchatelard.com\/en\/our-ecological-approach\/","title":{"rendered":"Our ecological approach"},"content":{"rendered":"  <div class=\"slideshow row\">\n    <div id=\"slideshow-block_5d403ce03a0d2\" class=\"carousel slide one\" data-ride=\"carousel\">\n      <div class=\"carousel-inner\">\n                                          <div class=\"carousel-item active\" >\n              <img decoding=\"async\" src=\"https:\/\/domaineduchatelard.com\/wp-content\/uploads\/2019\/06\/domaine-du-chatelard-hotel-angouleme-7.jpg\"\n              sizes=\"100vw\"\n              srcset=\"https:\/\/domaineduchatelard.com\/wp-content\/uploads\/2019\/06\/domaine-du-chatelard-hotel-angouleme-7.jpg 2500w,\n              https:\/\/domaineduchatelard.com\/wp-content\/uploads\/2019\/06\/domaine-du-chatelard-hotel-angouleme-7-1024x683.jpg 1024w,\n              https:\/\/domaineduchatelard.com\/wp-content\/uploads\/2019\/06\/domaine-du-chatelard-hotel-angouleme-7-768x512.jpg 768w\"\n              alt=\"\">\n                              <div class=\"carousel-caption d-none d-md-block\">\n                  <h2 class=\"title\">Our ecological approach<\/h2>\n                  <p><\/p>\n                <\/div>\n                          <\/div>\n                              <\/div>\n                      <\/div>\n      <!-- <?php\/\/ if($nb_slide > 1):?>\n      <ol class=\"carousel-indicators\"><\/ol>\n       -->\n  <\/div>\n\n\n\n<p class=\"mt-5\">The Domaine du Ch\u00e2telard has started an ecological labeling process in order to enhance the philosophy that drives the team: welcoming as best as possible in unspoiled nature.<\/p>\n\n\n\n<p>This is how in Ch\u00e2telard, you will not find any pesticides, chemical cleaning products, for example\u2026 in the kitchen, local products, in short and seasonal circuits are largely in the majority; we have our own vegetable garden to cook as locally as possible.<\/p>\n\n\n\n<p>The hotel was created within a reserve classified Natura 2000, this is why our approach has always been to respect as much as possible the existing environment and the ecosystem which is there. Each client is invited to take part in this process to appreciate their wealth.<\/p>\n\n\n\n<p>In partnership with the Charente Nature association, we have created a special beach for our protected turtles, the European pond turtles. <\/p>\n\n\n\n<figure class=\"wp-block-gallery aligncenter columns-2 is-cropped wp-block-gallery-1 is-layout-flex wp-block-gallery-is-layout-flex\"><ul class=\"blocks-gallery-grid\"><li class=\"blocks-gallery-item\"><figure><img loading=\"lazy\" decoding=\"async\" width=\"1024\" height=\"768\" src=\"https:\/\/domaineduchatelard.com\/wp-content\/uploads\/2019\/10\/domaine-du-chatelard-association-des-animaux-cistude-d-europe-1024x768.jpg\" alt=\"\" data-id=\"1547\" data-full-url=\"https:\/\/domaineduchatelard.com\/wp-content\/uploads\/2019\/10\/domaine-du-chatelard-association-des-animaux-cistude-d-europe.jpg\" data-link=\"https:\/\/domaineduchatelard.com\/domaine-du-chatelard-association-des-animaux-cistude-d-europe-2\/\" class=\"wp-image-1547\" srcset=\"https:\/\/domaineduchatelard.com\/wp-content\/uploads\/2019\/10\/domaine-du-chatelard-association-des-animaux-cistude-d-europe-1024x768.jpg 1024w, https:\/\/domaineduchatelard.com\/wp-content\/uploads\/2019\/10\/domaine-du-chatelard-association-des-animaux-cistude-d-europe-300x225.jpg 300w, https:\/\/domaineduchatelard.com\/wp-content\/uploads\/2019\/10\/domaine-du-chatelard-association-des-animaux-cistude-d-europe-768x576.jpg 768w, https:\/\/domaineduchatelard.com\/wp-content\/uploads\/2019\/10\/domaine-du-chatelard-association-des-animaux-cistude-d-europe-600x450.jpg 600w, https:\/\/domaineduchatelard.com\/wp-content\/uploads\/2019\/10\/domaine-du-chatelard-association-des-animaux-cistude-d-europe.jpg 1500w\" sizes=\"(max-width: 1024px) 100vw, 1024px\" \/><\/figure><\/li><li class=\"blocks-gallery-item\"><figure><img loading=\"lazy\" decoding=\"async\" width=\"768\" height=\"1024\" src=\"https:\/\/domaineduchatelard.com\/wp-content\/uploads\/2020\/03\/domaine-du-chatelard-eco-label-crapauduc-768x1024.jpg\" alt=\"\" data-id=\"3044\" data-full-url=\"https:\/\/domaineduchatelard.com\/wp-content\/uploads\/2020\/03\/domaine-du-chatelard-eco-label-crapauduc.jpg\" data-link=\"https:\/\/domaineduchatelard.com\/domaine-du-chatelard-eco-label-crapauduc\/\" class=\"wp-image-3044\" srcset=\"https:\/\/domaineduchatelard.com\/wp-content\/uploads\/2020\/03\/domaine-du-chatelard-eco-label-crapauduc-768x1024.jpg 768w, https:\/\/domaineduchatelard.com\/wp-content\/uploads\/2020\/03\/domaine-du-chatelard-eco-label-crapauduc-225x300.jpg 225w, https:\/\/domaineduchatelard.com\/wp-content\/uploads\/2020\/03\/domaine-du-chatelard-eco-label-crapauduc-1152x1536.jpg 1152w, https:\/\/domaineduchatelard.com\/wp-content\/uploads\/2020\/03\/domaine-du-chatelard-eco-label-crapauduc-600x800.jpg 600w, https:\/\/domaineduchatelard.com\/wp-content\/uploads\/2020\/03\/domaine-du-chatelard-eco-label-crapauduc.jpg 1200w\" sizes=\"(max-width: 768px) 100vw, 768px\" \/><\/figure><\/li><\/ul><\/figure>\n\n\n\n<p>We have also created toad tunnels on our main driveway to allow a safe passage for the many frogs in the park.<\/p>\n\n\n\n<p>In 2019, we cleaned the undergrowth of the Estate: a huge project to rid the 50 tons of waste left in open dumps in the woods by the owners of the 1960s &#8230; We are giving the forest a chance to get back go out and breathe again!<\/p>\n\n\n\n<figure class=\"wp-block-gallery columns-2 is-cropped wp-block-gallery-2 is-layout-flex wp-block-gallery-is-layout-flex\"><ul class=\"blocks-gallery-grid\"><li class=\"blocks-gallery-item\"><figure><img loading=\"lazy\" decoding=\"async\" width=\"768\" height=\"1024\" src=\"http:\/\/domaineduchatelard.com\/wp-content\/uploads\/2019\/11\/domaine-du-chatelard-dirac-hotel-restaurant-eco-label-1-768x1024.jpg\" alt=\"\" data-id=\"2636\" data-link=\"http:\/\/domaineduchatelard.com\/eco-label\/domaine-du-chatelard-dirac-hotel-restaurant-eco-label-1\/\" class=\"wp-image-2636\" srcset=\"https:\/\/domaineduchatelard.com\/wp-content\/uploads\/2019\/11\/domaine-du-chatelard-dirac-hotel-restaurant-eco-label-1-768x1024.jpg 768w, https:\/\/domaineduchatelard.com\/wp-content\/uploads\/2019\/11\/domaine-du-chatelard-dirac-hotel-restaurant-eco-label-1-225x300.jpg 225w, https:\/\/domaineduchatelard.com\/wp-content\/uploads\/2019\/11\/domaine-du-chatelard-dirac-hotel-restaurant-eco-label-1-600x800.jpg 600w, https:\/\/domaineduchatelard.com\/wp-content\/uploads\/2019\/11\/domaine-du-chatelard-dirac-hotel-restaurant-eco-label-1.jpg 1500w\" sizes=\"(max-width: 768px) 100vw, 768px\" \/><\/figure><\/li><li class=\"blocks-gallery-item\"><figure><img loading=\"lazy\" decoding=\"async\" width=\"1024\" height=\"768\" src=\"http:\/\/domaineduchatelard.com\/wp-content\/uploads\/2019\/11\/domaine-du-chatelard-dirac-hotel-restaurant-eco-label-2-1024x768.jpg\" alt=\"\" data-id=\"2638\" data-link=\"http:\/\/domaineduchatelard.com\/eco-label\/domaine-du-chatelard-dirac-hotel-restaurant-eco-label-2\/\" class=\"wp-image-2638\" srcset=\"https:\/\/domaineduchatelard.com\/wp-content\/uploads\/2019\/11\/domaine-du-chatelard-dirac-hotel-restaurant-eco-label-2-1024x768.jpg 1024w, https:\/\/domaineduchatelard.com\/wp-content\/uploads\/2019\/11\/domaine-du-chatelard-dirac-hotel-restaurant-eco-label-2-300x225.jpg 300w, https:\/\/domaineduchatelard.com\/wp-content\/uploads\/2019\/11\/domaine-du-chatelard-dirac-hotel-restaurant-eco-label-2-768x576.jpg 768w, https:\/\/domaineduchatelard.com\/wp-content\/uploads\/2019\/11\/domaine-du-chatelard-dirac-hotel-restaurant-eco-label-2-600x450.jpg 600w, https:\/\/domaineduchatelard.com\/wp-content\/uploads\/2019\/11\/domaine-du-chatelard-dirac-hotel-restaurant-eco-label-2.jpg 1500w\" sizes=\"(max-width: 1024px) 100vw, 1024px\" \/><\/figure><\/li><\/ul><\/figure>\n\n\n\n<p>In 2020, we opted for an efficient, professional tap water filtration system which avoids pollution problems linked to the transport of bottles. <\/p>\n","protected":false},"excerpt":{"rendered":"<p>The Domaine du Ch\u00e2telard has started an ecological labeling process in order to enhance the philosophy that drives the team: welcoming as best as possible in unspoiled nature. This is how in Ch\u00e2telard, you will not find any pesticides, chemical cleaning products, for example\u2026 in the kitchen, local products, in short and seasonal circuits are [&hellip;]<\/p>\n","protected":false},"author":4,"featured_media":0,"parent":0,"menu_order":0,"comment_status":"closed","ping_status":"closed","template":"","meta":{"_acf_changed":false,"footnotes":""},"class_list":["post-3849","page","type-page","status-publish","hentry"],"acf":[],"yoast_head":"<!-- This site is optimized with the Yoast SEO plugin v23.7 - https:\/\/yoast.com\/wordpress\/plugins\/seo\/ -->\n<title>Our ecological approach - Domaine du Ch\u00e2telard - Hotel restaurant Angoul\u00eame<\/title>\n<meta name=\"description\" content=\"The Domaine du Ch\u00e2telard has started an ecological labeling process in order to enhance the philosophy that drives the team: welcoming as best as possible\" \/>\n<meta name=\"robots\" content=\"index, follow, max-snippet:-1, max-image-preview:large, max-video-preview:-1\" \/>\n<link rel=\"canonical\" href=\"https:\/\/domaineduchatelard.com\/en\/our-ecological-approach\/\" \/>\n<meta property=\"og:locale\" content=\"en_US\" \/>\n<meta property=\"og:type\" content=\"article\" \/>\n<meta property=\"og:title\" content=\"Our ecological approach - Domaine du Ch\u00e2telard - Hotel restaurant Angoul\u00eame\" \/>\n<meta property=\"og:description\" content=\"The Domaine du Ch\u00e2telard has started an ecological labeling process in order to enhance the philosophy that drives the team: welcoming as best as possible\" \/>\n<meta property=\"og:url\" content=\"https:\/\/domaineduchatelard.com\/en\/our-ecological-approach\/\" \/>\n<meta property=\"og:site_name\" content=\"Domaine du Ch\u00e2telard\" \/>\n<meta property=\"article:publisher\" content=\"https:\/\/www.facebook.com\/domaineduchatelard\/\" \/>\n<meta property=\"article:modified_time\" content=\"2020-06-29T13:26:39+00:00\" \/>\n<meta property=\"og:image\" content=\"https:\/\/domaineduchatelard.com\/wp-content\/uploads\/2019\/10\/domaine-du-chatelard-association-des-animaux-cistude-d-europe-1024x768.jpg\" \/>\n<meta name=\"twitter:card\" content=\"summary_large_image\" \/>\n<meta name=\"twitter:label1\" content=\"Est. reading time\" \/>\n\t<meta name=\"twitter:data1\" content=\"1 minute\" \/>\n<script type=\"application\/ld+json\" class=\"yoast-schema-graph\">{\"@context\":\"https:\/\/schema.org\",\"@graph\":[{\"@type\":\"WebPage\",\"@id\":\"https:\/\/domaineduchatelard.com\/en\/our-ecological-approach\/\",\"url\":\"https:\/\/domaineduchatelard.com\/en\/our-ecological-approach\/\",\"name\":\"Our ecological approach - Domaine du Ch\u00e2telard - Hotel restaurant Angoul\u00eame\",\"isPartOf\":{\"@id\":\"https:\/\/domaineduchatelard.com\/#website\"},\"primaryImageOfPage\":{\"@id\":\"https:\/\/domaineduchatelard.com\/en\/our-ecological-approach\/#primaryimage\"},\"image\":{\"@id\":\"https:\/\/domaineduchatelard.com\/en\/our-ecological-approach\/#primaryimage\"},\"thumbnailUrl\":\"https:\/\/domaineduchatelard.com\/wp-content\/uploads\/2019\/10\/domaine-du-chatelard-association-des-animaux-cistude-d-europe-1024x768.jpg\",\"datePublished\":\"2020-06-29T13:26:37+00:00\",\"dateModified\":\"2020-06-29T13:26:39+00:00\",\"description\":\"The Domaine du Ch\u00e2telard has started an ecological labeling process in order to enhance the philosophy that drives the team: welcoming as best as possible\",\"breadcrumb\":{\"@id\":\"https:\/\/domaineduchatelard.com\/en\/our-ecological-approach\/#breadcrumb\"},\"inLanguage\":\"en-US\",\"potentialAction\":[{\"@type\":\"ReadAction\",\"target\":[\"https:\/\/domaineduchatelard.com\/en\/our-ecological-approach\/\"]}]},{\"@type\":\"ImageObject\",\"inLanguage\":\"en-US\",\"@id\":\"https:\/\/domaineduchatelard.com\/en\/our-ecological-approach\/#primaryimage\",\"url\":\"https:\/\/domaineduchatelard.com\/wp-content\/uploads\/2019\/10\/domaine-du-chatelard-association-des-animaux-cistude-d-europe-1024x768.jpg\",\"contentUrl\":\"https:\/\/domaineduchatelard.com\/wp-content\/uploads\/2019\/10\/domaine-du-chatelard-association-des-animaux-cistude-d-europe-1024x768.jpg\"},{\"@type\":\"BreadcrumbList\",\"@id\":\"https:\/\/domaineduchatelard.com\/en\/our-ecological-approach\/#breadcrumb\",\"itemListElement\":[{\"@type\":\"ListItem\",\"position\":1,\"name\":\"Accueil\",\"item\":\"https:\/\/domaineduchatelard.com\/en\/\"},{\"@type\":\"ListItem\",\"position\":2,\"name\":\"Our ecological approach\"}]},{\"@type\":\"WebSite\",\"@id\":\"https:\/\/domaineduchatelard.com\/#website\",\"url\":\"https:\/\/domaineduchatelard.com\/\",\"name\":\"Domaine du Ch\u00e2telard - H\u00f4tel restaurant Angoul\u00eame\",\"description\":\"Hotel restaurant Angoul\u00eame\",\"alternateName\":\"DDCH\",\"potentialAction\":[{\"@type\":\"SearchAction\",\"target\":{\"@type\":\"EntryPoint\",\"urlTemplate\":\"https:\/\/domaineduchatelard.com\/?s={search_term_string}\"},\"query-input\":{\"@type\":\"PropertyValueSpecification\",\"valueRequired\":true,\"valueName\":\"search_term_string\"}}],\"inLanguage\":\"en-US\"}]}<\/script>\n<!-- \/ Yoast SEO plugin. -->","yoast_head_json":{"title":"Our ecological approach - Domaine du Ch\u00e2telard - Hotel restaurant Angoul\u00eame","description":"The Domaine du Ch\u00e2telard has started an ecological labeling process in order to enhance the philosophy that drives the team: welcoming as best as possible","robots":{"index":"index","follow":"follow","max-snippet":"max-snippet:-1","max-image-preview":"max-image-preview:large","max-video-preview":"max-video-preview:-1"},"canonical":"https:\/\/domaineduchatelard.com\/en\/our-ecological-approach\/","og_locale":"en_US","og_type":"article","og_title":"Our ecological approach - Domaine du Ch\u00e2telard - Hotel restaurant Angoul\u00eame","og_description":"The Domaine du Ch\u00e2telard has started an ecological labeling process in order to enhance the philosophy that drives the team: welcoming as best as possible","og_url":"https:\/\/domaineduchatelard.com\/en\/our-ecological-approach\/","og_site_name":"Domaine du Ch\u00e2telard","article_publisher":"https:\/\/www.facebook.com\/domaineduchatelard\/","article_modified_time":"2020-06-29T13:26:39+00:00","og_image":[{"url":"https:\/\/domaineduchatelard.com\/wp-content\/uploads\/2019\/10\/domaine-du-chatelard-association-des-animaux-cistude-d-europe-1024x768.jpg"}],"twitter_card":"summary_large_image","twitter_misc":{"Est. reading time":"1 minute"},"schema":{"@context":"https:\/\/schema.org","@graph":[{"@type":"WebPage","@id":"https:\/\/domaineduchatelard.com\/en\/our-ecological-approach\/","url":"https:\/\/domaineduchatelard.com\/en\/our-ecological-approach\/","name":"Our ecological approach - Domaine du Ch\u00e2telard - Hotel restaurant Angoul\u00eame","isPartOf":{"@id":"https:\/\/domaineduchatelard.com\/#website"},"primaryImageOfPage":{"@id":"https:\/\/domaineduchatelard.com\/en\/our-ecological-approach\/#primaryimage"},"image":{"@id":"https:\/\/domaineduchatelard.com\/en\/our-ecological-approach\/#primaryimage"},"thumbnailUrl":"https:\/\/domaineduchatelard.com\/wp-content\/uploads\/2019\/10\/domaine-du-chatelard-association-des-animaux-cistude-d-europe-1024x768.jpg","datePublished":"2020-06-29T13:26:37+00:00","dateModified":"2020-06-29T13:26:39+00:00","description":"The Domaine du Ch\u00e2telard has started an ecological labeling process in order to enhance the philosophy that drives the team: welcoming as best as possible","breadcrumb":{"@id":"https:\/\/domaineduchatelard.com\/en\/our-ecological-approach\/#breadcrumb"},"inLanguage":"en-US","potentialAction":[{"@type":"ReadAction","target":["https:\/\/domaineduchatelard.com\/en\/our-ecological-approach\/"]}]},{"@type":"ImageObject","inLanguage":"en-US","@id":"https:\/\/domaineduchatelard.com\/en\/our-ecological-approach\/#primaryimage","url":"https:\/\/domaineduchatelard.com\/wp-content\/uploads\/2019\/10\/domaine-du-chatelard-association-des-animaux-cistude-d-europe-1024x768.jpg","contentUrl":"https:\/\/domaineduchatelard.com\/wp-content\/uploads\/2019\/10\/domaine-du-chatelard-association-des-animaux-cistude-d-europe-1024x768.jpg"},{"@type":"BreadcrumbList","@id":"https:\/\/domaineduchatelard.com\/en\/our-ecological-approach\/#breadcrumb","itemListElement":[{"@type":"ListItem","position":1,"name":"Accueil","item":"https:\/\/domaineduchatelard.com\/en\/"},{"@type":"ListItem","position":2,"name":"Our ecological approach"}]},{"@type":"WebSite","@id":"https:\/\/domaineduchatelard.com\/#website","url":"https:\/\/domaineduchatelard.com\/","name":"Domaine du Ch\u00e2telard - H\u00f4tel restaurant Angoul\u00eame","description":"Hotel restaurant Angoul\u00eame","alternateName":"DDCH","potentialAction":[{"@type":"SearchAction","target":{"@type":"EntryPoint","urlTemplate":"https:\/\/domaineduchatelard.com\/?s={search_term_string}"},"query-input":{"@type":"PropertyValueSpecification","valueRequired":true,"valueName":"search_term_string"}}],"inLanguage":"en-US"}]}},"_links":{"self":[{"href":"https:\/\/domaineduchatelard.com\/en\/wp-json\/wp\/v2\/pages\/3849"}],"collection":[{"href":"https:\/\/domaineduchatelard.com\/en\/wp-json\/wp\/v2\/pages"}],"about":[{"href":"https:\/\/domaineduchatelard.com\/en\/wp-json\/wp\/v2\/types\/page"}],"author":[{"embeddable":true,"href":"https:\/\/domaineduchatelard.com\/en\/wp-json\/wp\/v2\/users\/4"}],"replies":[{"embeddable":true,"href":"https:\/\/domaineduchatelard.com\/en\/wp-json\/wp\/v2\/comments?post=3849"}],"version-history":[{"count":2,"href":"https:\/\/domaineduchatelard.com\/en\/wp-json\/wp\/v2\/pages\/3849\/revisions"}],"predecessor-version":[{"id":3851,"href":"https:\/\/domaineduchatelard.com\/en\/wp-json\/wp\/v2\/pages\/3849\/revisions\/3851"}],"wp:attachment":[{"href":"https:\/\/domaineduchatelard.com\/en\/wp-json\/wp\/v2\/media?parent=3849"}],"curies":[{"name":"wp","href":"https:\/\/api.w.org\/{rel}","templated":true}]}}