{"id":3778,"date":"2020-06-05T16:11:17","date_gmt":"2020-06-05T14:11:17","guid":{"rendered":"https:\/\/domaineduchatelard.com\/?page_id=3778"},"modified":"2023-07-10T17:10:52","modified_gmt":"2023-07-10T15:10:52","slug":"opening-hours","status":"publish","type":"page","link":"https:\/\/domaineduchatelard.com\/en\/opening-hours\/","title":{"rendered":"Opening hours"},"content":{"rendered":"\n\n<div class=\"menu-item row justify-content-center\">\n  <div class=\"col-md-12 bandeau\" style=\"background: url('') no-repeat center bottom fixed;background-size:cover;height:50vh;\">\n    <div>\n      <h2 class=\"title\"><\/h2>\n      <h3 class=\"subtitle mb-5\"><\/h3>\n    <\/div>\n  <\/div>\n  <div class=\"col-md-8 content\">\n    <p><strong>All year :<\/strong><br \/>\nRestaurant open from Tuesday at noon to Sunday at noon &#8211; Closed on Monday and Sunday evening<\/p>\n<p><strong>June &#8211; July &#8211; August :<\/strong><br \/>\nRestaurant open every day for lunch and dinner \u2013 Monday and Tuesday Menu of the day only for lunch and Unique 3-course menu \u20ac49 in the evening.<\/p>\n<p>&nbsp;<\/p>\n  <\/div>\n<\/div>\n\n\n\n<div class=\"wp-block-button aligncenter\"><a class=\"wp-block-button__link wp-element-button\" href=\"\/nous-contacter\/\">Contact us<\/a><\/div>\n","protected":false},"excerpt":{"rendered":"","protected":false},"author":4,"featured_media":0,"parent":0,"menu_order":0,"comment_status":"closed","ping_status":"closed","template":"","meta":{"_acf_changed":false,"footnotes":""},"class_list":["post-3778","page","type-page","status-publish","hentry"],"acf":[],"yoast_head":"<!-- This site is optimized with the Yoast SEO plugin v23.7 - https:\/\/yoast.com\/wordpress\/plugins\/seo\/ -->\n<title>Opening hours - Domaine du Ch\u00e2telard - Hotel restaurant Angoul\u00eame<\/title>\n<meta name=\"description\" content=\"Contact us\" \/>\n<meta name=\"robots\" content=\"index, follow, max-snippet:-1, max-image-preview:large, max-video-preview:-1\" \/>\n<link rel=\"canonical\" href=\"https:\/\/domaineduchatelard.com\/en\/opening-hours\/\" \/>\n<meta property=\"og:locale\" content=\"en_US\" \/>\n<meta property=\"og:type\" content=\"article\" \/>\n<meta property=\"og:title\" content=\"Opening hours - Domaine du Ch\u00e2telard - Hotel restaurant Angoul\u00eame\" \/>\n<meta property=\"og:description\" content=\"Contact us\" \/>\n<meta property=\"og:url\" content=\"https:\/\/domaineduchatelard.com\/en\/opening-hours\/\" \/>\n<meta property=\"og:site_name\" content=\"Domaine du Ch\u00e2telard\" \/>\n<meta property=\"article:publisher\" content=\"https:\/\/www.facebook.com\/domaineduchatelard\/\" \/>\n<meta property=\"article:modified_time\" content=\"2023-07-10T15:10:52+00:00\" \/>\n<meta name=\"twitter:card\" content=\"summary_large_image\" \/>\n<meta name=\"twitter:label1\" content=\"Est. reading time\" \/>\n\t<meta name=\"twitter:data1\" content=\"1 minute\" \/>\n<script type=\"application\/ld+json\" class=\"yoast-schema-graph\">{\"@context\":\"https:\/\/schema.org\",\"@graph\":[{\"@type\":\"WebPage\",\"@id\":\"https:\/\/domaineduchatelard.com\/en\/opening-hours\/\",\"url\":\"https:\/\/domaineduchatelard.com\/en\/opening-hours\/\",\"name\":\"Opening hours - Domaine du Ch\u00e2telard - Hotel restaurant Angoul\u00eame\",\"isPartOf\":{\"@id\":\"https:\/\/domaineduchatelard.com\/#website\"},\"datePublished\":\"2020-06-05T14:11:17+00:00\",\"dateModified\":\"2023-07-10T15:10:52+00:00\",\"description\":\"Contact us\",\"breadcrumb\":{\"@id\":\"https:\/\/domaineduchatelard.com\/en\/opening-hours\/#breadcrumb\"},\"inLanguage\":\"en-US\",\"potentialAction\":[{\"@type\":\"ReadAction\",\"target\":[\"https:\/\/domaineduchatelard.com\/en\/opening-hours\/\"]}]},{\"@type\":\"BreadcrumbList\",\"@id\":\"https:\/\/domaineduchatelard.com\/en\/opening-hours\/#breadcrumb\",\"itemListElement\":[{\"@type\":\"ListItem\",\"position\":1,\"name\":\"Accueil\",\"item\":\"https:\/\/domaineduchatelard.com\/en\/\"},{\"@type\":\"ListItem\",\"position\":2,\"name\":\"Opening hours\"}]},{\"@type\":\"WebSite\",\"@id\":\"https:\/\/domaineduchatelard.com\/#website\",\"url\":\"https:\/\/domaineduchatelard.com\/\",\"name\":\"Domaine du Ch\u00e2telard - H\u00f4tel restaurant Angoul\u00eame\",\"description\":\"Hotel restaurant Angoul\u00eame\",\"alternateName\":\"DDCH\",\"potentialAction\":[{\"@type\":\"SearchAction\",\"target\":{\"@type\":\"EntryPoint\",\"urlTemplate\":\"https:\/\/domaineduchatelard.com\/?s={search_term_string}\"},\"query-input\":{\"@type\":\"PropertyValueSpecification\",\"valueRequired\":true,\"valueName\":\"search_term_string\"}}],\"inLanguage\":\"en-US\"}]}<\/script>\n<!-- \/ Yoast SEO plugin. -->","yoast_head_json":{"title":"Opening hours - Domaine du Ch\u00e2telard - Hotel restaurant Angoul\u00eame","description":"Contact us","robots":{"index":"index","follow":"follow","max-snippet":"max-snippet:-1","max-image-preview":"max-image-preview:large","max-video-preview":"max-video-preview:-1"},"canonical":"https:\/\/domaineduchatelard.com\/en\/opening-hours\/","og_locale":"en_US","og_type":"article","og_title":"Opening hours - Domaine du Ch\u00e2telard - Hotel restaurant Angoul\u00eame","og_description":"Contact us","og_url":"https:\/\/domaineduchatelard.com\/en\/opening-hours\/","og_site_name":"Domaine du Ch\u00e2telard","article_publisher":"https:\/\/www.facebook.com\/domaineduchatelard\/","article_modified_time":"2023-07-10T15:10:52+00:00","twitter_card":"summary_large_image","twitter_misc":{"Est. reading time":"1 minute"},"schema":{"@context":"https:\/\/schema.org","@graph":[{"@type":"WebPage","@id":"https:\/\/domaineduchatelard.com\/en\/opening-hours\/","url":"https:\/\/domaineduchatelard.com\/en\/opening-hours\/","name":"Opening hours - Domaine du Ch\u00e2telard - Hotel restaurant Angoul\u00eame","isPartOf":{"@id":"https:\/\/domaineduchatelard.com\/#website"},"datePublished":"2020-06-05T14:11:17+00:00","dateModified":"2023-07-10T15:10:52+00:00","description":"Contact us","breadcrumb":{"@id":"https:\/\/domaineduchatelard.com\/en\/opening-hours\/#breadcrumb"},"inLanguage":"en-US","potentialAction":[{"@type":"ReadAction","target":["https:\/\/domaineduchatelard.com\/en\/opening-hours\/"]}]},{"@type":"BreadcrumbList","@id":"https:\/\/domaineduchatelard.com\/en\/opening-hours\/#breadcrumb","itemListElement":[{"@type":"ListItem","position":1,"name":"Accueil","item":"https:\/\/domaineduchatelard.com\/en\/"},{"@type":"ListItem","position":2,"name":"Opening hours"}]},{"@type":"WebSite","@id":"https:\/\/domaineduchatelard.com\/#website","url":"https:\/\/domaineduchatelard.com\/","name":"Domaine du Ch\u00e2telard - H\u00f4tel restaurant Angoul\u00eame","description":"Hotel restaurant Angoul\u00eame","alternateName":"DDCH","potentialAction":[{"@type":"SearchAction","target":{"@type":"EntryPoint","urlTemplate":"https:\/\/domaineduchatelard.com\/?s={search_term_string}"},"query-input":{"@type":"PropertyValueSpecification","valueRequired":true,"valueName":"search_term_string"}}],"inLanguage":"en-US"}]}},"_links":{"self":[{"href":"https:\/\/domaineduchatelard.com\/en\/wp-json\/wp\/v2\/pages\/3778"}],"collection":[{"href":"https:\/\/domaineduchatelard.com\/en\/wp-json\/wp\/v2\/pages"}],"about":[{"href":"https:\/\/domaineduchatelard.com\/en\/wp-json\/wp\/v2\/types\/page"}],"author":[{"embeddable":true,"href":"https:\/\/domaineduchatelard.com\/en\/wp-json\/wp\/v2\/users\/4"}],"replies":[{"embeddable":true,"href":"https:\/\/domaineduchatelard.com\/en\/wp-json\/wp\/v2\/comments?post=3778"}],"version-history":[{"count":4,"href":"https:\/\/domaineduchatelard.com\/en\/wp-json\/wp\/v2\/pages\/3778\/revisions"}],"predecessor-version":[{"id":6940,"href":"https:\/\/domaineduchatelard.com\/en\/wp-json\/wp\/v2\/pages\/3778\/revisions\/6940"}],"wp:attachment":[{"href":"https:\/\/domaineduchatelard.com\/en\/wp-json\/wp\/v2\/media?parent=3778"}],"curies":[{"name":"wp","href":"https:\/\/api.w.org\/{rel}","templated":true}]}}