{"id":3748,"date":"2020-06-03T22:33:44","date_gmt":"2020-06-03T20:33:44","guid":{"rendered":"https:\/\/domaineduchatelard.com\/?page_id=3748"},"modified":"2020-06-03T22:33:47","modified_gmt":"2020-06-03T20:33:47","slug":"legal-notice","status":"publish","type":"page","link":"https:\/\/domaineduchatelard.com\/en\/legal-notice\/","title":{"rendered":"Legal Notice"},"content":{"rendered":"\n<h2 class=\"wp-block-heading\">GENERAL INFORMATION<\/h2>\n\n\n\n<p>Website&#8217;s publication director : Pascale Erni &amp; Ivan Gotfredsen<\/p>\n\n\n\n<p>The company which designed and produced the &#8220;domaineduchatelard.com&#8221; website is the company &#8220;Netsive &#8211; Agence Marketing &amp; Communication&#8221; &#8211; N8 H3 ZI Am Bruch, L-3327, Crauthem, Luxembourg, registered in the Trade and Companies Register of Luxembourg under n \u00b0 B170781.<\/p>\n\n\n\n<p>The company providing hosting, direct and permanent storage is &#8220;Netsive &#8211; Marketing &amp; Communication Agency&#8221; &#8211; www.netsive.com<\/p>\n\n\n\n<h2 class=\"wp-block-heading\">TERMS OF USE<\/h2>\n\n\n\n<p>The user of the &#8220;domaineduchatelard.com&#8221; website acknowledges having read these conditions of use for the site and undertakes to comply with them.<\/p>\n\n\n\n<p>The user of the website acknowledges having the skills and means necessary to access and use this site as well as the legal capacity both to visit this site and \/ or any directly accessible page and to conclude an agreement of any kind whether it be. The user of the &#8220;domaineduchatelard.com&#8221; website acknowledges having verified that their computer configuration used contains no viruses and that it is in perfect working order. The user acknowledges having been informed that the \u201cdomaineduchatelard.com\u201d website is accessible 24 hours a day, 7 days a week, with the exception of force majeure, computer difficulties, difficulties linked to the structure of telecommunications networks or technical or maintenance difficulties.<\/p>\n\n\n\n<h2 class=\"wp-block-heading\">RESPONSIBILITIES<\/h2>\n\n\n\n<p>The Domaine du Ch\u00e2telard declines all responsibility in the event of difficulty in accessing its site or interruption of the connection, whatever the cause. In addition, Le Domaine du Ch\u00e2telard cannot be held liable for damage or a virus which could infect the user&#8217;s computer or computer equipment, following use or access to the site.<\/p>\n\n\n\n<h2 class=\"wp-block-heading\">INFORMATIONS CONTAINED ON THE WEBSITE<\/h2>\n\n\n\n<p>The information contained on the \u201cdomaineduchatelard.com\u201d website is for informational purposes only. The Domaine du Ch\u00e2telard cannot guarantee the accuracy, precision, completeness and topicality of the information made available on the site. Le Domaine du Ch\u00e2telard makes every effort to provide users with verified information, but cannot be held responsible for errors, inaccuracies or omissions in the information and services available on this site. The information and documents relating to the Domaine du Ch\u00e2telard are not contractual. Consequently, the user acknowledges using this information under his exclusive responsibility.<\/p>\n\n\n\n<h2 class=\"wp-block-heading\">\u00c9VOLUTION DU SITE<\/h2>\n\n\n\n<p>Les \u00e9l\u00e9ments pr\u00e9sent\u00e9s sur ce site sont susceptibles de modification sans pr\u00e9avis et sont mis \u00e0 disposition sans aucune garantie, expresse ou implicite, d\u2019aucune sorte et ne peuvent donner lieu \u00e0 un droit \u00e0 d\u00e9dommagement.<\/p>\n\n\n\n<h2 class=\"wp-block-heading\">DONN\u00c9ES PERSONNELLES<\/h2>\n\n\n\n<p>Les donn\u00e9es collect\u00e9es sur ce site sont destin\u00e9es au Domaine du Ch\u00e2telard qui, de convention expresse, est autoris\u00e9e \u00e0 les conserver en m\u00e9moire informatique. En application de la loi n\u00b078-17 du 6 janvier 1978 relative \u00e0 l\u2019informatique, aux fichiers et aux libert\u00e9s, l\u2019utilisateur dispose des droits d\u2019opposition (article 38 de la loi), d\u2019acc\u00e8s (art. 39 de la loi) de rectification (art.40 de la loi) et de suppression des donn\u00e9es le concernant. Chaque utilisateur peut exiger que soient rectifi\u00e9es, compl\u00e9t\u00e9es, mises \u00e0 jour ou effac\u00e9es les informations qui sont inexactes. L\u2019utilisateur peut exercer les droits pr\u00e9c\u00e9demment \u00e9num\u00e9r\u00e9s en justifiant de son identit\u00e9 en s\u2019adressant au webmestre du site. Les informations communiqu\u00e9es sont destin\u00e9es au Domaine du Ch\u00e2telard, en tant que responsable du traitement, \u00e0 des fins de gestion administrative et commerciale. Aucune information personnelle de l\u2019utilisateur du site internet \u00abdomaineduchatelard.com\u00bb n\u2019est publi\u00e9e \u00e0 l\u2019insu de l\u2019utilisateur, \u00e9chang\u00e9e, transf\u00e9r\u00e9e, c\u00e9d\u00e9e ou vendue sur un support quelconque \u00e0 des tiers. A d\u00e9faut de renseigner les informations obligatoires, les demandes de l\u2019utilisateur ne pourront \u00eatre trait\u00e9es.<\/p>\n\n\n\n<h2 class=\"wp-block-heading\">PROPRI\u00c9T\u00c9 INTELLECTUELLE<\/h2>\n\n\n\n<p>Le Domaine du Ch\u00e2telard est d\u00e9tenteur des droits d\u2019exploitation ou d\u00e9tient des droits d\u2019usage sur tous les \u00e9l\u00e9ments accessibles sur le site, notamment les textes, images, graphismes, logo, ic\u00f4nes, sons, logiciels. Toute reproduction, repr\u00e9sentation, modification, publication, transmission, d\u00e9naturation, totale ou partielle du site ou de son contenu, par quelque proc\u00e9d\u00e9 que ce soit, et sur quelque support que ce soit est interdite. Toute exploitation non autoris\u00e9e du site ou de son contenu, des informations qui y sont diffus\u00e9es engagerait la responsabilit\u00e9 de l\u2019utilisateur et constituerait une contrefa\u00e7on sanctionn\u00e9e par les articles L. 335-2 et suivants du Code de la propri\u00e9t\u00e9 intellectuelle. Dans l\u2019hypoth\u00e8se o\u00f9 l\u2019utilisateur souhaiterait utiliser un des contenus du site (texte, image), ce dernier devra obtenir l\u2019autorisation \u00e9crite, expresse et pr\u00e9alable du Domaine du Ch\u00e2telard en envoyant un courriel au webmestre.<\/p>\n\n\n\n<h2 class=\"wp-block-heading\">MARQUES ET LOGOS<\/h2>\n\n\n\n<p>Les marques et logos figurant sur le site sont des marques d\u00e9pos\u00e9es par leurs propri\u00e9taires respectifs. Conform\u00e9ment \u00e0 la l\u00e9gislation fran\u00e7aise toute reproduction ou repr\u00e9sentation totale ou partielle de ces marques ou logos, seules ou int\u00e9gr\u00e9es \u00e0 d\u2019autres \u00e9l\u00e9ments, sans l\u2019autorisation \u00e9crite, expresse et pr\u00e9alable du propri\u00e9taire de la marque ou du logo est prohib\u00e9e, et engagerait la responsabilit\u00e9 de l\u2019utilisateur au sens des articles L. 713-2 et L. 713-3 du Code de la propri\u00e9t\u00e9 intellectuelle.<\/p>\n\n\n\n<h2 class=\"wp-block-heading\">LIENS HYPERTEXTES ET T\u00c9MOINS DE CONNEXIONS (COOKIES)<\/h2>\n\n\n\n<p>Les liens hypertextes mis en place dans le cadre du site internet \u00abdomaineduchatelard.com\u00bb en direction d\u2019autres ressources pr\u00e9sentes sur le r\u00e9seau Internet ont fait l\u2019objet d\u2019une autorisation pr\u00e9alable et expresse. Toutefois, le Domaine du Ch\u00e2telard n\u2019est pas l\u2019\u00e9diteur de ces sites et ne peut pas contr\u00f4ler leur contenu. En cons\u00e9quence, le Domaine du Ch\u00e2telard  ne pourra \u00eatre en aucun cas tenue pour responsable du contenu des sites ainsi accessibles ou des \u00e9ventuelles collectes et transmission de donn\u00e9es personnelles, installation de cookies ou tout autre proc\u00e9d\u00e9 tendant aux m\u00eames fins, effectu\u00e9s par ces sites. La navigation sur le site internet \u00abdomainduchatelard.com\u00bb est susceptible de provoquer l\u2019installation de cookie(s) sur l\u2019ordinateur de l\u2019utilisateur. Le refus d\u2019installation d\u2019un cookie peut entra\u00eener l\u2019impossibilit\u00e9 d\u2019acc\u00e9der \u00e0 certains services.<\/p>\n\n\n\n<h2 class=\"wp-block-heading\">MODIFICATION DES MENTIONS L\u00c9GALES<\/h2>\n\n\n\n<p>Le Domaine du Ch\u00e2telard se r\u00e9serve le droit de modifier les mentions l\u00e9gales \u00e0 tout moment. L\u2019utilisateur s\u2019engage donc \u00e0 la consulter r\u00e9guli\u00e8rement. Droit applicable et attribution de juridiction : Tout litige en relation avec l\u2019utilisation du site internet \u00abdomaineduchatelard.com\u00bb est soumis au droit fran\u00e7ais. <\/p>\n\n\n\n<h2 class=\"wp-block-heading\">CR\u00c9DITS IDENTIT\u00c9 DIGITALE \u2013 AGENCE DE COMMUNICATION<\/h2>\n\n\n\n<p>Conception graphique &amp; d\u00e9veloppement technique par Netsive \u2013 Agence Marketing &amp; Communication Luxembourg, France, Belgique H\u00e9bergement : Netsive \u2013 Agence Marketing &amp; Communication, Luxembourg<\/p>\n\n\n\n<h2 class=\"wp-block-heading\">CR\u00c9DIT PHOTOGRAPHIES<\/h2>\n","protected":false},"excerpt":{"rendered":"<p>GENERAL INFORMATION Website&#8217;s publication director : Pascale Erni &amp; Ivan Gotfredsen The company which designed and produced the &#8220;domaineduchatelard.com&#8221; website is the company &#8220;Netsive &#8211; Agence Marketing &amp; Communication&#8221; &#8211; N8 H3 ZI Am Bruch, L-3327, Crauthem, Luxembourg, registered in the Trade and Companies Register of Luxembourg under n \u00b0 B170781. The company providing hosting, [&hellip;]<\/p>\n","protected":false},"author":4,"featured_media":0,"parent":0,"menu_order":0,"comment_status":"closed","ping_status":"closed","template":"","meta":{"_acf_changed":false,"footnotes":""},"class_list":["post-3748","page","type-page","status-publish","hentry"],"acf":[],"yoast_head":"<!-- This site is optimized with the Yoast SEO plugin v23.7 - https:\/\/yoast.com\/wordpress\/plugins\/seo\/ -->\n<title>Legal Notice - Domaine du Ch\u00e2telard - Hotel restaurant Angoul\u00eame<\/title>\n<meta name=\"description\" content=\"GENERAL INFORMATION Website&#039;s publication director : Pascale Erni &amp; Ivan Gotfredsen The company which designed and produced the\" \/>\n<meta name=\"robots\" content=\"index, follow, max-snippet:-1, max-image-preview:large, max-video-preview:-1\" \/>\n<link rel=\"canonical\" href=\"https:\/\/domaineduchatelard.com\/en\/legal-notice\/\" \/>\n<meta property=\"og:locale\" content=\"en_US\" \/>\n<meta property=\"og:type\" content=\"article\" \/>\n<meta property=\"og:title\" content=\"Legal Notice - Domaine du Ch\u00e2telard - Hotel restaurant Angoul\u00eame\" \/>\n<meta property=\"og:description\" content=\"GENERAL INFORMATION Website&#039;s publication director : Pascale Erni &amp; Ivan Gotfredsen The company which designed and produced the\" \/>\n<meta property=\"og:url\" content=\"https:\/\/domaineduchatelard.com\/en\/legal-notice\/\" \/>\n<meta property=\"og:site_name\" content=\"Domaine du Ch\u00e2telard\" \/>\n<meta property=\"article:publisher\" content=\"https:\/\/www.facebook.com\/domaineduchatelard\/\" \/>\n<meta property=\"article:modified_time\" content=\"2020-06-03T20:33:47+00:00\" \/>\n<meta name=\"twitter:card\" content=\"summary_large_image\" \/>\n<meta name=\"twitter:label1\" content=\"Est. reading time\" \/>\n\t<meta name=\"twitter:data1\" content=\"6 minutes\" \/>\n<script type=\"application\/ld+json\" class=\"yoast-schema-graph\">{\"@context\":\"https:\/\/schema.org\",\"@graph\":[{\"@type\":\"WebPage\",\"@id\":\"https:\/\/domaineduchatelard.com\/en\/legal-notice\/\",\"url\":\"https:\/\/domaineduchatelard.com\/en\/legal-notice\/\",\"name\":\"Legal Notice - Domaine du Ch\u00e2telard - Hotel restaurant Angoul\u00eame\",\"isPartOf\":{\"@id\":\"https:\/\/domaineduchatelard.com\/#website\"},\"datePublished\":\"2020-06-03T20:33:44+00:00\",\"dateModified\":\"2020-06-03T20:33:47+00:00\",\"description\":\"GENERAL INFORMATION Website's publication director : Pascale Erni &amp; Ivan Gotfredsen The company which designed and produced the\",\"breadcrumb\":{\"@id\":\"https:\/\/domaineduchatelard.com\/en\/legal-notice\/#breadcrumb\"},\"inLanguage\":\"en-US\",\"potentialAction\":[{\"@type\":\"ReadAction\",\"target\":[\"https:\/\/domaineduchatelard.com\/en\/legal-notice\/\"]}]},{\"@type\":\"BreadcrumbList\",\"@id\":\"https:\/\/domaineduchatelard.com\/en\/legal-notice\/#breadcrumb\",\"itemListElement\":[{\"@type\":\"ListItem\",\"position\":1,\"name\":\"Accueil\",\"item\":\"https:\/\/domaineduchatelard.com\/en\/\"},{\"@type\":\"ListItem\",\"position\":2,\"name\":\"Legal Notice\"}]},{\"@type\":\"WebSite\",\"@id\":\"https:\/\/domaineduchatelard.com\/#website\",\"url\":\"https:\/\/domaineduchatelard.com\/\",\"name\":\"Domaine du Ch\u00e2telard - H\u00f4tel restaurant Angoul\u00eame\",\"description\":\"Hotel restaurant Angoul\u00eame\",\"alternateName\":\"DDCH\",\"potentialAction\":[{\"@type\":\"SearchAction\",\"target\":{\"@type\":\"EntryPoint\",\"urlTemplate\":\"https:\/\/domaineduchatelard.com\/?s={search_term_string}\"},\"query-input\":{\"@type\":\"PropertyValueSpecification\",\"valueRequired\":true,\"valueName\":\"search_term_string\"}}],\"inLanguage\":\"en-US\"}]}<\/script>\n<!-- \/ Yoast SEO plugin. -->","yoast_head_json":{"title":"Legal Notice - Domaine du Ch\u00e2telard - Hotel restaurant Angoul\u00eame","description":"GENERAL INFORMATION Website's publication director : Pascale Erni &amp; Ivan Gotfredsen The company which designed and produced the","robots":{"index":"index","follow":"follow","max-snippet":"max-snippet:-1","max-image-preview":"max-image-preview:large","max-video-preview":"max-video-preview:-1"},"canonical":"https:\/\/domaineduchatelard.com\/en\/legal-notice\/","og_locale":"en_US","og_type":"article","og_title":"Legal Notice - Domaine du Ch\u00e2telard - Hotel restaurant Angoul\u00eame","og_description":"GENERAL INFORMATION Website's publication director : Pascale Erni &amp; Ivan Gotfredsen The company which designed and produced the","og_url":"https:\/\/domaineduchatelard.com\/en\/legal-notice\/","og_site_name":"Domaine du Ch\u00e2telard","article_publisher":"https:\/\/www.facebook.com\/domaineduchatelard\/","article_modified_time":"2020-06-03T20:33:47+00:00","twitter_card":"summary_large_image","twitter_misc":{"Est. reading time":"6 minutes"},"schema":{"@context":"https:\/\/schema.org","@graph":[{"@type":"WebPage","@id":"https:\/\/domaineduchatelard.com\/en\/legal-notice\/","url":"https:\/\/domaineduchatelard.com\/en\/legal-notice\/","name":"Legal Notice - Domaine du Ch\u00e2telard - Hotel restaurant Angoul\u00eame","isPartOf":{"@id":"https:\/\/domaineduchatelard.com\/#website"},"datePublished":"2020-06-03T20:33:44+00:00","dateModified":"2020-06-03T20:33:47+00:00","description":"GENERAL INFORMATION Website's publication director : Pascale Erni &amp; Ivan Gotfredsen The company which designed and produced the","breadcrumb":{"@id":"https:\/\/domaineduchatelard.com\/en\/legal-notice\/#breadcrumb"},"inLanguage":"en-US","potentialAction":[{"@type":"ReadAction","target":["https:\/\/domaineduchatelard.com\/en\/legal-notice\/"]}]},{"@type":"BreadcrumbList","@id":"https:\/\/domaineduchatelard.com\/en\/legal-notice\/#breadcrumb","itemListElement":[{"@type":"ListItem","position":1,"name":"Accueil","item":"https:\/\/domaineduchatelard.com\/en\/"},{"@type":"ListItem","position":2,"name":"Legal Notice"}]},{"@type":"WebSite","@id":"https:\/\/domaineduchatelard.com\/#website","url":"https:\/\/domaineduchatelard.com\/","name":"Domaine du Ch\u00e2telard - H\u00f4tel restaurant Angoul\u00eame","description":"Hotel restaurant Angoul\u00eame","alternateName":"DDCH","potentialAction":[{"@type":"SearchAction","target":{"@type":"EntryPoint","urlTemplate":"https:\/\/domaineduchatelard.com\/?s={search_term_string}"},"query-input":{"@type":"PropertyValueSpecification","valueRequired":true,"valueName":"search_term_string"}}],"inLanguage":"en-US"}]}},"_links":{"self":[{"href":"https:\/\/domaineduchatelard.com\/en\/wp-json\/wp\/v2\/pages\/3748"}],"collection":[{"href":"https:\/\/domaineduchatelard.com\/en\/wp-json\/wp\/v2\/pages"}],"about":[{"href":"https:\/\/domaineduchatelard.com\/en\/wp-json\/wp\/v2\/types\/page"}],"author":[{"embeddable":true,"href":"https:\/\/domaineduchatelard.com\/en\/wp-json\/wp\/v2\/users\/4"}],"replies":[{"embeddable":true,"href":"https:\/\/domaineduchatelard.com\/en\/wp-json\/wp\/v2\/comments?post=3748"}],"version-history":[{"count":1,"href":"https:\/\/domaineduchatelard.com\/en\/wp-json\/wp\/v2\/pages\/3748\/revisions"}],"predecessor-version":[{"id":3749,"href":"https:\/\/domaineduchatelard.com\/en\/wp-json\/wp\/v2\/pages\/3748\/revisions\/3749"}],"wp:attachment":[{"href":"https:\/\/domaineduchatelard.com\/en\/wp-json\/wp\/v2\/media?parent=3748"}],"curies":[{"name":"wp","href":"https:\/\/api.w.org\/{rel}","templated":true}]}}