{"id":3722,"date":"2020-06-03T16:56:51","date_gmt":"2020-06-03T14:56:51","guid":{"rendered":"https:\/\/domaineduchatelard.com\/?page_id=3722"},"modified":"2025-05-26T11:54:36","modified_gmt":"2025-05-26T09:54:36","slug":"hotel-rooms","status":"publish","type":"page","link":"https:\/\/domaineduchatelard.com\/en\/hotel-rooms\/","title":{"rendered":"The Rooms"},"content":{"rendered":"  <div class=\"slideshow row\">\n    <div id=\"slideshow-block_737f288898c479e8b2bbc47402b8e402\" class=\"carousel slide \" data-ride=\"carousel\">\n      <div class=\"carousel-inner\">\n                                          <div class=\"carousel-item active\" >\n              <img decoding=\"async\" src=\"https:\/\/domaineduchatelard.com\/wp-content\/uploads\/2019\/09\/domaine-du-chatelard-dirac-proche-angouleme-suites-junior-6.jpg\"\n              sizes=\"100vw\"\n              srcset=\"https:\/\/domaineduchatelard.com\/wp-content\/uploads\/2019\/09\/domaine-du-chatelard-dirac-proche-angouleme-suites-junior-6.jpg 2000w,\n              https:\/\/domaineduchatelard.com\/wp-content\/uploads\/2019\/09\/domaine-du-chatelard-dirac-proche-angouleme-suites-junior-6-1024x682.jpg 1024w,\n              https:\/\/domaineduchatelard.com\/wp-content\/uploads\/2019\/09\/domaine-du-chatelard-dirac-proche-angouleme-suites-junior-6-768x512.jpg 768w\"\n              alt=\"\">\n                              <div class=\"carousel-caption d-none d-md-block\">\n                  <h2 class=\"title\">The Rooms<\/h2>\n                  <p><\/p>\n                <\/div>\n                          <\/div>\n                                    <div class=\"carousel-item \" >\n              <img decoding=\"async\" src=\"https:\/\/domaineduchatelard.com\/wp-content\/uploads\/2023\/02\/IMG_20230221_160410-scaled.jpg\"\n              sizes=\"100vw\"\n              srcset=\"https:\/\/domaineduchatelard.com\/wp-content\/uploads\/2023\/02\/IMG_20230221_160410-scaled.jpg 2560w,\n              https:\/\/domaineduchatelard.com\/wp-content\/uploads\/2023\/02\/IMG_20230221_160410-1024x462.jpg 1024w,\n              https:\/\/domaineduchatelard.com\/wp-content\/uploads\/2023\/02\/IMG_20230221_160410-768x346.jpg 768w\"\n              alt=\"\">\n                          <\/div>\n                                    <div class=\"carousel-item \" >\n              <img decoding=\"async\" src=\"https:\/\/domaineduchatelard.com\/wp-content\/uploads\/2023\/12\/domaine-du-chatelard-chambres-standard.jpg\"\n              sizes=\"100vw\"\n              srcset=\"https:\/\/domaineduchatelard.com\/wp-content\/uploads\/2023\/12\/domaine-du-chatelard-chambres-standard.jpg 1072w,\n              https:\/\/domaineduchatelard.com\/wp-content\/uploads\/2023\/12\/domaine-du-chatelard-chambres-standard-762x1024.jpg 1024w,\n              https:\/\/domaineduchatelard.com\/wp-content\/uploads\/2023\/12\/domaine-du-chatelard-chambres-standard-768x1032.jpg 768w\"\n              alt=\"\">\n                          <\/div>\n                                    <div class=\"carousel-item \" >\n              <img decoding=\"async\" src=\"https:\/\/domaineduchatelard.com\/wp-content\/uploads\/2023\/12\/domaine-du-chatelard-chambres-superieures.jpg\"\n              sizes=\"100vw\"\n              srcset=\"https:\/\/domaineduchatelard.com\/wp-content\/uploads\/2023\/12\/domaine-du-chatelard-chambres-superieures.jpg 1072w,\n              https:\/\/domaineduchatelard.com\/wp-content\/uploads\/2023\/12\/domaine-du-chatelard-chambres-superieures-762x1024.jpg 1024w,\n              https:\/\/domaineduchatelard.com\/wp-content\/uploads\/2023\/12\/domaine-du-chatelard-chambres-superieures-768x1032.jpg 768w\"\n              alt=\"\">\n                          <\/div>\n                              <\/div>\n        <div class=\"carousel-ctrl\">\n<a class=\"carousel-control-prev\" aria-label=\"Show previous slide\" href=\"#slideshow-block_737f288898c479e8b2bbc47402b8e402\" role=\"button\" data-slide=\"prev\"><span class=\"arrowl\"><\/span><\/a>\n<a class=\"carousel-control-next\" aria-label=\"Show next slide\" href=\"#slideshow-block_737f288898c479e8b2bbc47402b8e402\" role=\"button\" data-slide=\"next\"><span class=\"arrowr\"><\/span><\/a>\n<\/div>\n                  <ol class=\"carousel-indicators\">\n                                      <li data-target=\"#slideshow-block_737f288898c479e8b2bbc47402b8e402\" data-slide-to=\"0\" class=\"active\"><\/li>\n                          <li data-target=\"#slideshow-block_737f288898c479e8b2bbc47402b8e402\" data-slide-to=\"1\" class=\"\"><\/li>\n                          <li data-target=\"#slideshow-block_737f288898c479e8b2bbc47402b8e402\" data-slide-to=\"2\" class=\"\"><\/li>\n                          <li data-target=\"#slideshow-block_737f288898c479e8b2bbc47402b8e402\" data-slide-to=\"3\" class=\"\"><\/li>\n                      <\/ol>\n              <\/div>\n      <!-- <?php\/\/ if($nb_slide > 1):?>\n      <ol class=\"carousel-indicators\"><\/ol>\n       -->\n  <\/div>\n\n\n\n<div style=\"height:55px\" aria-hidden=\"true\" class=\"wp-block-spacer\"><\/div>\n\n\n\n<p>Domaine du Chatelard offers <strong>12 rooms<\/strong> for rent, all <strong>individually decorated,<\/strong> combining charm, comfort and sobriety.<\/p>\n\n\n\n<p>Rooms range in size from <strong>15 to 30 m\u00b2<\/strong>, and two of them are <strong>connected by the bathroom<\/strong>, ideal for families or multi-bedroom stays.<\/p>\n","protected":false},"excerpt":{"rendered":"<p>Domaine du Chatelard offers 12 rooms for rent, all individually decorated, combining charm, comfort and sobriety. Rooms range in size from 15 to 30 m\u00b2, and two of them are connected by the bathroom, ideal for families or multi-bedroom stays.<\/p>\n","protected":false},"author":4,"featured_media":0,"parent":0,"menu_order":0,"comment_status":"closed","ping_status":"closed","template":"","meta":{"_acf_changed":false,"footnotes":""},"class_list":["post-3722","page","type-page","status-publish","hentry"],"acf":[],"yoast_head":"<!-- This site is optimized with the Yoast SEO plugin v23.7 - https:\/\/yoast.com\/wordpress\/plugins\/seo\/ -->\n<title>The Rooms - Domaine du Ch\u00e2telard - Hotel restaurant Angoul\u00eame<\/title>\n<meta name=\"description\" content=\"Domaine du Chatelard offers 12 rooms for rent, all individually decorated, combining charm, comfort and sobriety. Rooms range in size from 15 to 30 m\u00b2,\" \/>\n<meta name=\"robots\" content=\"index, follow, max-snippet:-1, max-image-preview:large, max-video-preview:-1\" \/>\n<link rel=\"canonical\" href=\"https:\/\/domaineduchatelard.com\/en\/hotel-rooms\/\" \/>\n<meta property=\"og:locale\" content=\"en_US\" \/>\n<meta property=\"og:type\" content=\"article\" \/>\n<meta property=\"og:title\" content=\"The Rooms - Domaine du Ch\u00e2telard - Hotel restaurant Angoul\u00eame\" \/>\n<meta property=\"og:description\" content=\"Domaine du Chatelard offers 12 rooms for rent, all individually decorated, combining charm, comfort and sobriety. Rooms range in size from 15 to 30 m\u00b2,\" \/>\n<meta property=\"og:url\" content=\"https:\/\/domaineduchatelard.com\/en\/hotel-rooms\/\" \/>\n<meta property=\"og:site_name\" content=\"Domaine du Ch\u00e2telard\" \/>\n<meta property=\"article:publisher\" content=\"https:\/\/www.facebook.com\/domaineduchatelard\/\" \/>\n<meta property=\"article:modified_time\" content=\"2025-05-26T09:54:36+00:00\" \/>\n<meta name=\"twitter:card\" content=\"summary_large_image\" \/>\n<meta name=\"twitter:label1\" content=\"Est. reading time\" \/>\n\t<meta name=\"twitter:data1\" content=\"1 minute\" \/>\n<script type=\"application\/ld+json\" class=\"yoast-schema-graph\">{\"@context\":\"https:\/\/schema.org\",\"@graph\":[{\"@type\":\"WebPage\",\"@id\":\"https:\/\/domaineduchatelard.com\/en\/hotel-rooms\/\",\"url\":\"https:\/\/domaineduchatelard.com\/en\/hotel-rooms\/\",\"name\":\"The Rooms - Domaine du Ch\u00e2telard - Hotel restaurant Angoul\u00eame\",\"isPartOf\":{\"@id\":\"https:\/\/domaineduchatelard.com\/#website\"},\"datePublished\":\"2020-06-03T14:56:51+00:00\",\"dateModified\":\"2025-05-26T09:54:36+00:00\",\"description\":\"Domaine du Chatelard offers 12 rooms for rent, all individually decorated, combining charm, comfort and sobriety. Rooms range in size from 15 to 30 m\u00b2,\",\"breadcrumb\":{\"@id\":\"https:\/\/domaineduchatelard.com\/en\/hotel-rooms\/#breadcrumb\"},\"inLanguage\":\"en-US\",\"potentialAction\":[{\"@type\":\"ReadAction\",\"target\":[\"https:\/\/domaineduchatelard.com\/en\/hotel-rooms\/\"]}]},{\"@type\":\"BreadcrumbList\",\"@id\":\"https:\/\/domaineduchatelard.com\/en\/hotel-rooms\/#breadcrumb\",\"itemListElement\":[{\"@type\":\"ListItem\",\"position\":1,\"name\":\"Accueil\",\"item\":\"https:\/\/domaineduchatelard.com\/en\/\"},{\"@type\":\"ListItem\",\"position\":2,\"name\":\"The Rooms\"}]},{\"@type\":\"WebSite\",\"@id\":\"https:\/\/domaineduchatelard.com\/#website\",\"url\":\"https:\/\/domaineduchatelard.com\/\",\"name\":\"Domaine du Ch\u00e2telard - H\u00f4tel restaurant Angoul\u00eame\",\"description\":\"Hotel restaurant Angoul\u00eame\",\"alternateName\":\"DDCH\",\"potentialAction\":[{\"@type\":\"SearchAction\",\"target\":{\"@type\":\"EntryPoint\",\"urlTemplate\":\"https:\/\/domaineduchatelard.com\/?s={search_term_string}\"},\"query-input\":{\"@type\":\"PropertyValueSpecification\",\"valueRequired\":true,\"valueName\":\"search_term_string\"}}],\"inLanguage\":\"en-US\"}]}<\/script>\n<!-- \/ Yoast SEO plugin. -->","yoast_head_json":{"title":"The Rooms - Domaine du Ch\u00e2telard - Hotel restaurant Angoul\u00eame","description":"Domaine du Chatelard offers 12 rooms for rent, all individually decorated, combining charm, comfort and sobriety. Rooms range in size from 15 to 30 m\u00b2,","robots":{"index":"index","follow":"follow","max-snippet":"max-snippet:-1","max-image-preview":"max-image-preview:large","max-video-preview":"max-video-preview:-1"},"canonical":"https:\/\/domaineduchatelard.com\/en\/hotel-rooms\/","og_locale":"en_US","og_type":"article","og_title":"The Rooms - Domaine du Ch\u00e2telard - Hotel restaurant Angoul\u00eame","og_description":"Domaine du Chatelard offers 12 rooms for rent, all individually decorated, combining charm, comfort and sobriety. Rooms range in size from 15 to 30 m\u00b2,","og_url":"https:\/\/domaineduchatelard.com\/en\/hotel-rooms\/","og_site_name":"Domaine du Ch\u00e2telard","article_publisher":"https:\/\/www.facebook.com\/domaineduchatelard\/","article_modified_time":"2025-05-26T09:54:36+00:00","twitter_card":"summary_large_image","twitter_misc":{"Est. reading time":"1 minute"},"schema":{"@context":"https:\/\/schema.org","@graph":[{"@type":"WebPage","@id":"https:\/\/domaineduchatelard.com\/en\/hotel-rooms\/","url":"https:\/\/domaineduchatelard.com\/en\/hotel-rooms\/","name":"The Rooms - Domaine du Ch\u00e2telard - Hotel restaurant Angoul\u00eame","isPartOf":{"@id":"https:\/\/domaineduchatelard.com\/#website"},"datePublished":"2020-06-03T14:56:51+00:00","dateModified":"2025-05-26T09:54:36+00:00","description":"Domaine du Chatelard offers 12 rooms for rent, all individually decorated, combining charm, comfort and sobriety. Rooms range in size from 15 to 30 m\u00b2,","breadcrumb":{"@id":"https:\/\/domaineduchatelard.com\/en\/hotel-rooms\/#breadcrumb"},"inLanguage":"en-US","potentialAction":[{"@type":"ReadAction","target":["https:\/\/domaineduchatelard.com\/en\/hotel-rooms\/"]}]},{"@type":"BreadcrumbList","@id":"https:\/\/domaineduchatelard.com\/en\/hotel-rooms\/#breadcrumb","itemListElement":[{"@type":"ListItem","position":1,"name":"Accueil","item":"https:\/\/domaineduchatelard.com\/en\/"},{"@type":"ListItem","position":2,"name":"The Rooms"}]},{"@type":"WebSite","@id":"https:\/\/domaineduchatelard.com\/#website","url":"https:\/\/domaineduchatelard.com\/","name":"Domaine du Ch\u00e2telard - H\u00f4tel restaurant Angoul\u00eame","description":"Hotel restaurant Angoul\u00eame","alternateName":"DDCH","potentialAction":[{"@type":"SearchAction","target":{"@type":"EntryPoint","urlTemplate":"https:\/\/domaineduchatelard.com\/?s={search_term_string}"},"query-input":{"@type":"PropertyValueSpecification","valueRequired":true,"valueName":"search_term_string"}}],"inLanguage":"en-US"}]}},"_links":{"self":[{"href":"https:\/\/domaineduchatelard.com\/en\/wp-json\/wp\/v2\/pages\/3722"}],"collection":[{"href":"https:\/\/domaineduchatelard.com\/en\/wp-json\/wp\/v2\/pages"}],"about":[{"href":"https:\/\/domaineduchatelard.com\/en\/wp-json\/wp\/v2\/types\/page"}],"author":[{"embeddable":true,"href":"https:\/\/domaineduchatelard.com\/en\/wp-json\/wp\/v2\/users\/4"}],"replies":[{"embeddable":true,"href":"https:\/\/domaineduchatelard.com\/en\/wp-json\/wp\/v2\/comments?post=3722"}],"version-history":[{"count":2,"href":"https:\/\/domaineduchatelard.com\/en\/wp-json\/wp\/v2\/pages\/3722\/revisions"}],"predecessor-version":[{"id":8495,"href":"https:\/\/domaineduchatelard.com\/en\/wp-json\/wp\/v2\/pages\/3722\/revisions\/8495"}],"wp:attachment":[{"href":"https:\/\/domaineduchatelard.com\/en\/wp-json\/wp\/v2\/media?parent=3722"}],"curies":[{"name":"wp","href":"https:\/\/api.w.org\/{rel}","templated":true}]}}