{"id":3688,"date":"2020-06-03T16:39:21","date_gmt":"2020-06-03T14:39:21","guid":{"rendered":"https:\/\/domaineduchatelard.com\/?page_id=3688"},"modified":"2020-06-03T16:39:24","modified_gmt":"2020-06-03T14:39:24","slug":"activities","status":"publish","type":"page","link":"https:\/\/domaineduchatelard.com\/en\/activities\/","title":{"rendered":"Activities"},"content":{"rendered":"  <div class=\"slideshow row\">\n    <div id=\"slideshow-block_5d3f04ba6d057\" class=\"carousel slide \" data-ride=\"carousel\">\n      <div class=\"carousel-inner\">\n                                          <div class=\"carousel-item active\" >\n              <img decoding=\"async\" src=\"\"\n              sizes=\"100vw\"\n              srcset=\" w,\n               1024w,\n               768w\"\n              alt=\"\">\n                              <div class=\"carousel-caption d-none d-md-block\">\n                  <h2 class=\"title\">Activities<\/h2>\n                  <p><\/p>\n                <\/div>\n                          <\/div>\n                                    <div class=\"carousel-item \" >\n              <img decoding=\"async\" src=\"https:\/\/domaineduchatelard.com\/wp-content\/uploads\/2019\/06\/domaine-du-chatelard-hotel-angouleme-14.jpg\"\n              sizes=\"100vw\"\n              srcset=\"https:\/\/domaineduchatelard.com\/wp-content\/uploads\/2019\/06\/domaine-du-chatelard-hotel-angouleme-14.jpg 2500w,\n              https:\/\/domaineduchatelard.com\/wp-content\/uploads\/2019\/06\/domaine-du-chatelard-hotel-angouleme-14-1024x683.jpg 1024w,\n              https:\/\/domaineduchatelard.com\/wp-content\/uploads\/2019\/06\/domaine-du-chatelard-hotel-angouleme-14-768x512.jpg 768w\"\n              alt=\"\">\n                              <div class=\"carousel-caption d-none d-md-block\">\n                  <h2 class=\"title\">Activities<\/h2>\n                  <p><\/p>\n                <\/div>\n                          <\/div>\n                                    <div class=\"carousel-item \" >\n              <img decoding=\"async\" src=\"https:\/\/domaineduchatelard.com\/wp-content\/uploads\/2020\/05\/IMG-20200531-WA0005.jpg\"\n              sizes=\"100vw\"\n              srcset=\"https:\/\/domaineduchatelard.com\/wp-content\/uploads\/2020\/05\/IMG-20200531-WA0005.jpg 1376w,\n              https:\/\/domaineduchatelard.com\/wp-content\/uploads\/2020\/05\/IMG-20200531-WA0005-1024x576.jpg 1024w,\n              https:\/\/domaineduchatelard.com\/wp-content\/uploads\/2020\/05\/IMG-20200531-WA0005-768x432.jpg 768w\"\n              alt=\"\">\n                              <div class=\"carousel-caption d-none d-md-block\">\n                  <h2 class=\"title\">Activities<\/h2>\n                  <p><\/p>\n                <\/div>\n                          <\/div>\n                                    <div class=\"carousel-item \" >\n              <img decoding=\"async\" src=\"https:\/\/domaineduchatelard.com\/wp-content\/uploads\/2020\/05\/IMG-20200531-WA0003.jpg\"\n              sizes=\"100vw\"\n              srcset=\"https:\/\/domaineduchatelard.com\/wp-content\/uploads\/2020\/05\/IMG-20200531-WA0003.jpg 1376w,\n              https:\/\/domaineduchatelard.com\/wp-content\/uploads\/2020\/05\/IMG-20200531-WA0003-1024x576.jpg 1024w,\n              https:\/\/domaineduchatelard.com\/wp-content\/uploads\/2020\/05\/IMG-20200531-WA0003-768x432.jpg 768w\"\n              alt=\"\">\n                              <div class=\"carousel-caption d-none d-md-block\">\n                  <h2 class=\"title\">Activities<\/h2>\n                  <p><\/p>\n                <\/div>\n                          <\/div>\n                              <\/div>\n        <div class=\"carousel-ctrl\">\n<a class=\"carousel-control-prev\" aria-label=\"Show previous slide\" href=\"#slideshow-block_5d3f04ba6d057\" role=\"button\" data-slide=\"prev\"><span class=\"arrowl\"><\/span><\/a>\n<a class=\"carousel-control-next\" aria-label=\"Show next slide\" href=\"#slideshow-block_5d3f04ba6d057\" role=\"button\" data-slide=\"next\"><span class=\"arrowr\"><\/span><\/a>\n<\/div>\n                  <ol class=\"carousel-indicators\">\n                                      <li data-target=\"#slideshow-block_5d3f04ba6d057\" data-slide-to=\"0\" class=\"active\"><\/li>\n                          <li data-target=\"#slideshow-block_5d3f04ba6d057\" data-slide-to=\"1\" class=\"\"><\/li>\n                          <li data-target=\"#slideshow-block_5d3f04ba6d057\" data-slide-to=\"2\" class=\"\"><\/li>\n                          <li data-target=\"#slideshow-block_5d3f04ba6d057\" data-slide-to=\"3\" class=\"\"><\/li>\n                      <\/ol>\n              <\/div>\n      <!-- <?php\/\/ if($nb_slide > 1):?>\n      <ol class=\"carousel-indicators\"><\/ol>\n       -->\n  <\/div>\n\n\n\n<p class=\"mt-5\"><strong>At the Domaine, our customers who stay at the hotel benefit from a timeless place of fulfillment, with in particular :<\/strong><\/p>\n\n\n\n<p>Marked paths for hiking or mountain biking, with annotations on history, fauna and flora etc &#8230; we lend bikes on request, subject to availability.<\/p>\n\n\n\n<p>The 20-meter long outdoor swimming pool (unheated) from June to September installed in the heart of nature.<\/p>\n\n\n\n<p>The tennis court (loan of rackets and balls on request)<\/p>\n\n\n\n<p>The p\u00e9tanque area (loan of balls on request)<\/p>\n\n\n\n<p>The rowboat and two canoes for a peaceful ride on the private lake<\/p>\n\n\n\n<figure class=\"wp-block-gallery columns-2 is-cropped justify-content-center wp-block-gallery-1 is-layout-flex wp-block-gallery-is-layout-flex\"><ul class=\"blocks-gallery-grid\"><li class=\"blocks-gallery-item\"><figure><img loading=\"lazy\" decoding=\"async\" width=\"1024\" height=\"680\" src=\"http:\/\/domaineduchatelard.com\/wp-content\/uploads\/2019\/07\/le-domaine-du-chatelard-nos-loisirs-balade-en-barque-1024x680.jpg\" alt=\"\" data-id=\"883\" data-link=\"http:\/\/domaineduchatelard.com\/loisirs\/le-domaine-du-chatelard-nos-loisirs-balade-en-barque\/\" class=\"wp-image-883\" srcset=\"https:\/\/domaineduchatelard.com\/wp-content\/uploads\/2019\/07\/le-domaine-du-chatelard-nos-loisirs-balade-en-barque-1024x680.jpg 1024w, https:\/\/domaineduchatelard.com\/wp-content\/uploads\/2019\/07\/le-domaine-du-chatelard-nos-loisirs-balade-en-barque-300x199.jpg 300w, https:\/\/domaineduchatelard.com\/wp-content\/uploads\/2019\/07\/le-domaine-du-chatelard-nos-loisirs-balade-en-barque-768x510.jpg 768w, https:\/\/domaineduchatelard.com\/wp-content\/uploads\/2019\/07\/le-domaine-du-chatelard-nos-loisirs-balade-en-barque-600x398.jpg 600w, https:\/\/domaineduchatelard.com\/wp-content\/uploads\/2019\/07\/le-domaine-du-chatelard-nos-loisirs-balade-en-barque.jpg 1280w\" sizes=\"(max-width: 1024px) 100vw, 1024px\" \/><\/figure><\/li><li class=\"blocks-gallery-item\"><figure><img loading=\"lazy\" decoding=\"async\" width=\"1024\" height=\"684\" src=\"http:\/\/domaineduchatelard.com\/wp-content\/uploads\/2019\/07\/domaine-du-chatelard-hotel-dirac-court-tennis-loisirs-1024x684.jpg\" alt=\"\" data-id=\"905\" data-link=\"http:\/\/domaineduchatelard.com\/loisirs\/domaine-du-chatelard-hotel-dirac-court-tennis-loisirs\/\" class=\"wp-image-905\" srcset=\"https:\/\/domaineduchatelard.com\/wp-content\/uploads\/2019\/07\/domaine-du-chatelard-hotel-dirac-court-tennis-loisirs-1024x684.jpg 1024w, https:\/\/domaineduchatelard.com\/wp-content\/uploads\/2019\/07\/domaine-du-chatelard-hotel-dirac-court-tennis-loisirs-300x200.jpg 300w, https:\/\/domaineduchatelard.com\/wp-content\/uploads\/2019\/07\/domaine-du-chatelard-hotel-dirac-court-tennis-loisirs-768x513.jpg 768w, https:\/\/domaineduchatelard.com\/wp-content\/uploads\/2019\/07\/domaine-du-chatelard-hotel-dirac-court-tennis-loisirs-600x401.jpg 600w\" sizes=\"(max-width: 1024px) 100vw, 1024px\" \/><\/figure><\/li><\/ul><\/figure>\n\n\n\n<p><strong>We also offer the following services on site, by reservation and at an additional cost : <\/strong><\/p>\n\n\n\n<p>Individual massages<\/p>\n\n\n\n<p>Horse-drawn carriage ride on the Estate and in the valley which surrounds it (Anguienne valley)<\/p>\n\n\n\n<p>Yoga classes<\/p>\n\n\n\n<p>On-site meditation (group or individual) with an expert and therapist<\/p>\n\n\n\n<p>Communication courses with animals<\/p>\n\n\n\n<p>Depending on the season, participation in the saffron and truffle harvest<\/p>\n\n\n\n<figure class=\"wp-block-gallery columns-3 is-cropped justify-content-center wp-block-gallery-2 is-layout-flex wp-block-gallery-is-layout-flex\"><ul class=\"blocks-gallery-grid\"><li class=\"blocks-gallery-item\"><figure><img loading=\"lazy\" decoding=\"async\" width=\"1024\" height=\"1024\" src=\"http:\/\/domaineduchatelard.com\/wp-content\/uploads\/2019\/07\/domaine-du-chatelard-nos-loisirs-safran-1024x1024.jpg\" alt=\"\" data-id=\"889\" data-link=\"http:\/\/domaineduchatelard.com\/loisirs\/domaine-du-chatelard-nos-loisirs-safran\/\" class=\"wp-image-889\" srcset=\"https:\/\/domaineduchatelard.com\/wp-content\/uploads\/2019\/07\/domaine-du-chatelard-nos-loisirs-safran-1024x1024.jpg 1024w, https:\/\/domaineduchatelard.com\/wp-content\/uploads\/2019\/07\/domaine-du-chatelard-nos-loisirs-safran-150x150.jpg 150w, https:\/\/domaineduchatelard.com\/wp-content\/uploads\/2019\/07\/domaine-du-chatelard-nos-loisirs-safran-300x300.jpg 300w, https:\/\/domaineduchatelard.com\/wp-content\/uploads\/2019\/07\/domaine-du-chatelard-nos-loisirs-safran-768x768.jpg 768w, https:\/\/domaineduchatelard.com\/wp-content\/uploads\/2019\/07\/domaine-du-chatelard-nos-loisirs-safran-350x350.jpg 350w, https:\/\/domaineduchatelard.com\/wp-content\/uploads\/2019\/07\/domaine-du-chatelard-nos-loisirs-safran-600x600.jpg 600w, https:\/\/domaineduchatelard.com\/wp-content\/uploads\/2019\/07\/domaine-du-chatelard-nos-loisirs-safran-100x100.jpg 100w, https:\/\/domaineduchatelard.com\/wp-content\/uploads\/2019\/07\/domaine-du-chatelard-nos-loisirs-safran.jpg 1500w\" sizes=\"(max-width: 1024px) 100vw, 1024px\" \/><\/figure><\/li><li class=\"blocks-gallery-item\"><figure><img loading=\"lazy\" decoding=\"async\" width=\"1024\" height=\"683\" src=\"http:\/\/domaineduchatelard.com\/wp-content\/uploads\/2019\/07\/domaine-du-chatelard-nos-loisirs-truffes-1024x683.jpg\" alt=\"\" data-id=\"892\" data-link=\"http:\/\/domaineduchatelard.com\/loisirs\/domaine-du-chatelard-nos-loisirs-truffes\/\" class=\"wp-image-892\" srcset=\"https:\/\/domaineduchatelard.com\/wp-content\/uploads\/2019\/07\/domaine-du-chatelard-nos-loisirs-truffes-1024x683.jpg 1024w, https:\/\/domaineduchatelard.com\/wp-content\/uploads\/2019\/07\/domaine-du-chatelard-nos-loisirs-truffes-300x200.jpg 300w, https:\/\/domaineduchatelard.com\/wp-content\/uploads\/2019\/07\/domaine-du-chatelard-nos-loisirs-truffes-768x512.jpg 768w, https:\/\/domaineduchatelard.com\/wp-content\/uploads\/2019\/07\/domaine-du-chatelard-nos-loisirs-truffes-600x400.jpg 600w, https:\/\/domaineduchatelard.com\/wp-content\/uploads\/2019\/07\/domaine-du-chatelard-nos-loisirs-truffes.jpg 1500w\" sizes=\"(max-width: 1024px) 100vw, 1024px\" \/><\/figure><\/li><li class=\"blocks-gallery-item\"><figure><img loading=\"lazy\" decoding=\"async\" width=\"1024\" height=\"683\" src=\"http:\/\/domaineduchatelard.com\/wp-content\/uploads\/2019\/11\/domaine-du-chatelard-balade-en-caleche-loisirs-1-1024x683.jpg\" alt=\"\" data-id=\"2562\" data-link=\"http:\/\/domaineduchatelard.com\/loisirs\/domaine-du-chatelard-balade-en-caleche-loisirs-1\/\" class=\"wp-image-2562\" srcset=\"https:\/\/domaineduchatelard.com\/wp-content\/uploads\/2019\/11\/domaine-du-chatelard-balade-en-caleche-loisirs-1-1024x683.jpg 1024w, https:\/\/domaineduchatelard.com\/wp-content\/uploads\/2019\/11\/domaine-du-chatelard-balade-en-caleche-loisirs-1-300x200.jpg 300w, https:\/\/domaineduchatelard.com\/wp-content\/uploads\/2019\/11\/domaine-du-chatelard-balade-en-caleche-loisirs-1-768x512.jpg 768w, https:\/\/domaineduchatelard.com\/wp-content\/uploads\/2019\/11\/domaine-du-chatelard-balade-en-caleche-loisirs-1-600x400.jpg 600w, https:\/\/domaineduchatelard.com\/wp-content\/uploads\/2019\/11\/domaine-du-chatelard-balade-en-caleche-loisirs-1.jpg 2000w\" sizes=\"(max-width: 1024px) 100vw, 1024px\" \/><\/figure><\/li><\/ul><\/figure>\n\n\n\n<p><strong>And nearby, we recommend :<\/strong><\/p>\n\n\n\n<p>The Moulin du Got Poney Club for all ages (a mile from the Domaine)<\/p>\n\n\n\n<p>Hirondelle Golf Course in Angoul\u00eame (18 holes), or in Cognac (18 holes) and in Montbron (18 holes)<\/p>\n\n\n\n<p>The Angoul\u00eame Canoe Club and the Red Boats for a cruise or river rental on the Charente<\/p>\n\n\n\n<p>Houses of Cognac for a visit and tasting<\/p>\n","protected":false},"excerpt":{"rendered":"<p>At the Domaine, our customers who stay at the hotel benefit from a timeless place of fulfillment, with in particular : Marked paths for hiking or mountain biking, with annotations on history, fauna and flora etc &#8230; we lend bikes on request, subject to availability. The 20-meter long outdoor swimming pool (unheated) from June to [&hellip;]<\/p>\n","protected":false},"author":4,"featured_media":0,"parent":0,"menu_order":0,"comment_status":"closed","ping_status":"closed","template":"","meta":{"_acf_changed":false,"footnotes":""},"class_list":["post-3688","page","type-page","status-publish","hentry"],"acf":[],"yoast_head":"<!-- This site is optimized with the Yoast SEO plugin v23.7 - https:\/\/yoast.com\/wordpress\/plugins\/seo\/ -->\n<title>Activities - Domaine du Ch\u00e2telard - Hotel restaurant Angoul\u00eame<\/title>\n<meta name=\"description\" content=\"At the Domaine, our customers who stay at the hotel benefit from a timeless place of fulfillment, with in particular : Marked paths for hiking or mountain\" \/>\n<meta name=\"robots\" content=\"index, follow, max-snippet:-1, max-image-preview:large, max-video-preview:-1\" \/>\n<link rel=\"canonical\" href=\"https:\/\/domaineduchatelard.com\/en\/activities\/\" \/>\n<meta property=\"og:locale\" content=\"en_US\" \/>\n<meta property=\"og:type\" content=\"article\" \/>\n<meta property=\"og:title\" content=\"Activities - Domaine du Ch\u00e2telard - Hotel restaurant Angoul\u00eame\" \/>\n<meta property=\"og:description\" content=\"At the Domaine, our customers who stay at the hotel benefit from a timeless place of fulfillment, with in particular : Marked paths for hiking or mountain\" \/>\n<meta property=\"og:url\" content=\"https:\/\/domaineduchatelard.com\/en\/activities\/\" \/>\n<meta property=\"og:site_name\" content=\"Domaine du Ch\u00e2telard\" \/>\n<meta property=\"article:publisher\" content=\"https:\/\/www.facebook.com\/domaineduchatelard\/\" \/>\n<meta property=\"article:modified_time\" content=\"2020-06-03T14:39:24+00:00\" \/>\n<meta property=\"og:image\" content=\"http:\/\/domaineduchatelard.com\/wp-content\/uploads\/2019\/07\/le-domaine-du-chatelard-nos-loisirs-balade-en-barque-1024x680.jpg\" \/>\n<meta name=\"twitter:card\" content=\"summary_large_image\" \/>\n<meta name=\"twitter:label1\" content=\"Est. reading time\" \/>\n\t<meta name=\"twitter:data1\" content=\"1 minute\" \/>\n<script type=\"application\/ld+json\" class=\"yoast-schema-graph\">{\"@context\":\"https:\/\/schema.org\",\"@graph\":[{\"@type\":\"WebPage\",\"@id\":\"https:\/\/domaineduchatelard.com\/en\/activities\/\",\"url\":\"https:\/\/domaineduchatelard.com\/en\/activities\/\",\"name\":\"Activities - Domaine du Ch\u00e2telard - Hotel restaurant Angoul\u00eame\",\"isPartOf\":{\"@id\":\"https:\/\/domaineduchatelard.com\/#website\"},\"primaryImageOfPage\":{\"@id\":\"https:\/\/domaineduchatelard.com\/en\/activities\/#primaryimage\"},\"image\":{\"@id\":\"https:\/\/domaineduchatelard.com\/en\/activities\/#primaryimage\"},\"thumbnailUrl\":\"http:\/\/domaineduchatelard.com\/wp-content\/uploads\/2019\/07\/le-domaine-du-chatelard-nos-loisirs-balade-en-barque-1024x680.jpg\",\"datePublished\":\"2020-06-03T14:39:21+00:00\",\"dateModified\":\"2020-06-03T14:39:24+00:00\",\"description\":\"At the Domaine, our customers who stay at the hotel benefit from a timeless place of fulfillment, with in particular : Marked paths for hiking or mountain\",\"breadcrumb\":{\"@id\":\"https:\/\/domaineduchatelard.com\/en\/activities\/#breadcrumb\"},\"inLanguage\":\"en-US\",\"potentialAction\":[{\"@type\":\"ReadAction\",\"target\":[\"https:\/\/domaineduchatelard.com\/en\/activities\/\"]}]},{\"@type\":\"ImageObject\",\"inLanguage\":\"en-US\",\"@id\":\"https:\/\/domaineduchatelard.com\/en\/activities\/#primaryimage\",\"url\":\"http:\/\/domaineduchatelard.com\/wp-content\/uploads\/2019\/07\/le-domaine-du-chatelard-nos-loisirs-balade-en-barque-1024x680.jpg\",\"contentUrl\":\"http:\/\/domaineduchatelard.com\/wp-content\/uploads\/2019\/07\/le-domaine-du-chatelard-nos-loisirs-balade-en-barque-1024x680.jpg\"},{\"@type\":\"BreadcrumbList\",\"@id\":\"https:\/\/domaineduchatelard.com\/en\/activities\/#breadcrumb\",\"itemListElement\":[{\"@type\":\"ListItem\",\"position\":1,\"name\":\"Accueil\",\"item\":\"https:\/\/domaineduchatelard.com\/en\/\"},{\"@type\":\"ListItem\",\"position\":2,\"name\":\"Activities\"}]},{\"@type\":\"WebSite\",\"@id\":\"https:\/\/domaineduchatelard.com\/#website\",\"url\":\"https:\/\/domaineduchatelard.com\/\",\"name\":\"Domaine du Ch\u00e2telard - H\u00f4tel restaurant Angoul\u00eame\",\"description\":\"Hotel restaurant Angoul\u00eame\",\"alternateName\":\"DDCH\",\"potentialAction\":[{\"@type\":\"SearchAction\",\"target\":{\"@type\":\"EntryPoint\",\"urlTemplate\":\"https:\/\/domaineduchatelard.com\/?s={search_term_string}\"},\"query-input\":{\"@type\":\"PropertyValueSpecification\",\"valueRequired\":true,\"valueName\":\"search_term_string\"}}],\"inLanguage\":\"en-US\"}]}<\/script>\n<!-- \/ Yoast SEO plugin. -->","yoast_head_json":{"title":"Activities - Domaine du Ch\u00e2telard - Hotel restaurant Angoul\u00eame","description":"At the Domaine, our customers who stay at the hotel benefit from a timeless place of fulfillment, with in particular : Marked paths for hiking or mountain","robots":{"index":"index","follow":"follow","max-snippet":"max-snippet:-1","max-image-preview":"max-image-preview:large","max-video-preview":"max-video-preview:-1"},"canonical":"https:\/\/domaineduchatelard.com\/en\/activities\/","og_locale":"en_US","og_type":"article","og_title":"Activities - Domaine du Ch\u00e2telard - Hotel restaurant Angoul\u00eame","og_description":"At the Domaine, our customers who stay at the hotel benefit from a timeless place of fulfillment, with in particular : Marked paths for hiking or mountain","og_url":"https:\/\/domaineduchatelard.com\/en\/activities\/","og_site_name":"Domaine du Ch\u00e2telard","article_publisher":"https:\/\/www.facebook.com\/domaineduchatelard\/","article_modified_time":"2020-06-03T14:39:24+00:00","og_image":[{"url":"http:\/\/domaineduchatelard.com\/wp-content\/uploads\/2019\/07\/le-domaine-du-chatelard-nos-loisirs-balade-en-barque-1024x680.jpg"}],"twitter_card":"summary_large_image","twitter_misc":{"Est. reading time":"1 minute"},"schema":{"@context":"https:\/\/schema.org","@graph":[{"@type":"WebPage","@id":"https:\/\/domaineduchatelard.com\/en\/activities\/","url":"https:\/\/domaineduchatelard.com\/en\/activities\/","name":"Activities - Domaine du Ch\u00e2telard - Hotel restaurant Angoul\u00eame","isPartOf":{"@id":"https:\/\/domaineduchatelard.com\/#website"},"primaryImageOfPage":{"@id":"https:\/\/domaineduchatelard.com\/en\/activities\/#primaryimage"},"image":{"@id":"https:\/\/domaineduchatelard.com\/en\/activities\/#primaryimage"},"thumbnailUrl":"http:\/\/domaineduchatelard.com\/wp-content\/uploads\/2019\/07\/le-domaine-du-chatelard-nos-loisirs-balade-en-barque-1024x680.jpg","datePublished":"2020-06-03T14:39:21+00:00","dateModified":"2020-06-03T14:39:24+00:00","description":"At the Domaine, our customers who stay at the hotel benefit from a timeless place of fulfillment, with in particular : Marked paths for hiking or mountain","breadcrumb":{"@id":"https:\/\/domaineduchatelard.com\/en\/activities\/#breadcrumb"},"inLanguage":"en-US","potentialAction":[{"@type":"ReadAction","target":["https:\/\/domaineduchatelard.com\/en\/activities\/"]}]},{"@type":"ImageObject","inLanguage":"en-US","@id":"https:\/\/domaineduchatelard.com\/en\/activities\/#primaryimage","url":"http:\/\/domaineduchatelard.com\/wp-content\/uploads\/2019\/07\/le-domaine-du-chatelard-nos-loisirs-balade-en-barque-1024x680.jpg","contentUrl":"http:\/\/domaineduchatelard.com\/wp-content\/uploads\/2019\/07\/le-domaine-du-chatelard-nos-loisirs-balade-en-barque-1024x680.jpg"},{"@type":"BreadcrumbList","@id":"https:\/\/domaineduchatelard.com\/en\/activities\/#breadcrumb","itemListElement":[{"@type":"ListItem","position":1,"name":"Accueil","item":"https:\/\/domaineduchatelard.com\/en\/"},{"@type":"ListItem","position":2,"name":"Activities"}]},{"@type":"WebSite","@id":"https:\/\/domaineduchatelard.com\/#website","url":"https:\/\/domaineduchatelard.com\/","name":"Domaine du Ch\u00e2telard - H\u00f4tel restaurant Angoul\u00eame","description":"Hotel restaurant Angoul\u00eame","alternateName":"DDCH","potentialAction":[{"@type":"SearchAction","target":{"@type":"EntryPoint","urlTemplate":"https:\/\/domaineduchatelard.com\/?s={search_term_string}"},"query-input":{"@type":"PropertyValueSpecification","valueRequired":true,"valueName":"search_term_string"}}],"inLanguage":"en-US"}]}},"_links":{"self":[{"href":"https:\/\/domaineduchatelard.com\/en\/wp-json\/wp\/v2\/pages\/3688"}],"collection":[{"href":"https:\/\/domaineduchatelard.com\/en\/wp-json\/wp\/v2\/pages"}],"about":[{"href":"https:\/\/domaineduchatelard.com\/en\/wp-json\/wp\/v2\/types\/page"}],"author":[{"embeddable":true,"href":"https:\/\/domaineduchatelard.com\/en\/wp-json\/wp\/v2\/users\/4"}],"replies":[{"embeddable":true,"href":"https:\/\/domaineduchatelard.com\/en\/wp-json\/wp\/v2\/comments?post=3688"}],"version-history":[{"count":16,"href":"https:\/\/domaineduchatelard.com\/en\/wp-json\/wp\/v2\/pages\/3688\/revisions"}],"predecessor-version":[{"id":3704,"href":"https:\/\/domaineduchatelard.com\/en\/wp-json\/wp\/v2\/pages\/3688\/revisions\/3704"}],"wp:attachment":[{"href":"https:\/\/domaineduchatelard.com\/en\/wp-json\/wp\/v2\/media?parent=3688"}],"curies":[{"name":"wp","href":"https:\/\/api.w.org\/{rel}","templated":true}]}}