{"id":3125,"date":"2020-03-31T22:58:56","date_gmt":"2020-03-31T20:58:56","guid":{"rendered":"https:\/\/domaineduchatelard.com\/?page_id=3125"},"modified":"2020-09-22T15:03:45","modified_gmt":"2020-09-22T13:03:45","slug":"the-hotel","status":"publish","type":"page","link":"https:\/\/domaineduchatelard.com\/en\/the-hotel\/","title":{"rendered":"The hotel"},"content":{"rendered":"  <div class=\"slideshow row\">\n    <div id=\"slideshow-block_5d3f1381520af\" class=\"carousel slide one\" data-ride=\"carousel\">\n      <div class=\"carousel-inner\">\n                                          <div class=\"carousel-item active\" >\n              <img decoding=\"async\" src=\"https:\/\/domaineduchatelard.com\/wp-content\/uploads\/2019\/06\/domaine-du-chatelard-hotel-dirac-8.jpg\"\n              sizes=\"100vw\"\n              srcset=\"https:\/\/domaineduchatelard.com\/wp-content\/uploads\/2019\/06\/domaine-du-chatelard-hotel-dirac-8.jpg 2500w,\n              https:\/\/domaineduchatelard.com\/wp-content\/uploads\/2019\/06\/domaine-du-chatelard-hotel-dirac-8-1024x683.jpg 1024w,\n              https:\/\/domaineduchatelard.com\/wp-content\/uploads\/2019\/06\/domaine-du-chatelard-hotel-dirac-8-768x512.jpg 768w\"\n              alt=\"\">\n                              <div class=\"carousel-caption d-none d-md-block\">\n                  <h2 class=\"title\">The hotel<\/h2>\n                  <p><\/p>\n                <\/div>\n                          <\/div>\n                              <\/div>\n                      <\/div>\n      <!-- <?php\/\/ if($nb_slide > 1):?>\n      <ol class=\"carousel-indicators\"><\/ol>\n       -->\n  <\/div>\n\n\n\n<p class=\"mt-5\">In the midst of 80 hectares of woods and meadows, the Domaine du Chatelard in Dirac is a beautiful and charming mansion from the 18th century, overlooking a private lake. <\/p>\n\n\n\n<p class=\"mt-5\">There, you are welcome just like home.<\/p>\n\n\n\n<p class=\"mt-5\">11 rooms have been decorated in the full tradition of the house history. One of them is accessible, on the ground floor. <\/p>\n\n\n\n<p>We may add a single additionnal bed in our junior suites and superior rooms if needed ; also upon request, we have a crib for your baby.<\/p>\n\n\n\n<p>Well-behaved pets are welcome in our rooms. <\/p>\n\n\n\n<div class=\"wp-block-button aligncenter mt-5\"><a class=\"wp-block-button__link\" href=\"\/en\/hotel-rooms\/\">Discover our rooms<\/a><\/div>\n","protected":false},"excerpt":{"rendered":"<p>In the midst of 80 hectares of woods and meadows, the Domaine du Chatelard in Dirac is a beautiful and charming mansion from the 18th century, overlooking a private lake. There, you are welcome just like home. 11 rooms have been decorated in the full tradition of the house history. One of them is accessible, [&hellip;]<\/p>\n","protected":false},"author":4,"featured_media":0,"parent":0,"menu_order":0,"comment_status":"closed","ping_status":"closed","template":"","meta":{"_acf_changed":false,"footnotes":""},"class_list":["post-3125","page","type-page","status-publish","hentry"],"acf":[],"yoast_head":"<!-- This site is optimized with the Yoast SEO plugin v23.7 - https:\/\/yoast.com\/wordpress\/plugins\/seo\/ -->\n<title>The hotel - Domaine du Ch\u00e2telard - Hotel restaurant Angoul\u00eame<\/title>\n<meta name=\"description\" content=\"In the midst of 80 hectares of woods and meadows, the Domaine du Chatelard in Dirac is a beautiful and charming mansion from the 18th century, overlooking\" \/>\n<meta name=\"robots\" content=\"index, follow, max-snippet:-1, max-image-preview:large, max-video-preview:-1\" \/>\n<link rel=\"canonical\" href=\"https:\/\/domaineduchatelard.com\/en\/the-hotel\/\" \/>\n<meta property=\"og:locale\" content=\"en_US\" \/>\n<meta property=\"og:type\" content=\"article\" \/>\n<meta property=\"og:title\" content=\"The hotel - Domaine du Ch\u00e2telard - Hotel restaurant Angoul\u00eame\" \/>\n<meta property=\"og:description\" content=\"In the midst of 80 hectares of woods and meadows, the Domaine du Chatelard in Dirac is a beautiful and charming mansion from the 18th century, overlooking\" \/>\n<meta property=\"og:url\" content=\"https:\/\/domaineduchatelard.com\/en\/the-hotel\/\" \/>\n<meta property=\"og:site_name\" content=\"Domaine du Ch\u00e2telard\" \/>\n<meta property=\"article:publisher\" content=\"https:\/\/www.facebook.com\/domaineduchatelard\/\" \/>\n<meta property=\"article:modified_time\" content=\"2020-09-22T13:03:45+00:00\" \/>\n<meta name=\"twitter:card\" content=\"summary_large_image\" \/>\n<script type=\"application\/ld+json\" class=\"yoast-schema-graph\">{\"@context\":\"https:\/\/schema.org\",\"@graph\":[{\"@type\":\"WebPage\",\"@id\":\"https:\/\/domaineduchatelard.com\/en\/the-hotel\/\",\"url\":\"https:\/\/domaineduchatelard.com\/en\/the-hotel\/\",\"name\":\"The hotel - Domaine du Ch\u00e2telard - Hotel restaurant Angoul\u00eame\",\"isPartOf\":{\"@id\":\"https:\/\/domaineduchatelard.com\/#website\"},\"datePublished\":\"2020-03-31T20:58:56+00:00\",\"dateModified\":\"2020-09-22T13:03:45+00:00\",\"description\":\"In the midst of 80 hectares of woods and meadows, the Domaine du Chatelard in Dirac is a beautiful and charming mansion from the 18th century, overlooking\",\"breadcrumb\":{\"@id\":\"https:\/\/domaineduchatelard.com\/en\/the-hotel\/#breadcrumb\"},\"inLanguage\":\"en-US\",\"potentialAction\":[{\"@type\":\"ReadAction\",\"target\":[\"https:\/\/domaineduchatelard.com\/en\/the-hotel\/\"]}]},{\"@type\":\"BreadcrumbList\",\"@id\":\"https:\/\/domaineduchatelard.com\/en\/the-hotel\/#breadcrumb\",\"itemListElement\":[{\"@type\":\"ListItem\",\"position\":1,\"name\":\"Accueil\",\"item\":\"https:\/\/domaineduchatelard.com\/en\/\"},{\"@type\":\"ListItem\",\"position\":2,\"name\":\"The hotel\"}]},{\"@type\":\"WebSite\",\"@id\":\"https:\/\/domaineduchatelard.com\/#website\",\"url\":\"https:\/\/domaineduchatelard.com\/\",\"name\":\"Domaine du Ch\u00e2telard - H\u00f4tel restaurant Angoul\u00eame\",\"description\":\"Hotel restaurant Angoul\u00eame\",\"alternateName\":\"DDCH\",\"potentialAction\":[{\"@type\":\"SearchAction\",\"target\":{\"@type\":\"EntryPoint\",\"urlTemplate\":\"https:\/\/domaineduchatelard.com\/?s={search_term_string}\"},\"query-input\":{\"@type\":\"PropertyValueSpecification\",\"valueRequired\":true,\"valueName\":\"search_term_string\"}}],\"inLanguage\":\"en-US\"}]}<\/script>\n<!-- \/ Yoast SEO plugin. -->","yoast_head_json":{"title":"The hotel - Domaine du Ch\u00e2telard - Hotel restaurant Angoul\u00eame","description":"In the midst of 80 hectares of woods and meadows, the Domaine du Chatelard in Dirac is a beautiful and charming mansion from the 18th century, overlooking","robots":{"index":"index","follow":"follow","max-snippet":"max-snippet:-1","max-image-preview":"max-image-preview:large","max-video-preview":"max-video-preview:-1"},"canonical":"https:\/\/domaineduchatelard.com\/en\/the-hotel\/","og_locale":"en_US","og_type":"article","og_title":"The hotel - Domaine du Ch\u00e2telard - Hotel restaurant Angoul\u00eame","og_description":"In the midst of 80 hectares of woods and meadows, the Domaine du Chatelard in Dirac is a beautiful and charming mansion from the 18th century, overlooking","og_url":"https:\/\/domaineduchatelard.com\/en\/the-hotel\/","og_site_name":"Domaine du Ch\u00e2telard","article_publisher":"https:\/\/www.facebook.com\/domaineduchatelard\/","article_modified_time":"2020-09-22T13:03:45+00:00","twitter_card":"summary_large_image","schema":{"@context":"https:\/\/schema.org","@graph":[{"@type":"WebPage","@id":"https:\/\/domaineduchatelard.com\/en\/the-hotel\/","url":"https:\/\/domaineduchatelard.com\/en\/the-hotel\/","name":"The hotel - Domaine du Ch\u00e2telard - Hotel restaurant Angoul\u00eame","isPartOf":{"@id":"https:\/\/domaineduchatelard.com\/#website"},"datePublished":"2020-03-31T20:58:56+00:00","dateModified":"2020-09-22T13:03:45+00:00","description":"In the midst of 80 hectares of woods and meadows, the Domaine du Chatelard in Dirac is a beautiful and charming mansion from the 18th century, overlooking","breadcrumb":{"@id":"https:\/\/domaineduchatelard.com\/en\/the-hotel\/#breadcrumb"},"inLanguage":"en-US","potentialAction":[{"@type":"ReadAction","target":["https:\/\/domaineduchatelard.com\/en\/the-hotel\/"]}]},{"@type":"BreadcrumbList","@id":"https:\/\/domaineduchatelard.com\/en\/the-hotel\/#breadcrumb","itemListElement":[{"@type":"ListItem","position":1,"name":"Accueil","item":"https:\/\/domaineduchatelard.com\/en\/"},{"@type":"ListItem","position":2,"name":"The hotel"}]},{"@type":"WebSite","@id":"https:\/\/domaineduchatelard.com\/#website","url":"https:\/\/domaineduchatelard.com\/","name":"Domaine du Ch\u00e2telard - H\u00f4tel restaurant Angoul\u00eame","description":"Hotel restaurant Angoul\u00eame","alternateName":"DDCH","potentialAction":[{"@type":"SearchAction","target":{"@type":"EntryPoint","urlTemplate":"https:\/\/domaineduchatelard.com\/?s={search_term_string}"},"query-input":{"@type":"PropertyValueSpecification","valueRequired":true,"valueName":"search_term_string"}}],"inLanguage":"en-US"}]}},"_links":{"self":[{"href":"https:\/\/domaineduchatelard.com\/en\/wp-json\/wp\/v2\/pages\/3125"}],"collection":[{"href":"https:\/\/domaineduchatelard.com\/en\/wp-json\/wp\/v2\/pages"}],"about":[{"href":"https:\/\/domaineduchatelard.com\/en\/wp-json\/wp\/v2\/types\/page"}],"author":[{"embeddable":true,"href":"https:\/\/domaineduchatelard.com\/en\/wp-json\/wp\/v2\/users\/4"}],"replies":[{"embeddable":true,"href":"https:\/\/domaineduchatelard.com\/en\/wp-json\/wp\/v2\/comments?post=3125"}],"version-history":[{"count":6,"href":"https:\/\/domaineduchatelard.com\/en\/wp-json\/wp\/v2\/pages\/3125\/revisions"}],"predecessor-version":[{"id":4053,"href":"https:\/\/domaineduchatelard.com\/en\/wp-json\/wp\/v2\/pages\/3125\/revisions\/4053"}],"wp:attachment":[{"href":"https:\/\/domaineduchatelard.com\/en\/wp-json\/wp\/v2\/media?parent=3125"}],"curies":[{"name":"wp","href":"https:\/\/api.w.org\/{rel}","templated":true}]}}