{"id":2535,"date":"2019-06-06T15:44:22","date_gmt":"2019-06-06T13:44:22","guid":{"rendered":"http:\/\/domaineduchatelard.com\/?page_id=2535"},"modified":"2020-10-14T11:26:31","modified_gmt":"2020-10-14T09:26:31","slug":"accueil","status":"publish","type":"page","link":"https:\/\/domaineduchatelard.com\/en\/","title":{"rendered":"Homepage"},"content":{"rendered":"\n  <div class=\"wrapper-slide row\">\n\n                  \n        <div class=\"section active\">\n                                    <div id=\"slideshow-block_5d246ab9da8ac\" class=\"carousel slide \" data-ride=\"carousel\">\n                <div class=\"carousel-inner\">\n                                                          <div class=\"carousel-item active\" >\n\n                      <img decoding=\"async\" src=\"https:\/\/domaineduchatelard.com\/wp-content\/uploads\/2019\/05\/domaine_du_chatelard_037.jpg\"\n                      sizes=\"100vw\"\n                      srcset=\"https:\/\/domaineduchatelard.com\/wp-content\/uploads\/2019\/05\/domaine_du_chatelard_037.jpg 2500w,\n                      https:\/\/domaineduchatelard.com\/wp-content\/uploads\/2019\/05\/domaine_du_chatelard_037.jpg 1024w,\n                      https:\/\/domaineduchatelard.com\/wp-content\/uploads\/2019\/05\/domaine_du_chatelard_037-768x382.jpg 768w\"\n                      alt=\"\">\n\n                      <div class=\"carousel-caption\">\n                        <h2 class=\"title\">&#8220;Welcome, it&#8217;s your place&#8221;<\/h2>\n                        <div><\/div>\n                      <\/div>\n\n                    <\/div>\n                                                            <div class=\"carousel-item \" >\n\n                      <img decoding=\"async\" src=\"https:\/\/domaineduchatelard.com\/wp-content\/uploads\/2019\/07\/domaine-du-chatelard-hotel-dirac-nature.jpg\"\n                      sizes=\"100vw\"\n                      srcset=\"https:\/\/domaineduchatelard.com\/wp-content\/uploads\/2019\/07\/domaine-du-chatelard-hotel-dirac-nature.jpg 2500w,\n                      https:\/\/domaineduchatelard.com\/wp-content\/uploads\/2019\/07\/domaine-du-chatelard-hotel-dirac-nature-1024x683.jpg 1024w,\n                      https:\/\/domaineduchatelard.com\/wp-content\/uploads\/2019\/07\/domaine-du-chatelard-hotel-dirac-nature-768x512.jpg 768w\"\n                      alt=\"\">\n\n                      <div class=\"carousel-caption\">\n                        <h2 class=\"title\">&#8220;Our task must be to free ourselves by widening our circle of compassion to embrace the whole of nature and its beauty&#8221;<\/h2>\n                        <div><p>Albert Einstein<\/p>\n<\/div>\n                      <\/div>\n\n                    <\/div>\n                                                            <div class=\"carousel-item \" >\n\n                      <img decoding=\"async\" src=\"https:\/\/domaineduchatelard.com\/wp-content\/uploads\/2019\/06\/domaine-du-chatelard-hotel-dirac-10.jpg\"\n                      sizes=\"100vw\"\n                      srcset=\"https:\/\/domaineduchatelard.com\/wp-content\/uploads\/2019\/06\/domaine-du-chatelard-hotel-dirac-10.jpg 2500w,\n                      https:\/\/domaineduchatelard.com\/wp-content\/uploads\/2019\/06\/domaine-du-chatelard-hotel-dirac-10-1024x683.jpg 1024w,\n                      https:\/\/domaineduchatelard.com\/wp-content\/uploads\/2019\/06\/domaine-du-chatelard-hotel-dirac-10-768x512.jpg 768w\"\n                      alt=\"\">\n\n                      <div class=\"carousel-caption\">\n                        <h2 class=\"title\">&#8220;Our life finds tongues in trees, books in the running brooks, sermons in stones, and good in everything.&#8221;<\/h2>\n                        <div><p>William Shakespeare<\/p>\n<\/div>\n                      <\/div>\n\n                    <\/div>\n                                      <\/div>\n                  <div class=\"carousel-ctrl\">\n                    <a class=\"carousel-control-prev\" aria-label=\"Show previous slide\" href=\"#slideshow-block_5d246ab9da8ac\" role=\"button\" data-slide=\"prev\"><span class=\"arrowl\"><\/span><\/a>\n                    <a class=\"carousel-control-next\" aria-label=\"Show next slide\" href=\"#slideshow-block_5d246ab9da8ac\" role=\"button\" data-slide=\"next\"><span class=\"arrowr\"><\/span><\/a>\n                  <\/div>\n                <\/div>\n              \n            \n          <\/div>\n\n                  \n        <div class=\"section \">\n                                                                            <img decoding=\"async\" src=\"https:\/\/domaineduchatelard.com\/wp-content\/uploads\/2020\/10\/salle-1-scaled.jpg\"\n                  sizes=\"100vw\"\n                  srcset=\"https:\/\/domaineduchatelard.com\/wp-content\/uploads\/2020\/10\/salle-1-scaled.jpg 2500w,\n                  https:\/\/domaineduchatelard.com\/wp-content\/uploads\/2020\/10\/salle-1-1024x768.jpg 1024w,\n                  https:\/\/domaineduchatelard.com\/wp-content\/uploads\/2020\/10\/salle-1-768x576.jpg 768w\"\n                  alt=\"\">\n\n                  <div class=\"content\">\n                    <h2 class=\"title\">Enjoy<\/h2>\n                    <div><p>At the Domaine, we create for you a genuine, generous and refined cuisine that takes you to a new destination&#8230; Savour a moment out of time !<\/p>\n<\/div>\n                                                                                          \n                        <a class=\"dc-btn white\" href=\"\/menus-carte\">The Chef&#8217;s Menu<\/a>\n                                                            <\/div>\n                              \n            \n          <\/div>\n\n                  \n        <div class=\"section \">\n                                                                            <img decoding=\"async\" src=\"https:\/\/domaineduchatelard.com\/wp-content\/uploads\/2020\/10\/1007-scaled.jpg\"\n                  sizes=\"100vw\"\n                  srcset=\"https:\/\/domaineduchatelard.com\/wp-content\/uploads\/2020\/10\/1007-scaled.jpg 2500w,\n                  https:\/\/domaineduchatelard.com\/wp-content\/uploads\/2020\/10\/1007-1024x768.jpg 1024w,\n                  https:\/\/domaineduchatelard.com\/wp-content\/uploads\/2020\/10\/1007-768x576.jpg 768w\"\n                  alt=\"\">\n\n                  <div class=\"content\">\n                    <h2 class=\"title\"><\/h2>\n                    <div><p>Pascale &amp; Ivan are glad to welcome you in a preserved nature, where you&#8217;ll awake with birdsong &#8230;<\/p>\n<\/div>\n                                                                                          \n                        <a class=\"dc-btn white\" href=\"\/hotel\/\">Discover<\/a>\n                                                            <\/div>\n                              \n            \n          <\/div>\n\n                  \n      <\/div>\n    \n    \n\n\n<p><\/p>\n","protected":false},"excerpt":{"rendered":"","protected":false},"author":1,"featured_media":0,"parent":0,"menu_order":0,"comment_status":"closed","ping_status":"closed","template":"templates\/homepage.php","meta":{"_acf_changed":false,"footnotes":""},"class_list":["post-2535","page","type-page","status-publish","hentry"],"acf":[],"yoast_head":"<!-- This site is optimized with the Yoast SEO plugin v23.7 - https:\/\/yoast.com\/wordpress\/plugins\/seo\/ -->\n<title>Homepage - Domaine du Ch\u00e2telard - Hotel restaurant Angoul\u00eame<\/title>\n<meta name=\"description\" content=\"Domaine du Ch\u00e2telard - Hotel restaurant en Charente - Angoul\u00e8me - Une cuisine authentique, g\u00e9n\u00e9reuse et raffin\u00e9e qui invite au voyage. Savourer un moment...\" \/>\n<meta name=\"robots\" content=\"index, follow, max-snippet:-1, max-image-preview:large, max-video-preview:-1\" \/>\n<link rel=\"canonical\" href=\"https:\/\/domaineduchatelard.com\/en\/\" \/>\n<meta property=\"og:locale\" content=\"en_US\" \/>\n<meta property=\"og:type\" content=\"article\" \/>\n<meta property=\"og:title\" content=\"Homepage - Domaine du Ch\u00e2telard - Hotel restaurant Angoul\u00eame\" \/>\n<meta property=\"og:description\" content=\"Domaine du Ch\u00e2telard - Hotel restaurant en Charente - Angoul\u00e8me - Une cuisine authentique, g\u00e9n\u00e9reuse et raffin\u00e9e qui invite au voyage. Savourer un moment...\" \/>\n<meta property=\"og:url\" content=\"https:\/\/domaineduchatelard.com\/en\/\" \/>\n<meta property=\"og:site_name\" content=\"Domaine du Ch\u00e2telard\" \/>\n<meta property=\"article:publisher\" content=\"https:\/\/www.facebook.com\/domaineduchatelard\/\" \/>\n<meta property=\"article:modified_time\" content=\"2020-10-14T09:26:31+00:00\" \/>\n<meta name=\"twitter:card\" content=\"summary_large_image\" \/>\n<script type=\"application\/ld+json\" class=\"yoast-schema-graph\">{\"@context\":\"https:\/\/schema.org\",\"@graph\":[{\"@type\":\"WebPage\",\"@id\":\"https:\/\/domaineduchatelard.com\/en\/\",\"url\":\"https:\/\/domaineduchatelard.com\/en\/\",\"name\":\"Homepage - Domaine du Ch\u00e2telard - Hotel restaurant Angoul\u00eame\",\"isPartOf\":{\"@id\":\"https:\/\/domaineduchatelard.com\/#website\"},\"datePublished\":\"2019-06-06T13:44:22+00:00\",\"dateModified\":\"2020-10-14T09:26:31+00:00\",\"description\":\"Domaine du Ch\u00e2telard - Hotel restaurant en Charente - Angoul\u00e8me - Une cuisine authentique, g\u00e9n\u00e9reuse et raffin\u00e9e qui invite au voyage. Savourer un moment...\",\"breadcrumb\":{\"@id\":\"https:\/\/domaineduchatelard.com\/en\/#breadcrumb\"},\"inLanguage\":\"en-US\",\"potentialAction\":[{\"@type\":\"ReadAction\",\"target\":[\"https:\/\/domaineduchatelard.com\/en\/\"]}]},{\"@type\":\"BreadcrumbList\",\"@id\":\"https:\/\/domaineduchatelard.com\/en\/#breadcrumb\",\"itemListElement\":[{\"@type\":\"ListItem\",\"position\":1,\"name\":\"Accueil\",\"item\":\"https:\/\/domaineduchatelard.com\/en\/\"},{\"@type\":\"ListItem\",\"position\":2,\"name\":\"Homepage\"}]},{\"@type\":\"WebSite\",\"@id\":\"https:\/\/domaineduchatelard.com\/#website\",\"url\":\"https:\/\/domaineduchatelard.com\/\",\"name\":\"Domaine du Ch\u00e2telard - H\u00f4tel restaurant Angoul\u00eame\",\"description\":\"Hotel restaurant Angoul\u00eame\",\"alternateName\":\"DDCH\",\"potentialAction\":[{\"@type\":\"SearchAction\",\"target\":{\"@type\":\"EntryPoint\",\"urlTemplate\":\"https:\/\/domaineduchatelard.com\/?s={search_term_string}\"},\"query-input\":{\"@type\":\"PropertyValueSpecification\",\"valueRequired\":true,\"valueName\":\"search_term_string\"}}],\"inLanguage\":\"en-US\"}]}<\/script>\n<!-- \/ Yoast SEO plugin. -->","yoast_head_json":{"title":"Homepage - Domaine du Ch\u00e2telard - Hotel restaurant Angoul\u00eame","description":"Domaine du Ch\u00e2telard - Hotel restaurant en Charente - Angoul\u00e8me - Une cuisine authentique, g\u00e9n\u00e9reuse et raffin\u00e9e qui invite au voyage. Savourer un moment...","robots":{"index":"index","follow":"follow","max-snippet":"max-snippet:-1","max-image-preview":"max-image-preview:large","max-video-preview":"max-video-preview:-1"},"canonical":"https:\/\/domaineduchatelard.com\/en\/","og_locale":"en_US","og_type":"article","og_title":"Homepage - Domaine du Ch\u00e2telard - Hotel restaurant Angoul\u00eame","og_description":"Domaine du Ch\u00e2telard - Hotel restaurant en Charente - Angoul\u00e8me - Une cuisine authentique, g\u00e9n\u00e9reuse et raffin\u00e9e qui invite au voyage. Savourer un moment...","og_url":"https:\/\/domaineduchatelard.com\/en\/","og_site_name":"Domaine du Ch\u00e2telard","article_publisher":"https:\/\/www.facebook.com\/domaineduchatelard\/","article_modified_time":"2020-10-14T09:26:31+00:00","twitter_card":"summary_large_image","schema":{"@context":"https:\/\/schema.org","@graph":[{"@type":"WebPage","@id":"https:\/\/domaineduchatelard.com\/en\/","url":"https:\/\/domaineduchatelard.com\/en\/","name":"Homepage - Domaine du Ch\u00e2telard - Hotel restaurant Angoul\u00eame","isPartOf":{"@id":"https:\/\/domaineduchatelard.com\/#website"},"datePublished":"2019-06-06T13:44:22+00:00","dateModified":"2020-10-14T09:26:31+00:00","description":"Domaine du Ch\u00e2telard - Hotel restaurant en Charente - Angoul\u00e8me - Une cuisine authentique, g\u00e9n\u00e9reuse et raffin\u00e9e qui invite au voyage. Savourer un moment...","breadcrumb":{"@id":"https:\/\/domaineduchatelard.com\/en\/#breadcrumb"},"inLanguage":"en-US","potentialAction":[{"@type":"ReadAction","target":["https:\/\/domaineduchatelard.com\/en\/"]}]},{"@type":"BreadcrumbList","@id":"https:\/\/domaineduchatelard.com\/en\/#breadcrumb","itemListElement":[{"@type":"ListItem","position":1,"name":"Accueil","item":"https:\/\/domaineduchatelard.com\/en\/"},{"@type":"ListItem","position":2,"name":"Homepage"}]},{"@type":"WebSite","@id":"https:\/\/domaineduchatelard.com\/#website","url":"https:\/\/domaineduchatelard.com\/","name":"Domaine du Ch\u00e2telard - H\u00f4tel restaurant Angoul\u00eame","description":"Hotel restaurant Angoul\u00eame","alternateName":"DDCH","potentialAction":[{"@type":"SearchAction","target":{"@type":"EntryPoint","urlTemplate":"https:\/\/domaineduchatelard.com\/?s={search_term_string}"},"query-input":{"@type":"PropertyValueSpecification","valueRequired":true,"valueName":"search_term_string"}}],"inLanguage":"en-US"}]}},"_links":{"self":[{"href":"https:\/\/domaineduchatelard.com\/en\/wp-json\/wp\/v2\/pages\/2535"}],"collection":[{"href":"https:\/\/domaineduchatelard.com\/en\/wp-json\/wp\/v2\/pages"}],"about":[{"href":"https:\/\/domaineduchatelard.com\/en\/wp-json\/wp\/v2\/types\/page"}],"author":[{"embeddable":true,"href":"https:\/\/domaineduchatelard.com\/en\/wp-json\/wp\/v2\/users\/1"}],"replies":[{"embeddable":true,"href":"https:\/\/domaineduchatelard.com\/en\/wp-json\/wp\/v2\/comments?post=2535"}],"version-history":[{"count":19,"href":"https:\/\/domaineduchatelard.com\/en\/wp-json\/wp\/v2\/pages\/2535\/revisions"}],"predecessor-version":[{"id":4317,"href":"https:\/\/domaineduchatelard.com\/en\/wp-json\/wp\/v2\/pages\/2535\/revisions\/4317"}],"wp:attachment":[{"href":"https:\/\/domaineduchatelard.com\/en\/wp-json\/wp\/v2\/media?parent=2535"}],"curies":[{"name":"wp","href":"https:\/\/api.w.org\/{rel}","templated":true}]}}